{"id":370,"date":"2010-06-28T22:46:09","date_gmt":"2010-06-28T22:46:09","guid":{"rendered":"https:\/\/blogs.ua.es\/erasmoderotterdam\/?page_id=370"},"modified":"2013-01-30T16:29:51","modified_gmt":"2013-01-30T16:29:51","slug":"recursos","status":"publish","type":"page","link":"https:\/\/blogs.ua.es\/erasmoderotterdam\/recursos\/","title":{"rendered":"Recursos"},"content":{"rendered":"<p style=\"text-align: justify\"><strong>Las ediciones de El Elogio de la locura utilizadas han sido:<\/strong><\/p>\n<p style=\"text-align: justify\"><strong>-DE ROTTERDAM, Erasmo, <em>Elogio de la locura o encomio de la estulticia<\/em>, edici\u00f3n y traducci\u00f3n a cargo de Pedro Voltes, introducci\u00f3n de Juan Antonio Marina, Madrid, Espasa Calpe, colecci\u00f3n Austral, 2008, 16\u00aa ed.<\/strong><\/p>\n<p style=\"text-align: justify\"><strong>-DE ROTTERDAM, Erasmo, <em>Elogio de la locura<\/em>, edici\u00f3n a cargo de Teresa Suero Roca, Barcelona, Bruguera, 1974.<\/strong><\/p>\n","protected":false},"excerpt":{"rendered":"<p>Las ediciones de El Elogio de la locura utilizadas han sido: -DE ROTTERDAM, Erasmo, Elogio de la locura o encomio de la estulticia, edici\u00f3n y traducci\u00f3n a cargo de Pedro Voltes, introducci\u00f3n de Juan Antonio Marina, Madrid, Espasa Calpe, colecci\u00f3n Austral, 2008, 16\u00aa ed. -DE ROTTERDAM, Erasmo, Elogio de la locura, edici\u00f3n a cargo de [&hellip;]<\/p>\n","protected":false},"author":1672,"featured_media":0,"parent":0,"menu_order":0,"comment_status":"open","ping_status":"open","template":"","meta":{"footnotes":""},"class_list":["post-370","page","type-page","status-publish","hentry"],"_links":{"self":[{"href":"https:\/\/blogs.ua.es\/erasmoderotterdam\/wp-json\/wp\/v2\/pages\/370","targetHints":{"allow":["GET"]}}],"collection":[{"href":"https:\/\/blogs.ua.es\/erasmoderotterdam\/wp-json\/wp\/v2\/pages"}],"about":[{"href":"https:\/\/blogs.ua.es\/erasmoderotterdam\/wp-json\/wp\/v2\/types\/page"}],"author":[{"embeddable":true,"href":"https:\/\/blogs.ua.es\/erasmoderotterdam\/wp-json\/wp\/v2\/users\/1672"}],"replies":[{"embeddable":true,"href":"https:\/\/blogs.ua.es\/erasmoderotterdam\/wp-json\/wp\/v2\/comments?post=370"}],"version-history":[{"count":3,"href":"https:\/\/blogs.ua.es\/erasmoderotterdam\/wp-json\/wp\/v2\/pages\/370\/revisions"}],"predecessor-version":[{"id":409,"href":"https:\/\/blogs.ua.es\/erasmoderotterdam\/wp-json\/wp\/v2\/pages\/370\/revisions\/409"}],"wp:attachment":[{"href":"https:\/\/blogs.ua.es\/erasmoderotterdam\/wp-json\/wp\/v2\/media?parent=370"}],"curies":[{"name":"wp","href":"https:\/\/api.w.org\/{rel}","templated":true}]}}