{"id":104,"date":"2011-08-31T11:23:59","date_gmt":"2011-08-31T11:23:59","guid":{"rendered":"https:\/\/blogs.ua.es\/erasmorotterdam\/?page_id=104"},"modified":"2011-09-01T15:03:50","modified_gmt":"2011-09-01T15:03:50","slug":"videos-3","status":"publish","type":"page","link":"https:\/\/blogs.ua.es\/erasmorotterdam\/videos-3\/","title":{"rendered":"V\u00eddeos"},"content":{"rendered":"<h1 style=\"text-align: center\"><code><strong><span style=\"color: #0000ff;text-decoration: underline\">1. Documental sobre Erasmo de Rotterdam<\/span><\/strong> <\/code><\/h1>\n<p style=\"text-align: center\"><code>Breve documental creado por CEDECOM (<a href=\"http:\/\/www.cedecom.es\">www.cedecom.es<\/a>) para Canal Sur. Duraci\u00f3n 8'52\". Calidad de imagen, sonido e informaci\u00f3n.<\/code><\/p>\n<p style=\"text-align: center\"><code>[kml_flashembed movie=\"http:\/\/www.youtube.com\/v\/fATQOl3fQSI\" width=\"425\" height=\"350\" wmode=\"transparent\" \/]<\/code><\/p>\n<p style=\"text-align: center\"><code>[Extra\u00eddo de Youtube]<\/code><\/p>\n<h1 style=\"text-align: center\"><strong><code><span style=\"color: #0000ff;text-decoration: underline\">2. Otros v\u00eddeos colgados en la red que hacen referencia a Erasmo.<\/span> <\/code><\/strong><\/h1>\n<p style=\"text-align: center\"><code>(No presentan una informaci\u00f3n de calidad ni relevante, simplemente hacen referencia) Hay muy pocos v\u00eddeos en internet que hagan alusi\u00f3n\u00a0a este personaje. El \u00fanico relevante es el primero que se ha publicado en esta p\u00e1gina.<\/code><\/p>\n<p style=\"text-align: center\"><code><code>[kml_flashembed movie=\"http:\/\/www.youtube.com\/v\/z6TlkbEnEis\" width=\"425\" height=\"350\" wmode=\"transparent\" \/]<\/code><\/code><\/p>\n<p style=\"text-align: center\"><code><code><code>[kml_flashembed movie=\"http:\/\/www.youtube.com\/v\/MYvrG02SAgY\" width=\"425\" height=\"350\" wmode=\"transparent\" \/]<\/code><\/code><\/code><\/p>\n<h1 style=\"text-align: center\"><strong><span style=\"color: #0000ff;text-decoration: underline\"><code><code><code>3. Curiosidad<\/code><\/code><\/code><\/span><\/strong><span style=\"color: #0000ff\"><code><code><code><span style=\"color: #000000\"> <\/span><\/code><\/code><\/code><\/span><\/h1>\n<p style=\"text-align: center\"><span style=\"color: #0000ff\"><code><code><code><span style=\"color: #000000\">En la red podemos encontrar algunas curiosidades, por ejemplo como se ha utilizado el nombre de Erasmo y de una obra suya como ideas publicitarias.<\/span><\/code><\/code><\/code><\/span><\/p>\n<p style=\"text-align: center\"><span style=\"color: #0000ff\"><code><code><code><span style=\"color: #000000\"><code>[kml_flashembed movie=\"http:\/\/www.youtube.com\/v\/jG5ctAW5syc\" width=\"425\" height=\"350\" wmode=\"transparent\" \/]<\/code><\/span><\/code><\/code><\/code><\/span><\/p>\n","protected":false},"excerpt":{"rendered":"<p>1. Documental sobre Erasmo de Rotterdam Breve documental creado por CEDECOM (www.cedecom.es) para Canal Sur. Duraci\u00f3n 8&#8217;52&#8221;. Calidad de imagen, sonido e informaci\u00f3n. [kml_flashembed movie=&#8221;http:\/\/www.youtube.com\/v\/fATQOl3fQSI&#8221; width=&#8221;425&#8243; height=&#8221;350&#8243; wmode=&#8221;transparent&#8221; \/] [Extra\u00eddo de Youtube] 2. Otros v\u00eddeos colgados en la red que hacen referencia a Erasmo. (No presentan una informaci\u00f3n de calidad ni relevante, simplemente hacen referencia) [&hellip;]<\/p>\n","protected":false},"author":2032,"featured_media":0,"parent":0,"menu_order":5,"comment_status":"open","ping_status":"open","template":"","meta":{"footnotes":""},"class_list":["post-104","page","type-page","status-publish","hentry"],"_links":{"self":[{"href":"https:\/\/blogs.ua.es\/erasmorotterdam\/wp-json\/wp\/v2\/pages\/104","targetHints":{"allow":["GET"]}}],"collection":[{"href":"https:\/\/blogs.ua.es\/erasmorotterdam\/wp-json\/wp\/v2\/pages"}],"about":[{"href":"https:\/\/blogs.ua.es\/erasmorotterdam\/wp-json\/wp\/v2\/types\/page"}],"author":[{"embeddable":true,"href":"https:\/\/blogs.ua.es\/erasmorotterdam\/wp-json\/wp\/v2\/users\/2032"}],"replies":[{"embeddable":true,"href":"https:\/\/blogs.ua.es\/erasmorotterdam\/wp-json\/wp\/v2\/comments?post=104"}],"version-history":[{"count":10,"href":"https:\/\/blogs.ua.es\/erasmorotterdam\/wp-json\/wp\/v2\/pages\/104\/revisions"}],"predecessor-version":[{"id":106,"href":"https:\/\/blogs.ua.es\/erasmorotterdam\/wp-json\/wp\/v2\/pages\/104\/revisions\/106"}],"wp:attachment":[{"href":"https:\/\/blogs.ua.es\/erasmorotterdam\/wp-json\/wp\/v2\/media?parent=104"}],"curies":[{"name":"wp","href":"https:\/\/api.w.org\/{rel}","templated":true}]}}