{"id":112,"date":"2011-08-31T12:46:39","date_gmt":"2011-08-31T12:46:39","guid":{"rendered":"https:\/\/blogs.ua.es\/erasmorotterdam\/?page_id=112"},"modified":"2011-09-01T15:01:01","modified_gmt":"2011-09-01T15:01:01","slug":"galeria-imagenes","status":"publish","type":"page","link":"https:\/\/blogs.ua.es\/erasmorotterdam\/galeria-imagenes\/","title":{"rendered":"Galer\u00eda Im\u00e1genes"},"content":{"rendered":"<p style=\"text-align: center\"><strong><span style=\"color: #003366\"><a href=\"https:\/\/blogs.ua.es\/erasmorotterdam\/files\/2011\/08\/800PX-1.jpg\"><\/a>En esta p\u00e1gina podemos encontrar un gran n\u00famero de im\u00e1genes relacionadas con Erasmo de Rotterdam recogidas por diferentes sitios de la red. Se ha intentando recopilar gran parte de ellas. <\/span><\/strong><\/p>\n<p style=\"text-align: center\"><strong><span style=\"color: #003366\"><a href=\"https:\/\/blogs.ua.es\/erasmorotterdam\/files\/2011\/08\/423px-Holbein-erasmus2.jpg\"><img loading=\"lazy\" decoding=\"async\" class=\"aligncenter size-full wp-image-113\" src=\"https:\/\/blogs.ua.es\/erasmorotterdam\/files\/2011\/08\/423px-Holbein-erasmus2.jpg\" alt=\"\" width=\"423\" height=\"599\" srcset=\"https:\/\/blogs.ua.es\/erasmorotterdam\/files\/2011\/08\/423px-Holbein-erasmus2.jpg 423w, https:\/\/blogs.ua.es\/erasmorotterdam\/files\/2011\/08\/423px-Holbein-erasmus2-211x300.jpg 211w\" sizes=\"auto, (max-width: 423px) 100vw, 423px\" \/><\/a><\/span><\/strong><\/p>\n<p style=\"text-align: center\">(Erasmo de Rotterdam, <span style=\"color: #000000\">retratado por <\/span><a title=\"Hans Holbein el Joven\" href=\"http:\/\/es.wikipedia.org\/wiki\/Hans_Holbein_el_Joven\"><span style=\"color: #000000\">Hans Holbein el Joven<\/span><\/a><span style=\"color: #000000\">)<\/span><\/p>\n<p style=\"text-align: center\"><a href=\"https:\/\/blogs.ua.es\/erasmorotterdam\/files\/2011\/08\/800PX-11.jpg\"><img loading=\"lazy\" decoding=\"async\" class=\"aligncenter size-full wp-image-115\" src=\"https:\/\/blogs.ua.es\/erasmorotterdam\/files\/2011\/08\/800PX-11.jpg\" alt=\"\" width=\"480\" height=\"360\" srcset=\"https:\/\/blogs.ua.es\/erasmorotterdam\/files\/2011\/08\/800PX-11.jpg 800w, https:\/\/blogs.ua.es\/erasmorotterdam\/files\/2011\/08\/800PX-11-300x225.jpg 300w\" sizes=\"auto, (max-width: 480px) 100vw, 480px\" \/><\/a><\/p>\n<p style=\"text-align: center\">(Texto de Erasmo tachado por la Inquisici\u00f3n)<\/p>\n<p style=\"text-align: center\"><a href=\"https:\/\/blogs.ua.es\/erasmorotterdam\/files\/2011\/08\/393px-HolbeinErasmusFollymarginalia1.jpg\"><img loading=\"lazy\" decoding=\"async\" class=\"aligncenter size-full wp-image-121\" src=\"https:\/\/blogs.ua.es\/erasmorotterdam\/files\/2011\/08\/393px-HolbeinErasmusFollymarginalia1.jpg\" alt=\"\" width=\"393\" height=\"600\" srcset=\"https:\/\/blogs.ua.es\/erasmorotterdam\/files\/2011\/08\/393px-HolbeinErasmusFollymarginalia1.jpg 393w, https:\/\/blogs.ua.es\/erasmorotterdam\/files\/2011\/08\/393px-HolbeinErasmusFollymarginalia1-196x300.jpg 196w\" sizes=\"auto, (max-width: 393px) 100vw, 393px\" \/><\/a><\/p>\n<p style=\"text-align: center\"><span style=\"color: #000000\">Dibujo a la pluma de <\/span><a title=\"Hans Holbein el Joven\" href=\"http:\/\/es.wikipedia.org\/wiki\/Hans_Holbein_el_Joven\"><span style=\"color: #000000\">Hans Holbein el Joven<\/span><\/a><span style=\"color: #000000\"> en el margen del ejemplar de Oswald Myconius de la edici\u00f3n de <\/span>1515 <span style=\"color: #000000\">del <em>Elogio de la locura<\/em> de Erasmo<\/span>.<\/p>\n<p style=\"text-align: center\"><a href=\"https:\/\/blogs.ua.es\/erasmorotterdam\/files\/2011\/08\/460px-Quentin_Massys-_Erasmus_of_Rotterdam.jpg\"><img loading=\"lazy\" decoding=\"async\" class=\"aligncenter size-full wp-image-123\" src=\"https:\/\/blogs.ua.es\/erasmorotterdam\/files\/2011\/08\/460px-Quentin_Massys-_Erasmus_of_Rotterdam.jpg\" alt=\"\" width=\"460\" height=\"599\" srcset=\"https:\/\/blogs.ua.es\/erasmorotterdam\/files\/2011\/08\/460px-Quentin_Massys-_Erasmus_of_Rotterdam.jpg 460w, https:\/\/blogs.ua.es\/erasmorotterdam\/files\/2011\/08\/460px-Quentin_Massys-_Erasmus_of_Rotterdam-230x300.jpg 230w\" sizes=\"auto, (max-width: 460px) 100vw, 460px\" \/><\/a><\/p>\n<p style=\"text-align: center\">(Erasmo, en un retrato de Quentin Metsys &#8211;<a title=\"Palacio Barberini\" href=\"http:\/\/es.wikipedia.org\/wiki\/Palacio_Barberini\"><span style=\"color: #000000\">Palacio Barberini<\/span><\/a><span style=\"color: #000000\">, Roma-)<\/span><\/p>\n<p style=\"text-align: center\"><span style=\"color: #000000\"> <a href=\"https:\/\/blogs.ua.es\/erasmorotterdam\/files\/2011\/08\/628px-Erasmus_censored.png\"><img loading=\"lazy\" decoding=\"async\" class=\"aligncenter size-full wp-image-125\" src=\"https:\/\/blogs.ua.es\/erasmorotterdam\/files\/2011\/08\/628px-Erasmus_censored.png\" alt=\"\" width=\"628\" height=\"599\" srcset=\"https:\/\/blogs.ua.es\/erasmorotterdam\/files\/2011\/08\/628px-Erasmus_censored.png 628w, https:\/\/blogs.ua.es\/erasmorotterdam\/files\/2011\/08\/628px-Erasmus_censored-300x286.png 300w\" sizes=\"auto, (max-width: 628px) 100vw, 628px\" \/><\/a><\/span><\/p>\n<p style=\"text-align: center\">(Erasmo censurado por la Congregaci\u00f3n del \u00cdndice)<\/p>\n<p style=\"text-align: center\"><a href=\"https:\/\/blogs.ua.es\/erasmorotterdam\/files\/2011\/08\/447px-Das-der-freie-Wille-15262.jpg\"><img loading=\"lazy\" decoding=\"async\" class=\"aligncenter size-full wp-image-134\" src=\"https:\/\/blogs.ua.es\/erasmorotterdam\/files\/2011\/08\/447px-Das-der-freie-Wille-15262.jpg\" alt=\"\" width=\"447\" height=\"600\" srcset=\"https:\/\/blogs.ua.es\/erasmorotterdam\/files\/2011\/08\/447px-Das-der-freie-Wille-15262.jpg 447w, https:\/\/blogs.ua.es\/erasmorotterdam\/files\/2011\/08\/447px-Das-der-freie-Wille-15262-223x300.jpg 223w\" sizes=\"auto, (max-width: 447px) 100vw, 447px\" \/><\/a><\/p>\n<p style=\"text-align: center\"><a href=\"https:\/\/blogs.ua.es\/erasmorotterdam\/files\/2011\/08\/447px-Das-der-freie-Wille-1526.jpg\"><\/a><\/p>\n<p style=\"text-align: center\">(&#8220;Sobre el libre albedr\u00edo&#8221;, furibunda contestaci\u00f3n de Lutero a los ataques de Erasmo -1526-)<\/p>\n<p style=\"text-align: center\"><a href=\"https:\/\/blogs.ua.es\/erasmorotterdam\/files\/2011\/08\/Geocentrism.gif\"><img loading=\"lazy\" decoding=\"async\" class=\"aligncenter size-full wp-image-128\" src=\"https:\/\/blogs.ua.es\/erasmorotterdam\/files\/2011\/08\/Geocentrism.gif\" alt=\"\" width=\"250\" height=\"373\" srcset=\"https:\/\/blogs.ua.es\/erasmorotterdam\/files\/2011\/08\/Geocentrism.gif 250w, https:\/\/blogs.ua.es\/erasmorotterdam\/files\/2011\/08\/Geocentrism-201x300.gif 201w\" sizes=\"auto, (max-width: 250px) 100vw, 250px\" \/><\/a><\/p>\n<p style=\"text-align: center\">(Ilustraci\u00f3n de la Biblia de Lutero, que incluye la traducci\u00f3n del Nuevo Testamento de Erasmo, donde se muestra el sistema ptolemaico)<\/p>\n<p style=\"text-align: center\"><a href=\"https:\/\/blogs.ua.es\/erasmorotterdam\/files\/2011\/08\/442px-Erasmus_hieronymus.jpg\"><img loading=\"lazy\" decoding=\"async\" class=\"aligncenter size-full wp-image-131\" src=\"https:\/\/blogs.ua.es\/erasmorotterdam\/files\/2011\/08\/442px-Erasmus_hieronymus.jpg\" alt=\"\" width=\"442\" height=\"599\" srcset=\"https:\/\/blogs.ua.es\/erasmorotterdam\/files\/2011\/08\/442px-Erasmus_hieronymus.jpg 442w, https:\/\/blogs.ua.es\/erasmorotterdam\/files\/2011\/08\/442px-Erasmus_hieronymus-221x300.jpg 221w\" sizes=\"auto, (max-width: 442px) 100vw, 442px\" \/><\/a><a href=\"https:\/\/blogs.ua.es\/erasmorotterdam\/files\/2011\/08\/447px-Das-der-freie-Wille-15261.jpg\"><\/a><\/p>\n<p>(Portada de los &#8220;Escritos&#8221; de San Jer\u00f3nimo, edici\u00f3n preparada por Erasmo en 1516)<\/p>\n<p><a href=\"https:\/\/blogs.ua.es\/erasmorotterdam\/files\/2011\/08\/450px-Erasmus_at_EUR.jpg\"><img loading=\"lazy\" decoding=\"async\" class=\"aligncenter size-full wp-image-133\" src=\"https:\/\/blogs.ua.es\/erasmorotterdam\/files\/2011\/08\/450px-Erasmus_at_EUR.jpg\" alt=\"\" width=\"450\" height=\"600\" srcset=\"https:\/\/blogs.ua.es\/erasmorotterdam\/files\/2011\/08\/450px-Erasmus_at_EUR.jpg 450w, https:\/\/blogs.ua.es\/erasmorotterdam\/files\/2011\/08\/450px-Erasmus_at_EUR-225x300.jpg 225w\" sizes=\"auto, (max-width: 450px) 100vw, 450px\" \/><\/a><\/p>\n<p style=\"text-align: center\">(Monumento a Erasmo en Rotterdam)<\/p>\n<p style=\"text-align: center\"><a href=\"https:\/\/blogs.ua.es\/erasmorotterdam\/files\/2011\/08\/HolbeinErasmusHands.jpg\"><img loading=\"lazy\" decoding=\"async\" class=\"aligncenter size-full wp-image-135\" src=\"https:\/\/blogs.ua.es\/erasmorotterdam\/files\/2011\/08\/HolbeinErasmusHands.jpg\" alt=\"\" width=\"600\" height=\"790\" srcset=\"https:\/\/blogs.ua.es\/erasmorotterdam\/files\/2011\/08\/HolbeinErasmusHands.jpg 750w, https:\/\/blogs.ua.es\/erasmorotterdam\/files\/2011\/08\/HolbeinErasmusHands-227x300.jpg 227w\" sizes=\"auto, (max-width: 600px) 100vw, 600px\" \/><\/a><\/p>\n<p style=\"text-align: center\">(Bocetos en tiza de las manos de Erasmo, por Holbein el Joven. Obs\u00e9rvese la artritis en las articulaciones)<\/p>\n<p style=\"text-align: center\"><a href=\"https:\/\/blogs.ua.es\/erasmorotterdam\/files\/2011\/08\/643px-Erasmus-schedel.jpg\"><img loading=\"lazy\" decoding=\"async\" class=\"aligncenter size-full wp-image-137\" src=\"https:\/\/blogs.ua.es\/erasmorotterdam\/files\/2011\/08\/643px-Erasmus-schedel.jpg\" alt=\"\" width=\"386\" height=\"360\" srcset=\"https:\/\/blogs.ua.es\/erasmorotterdam\/files\/2011\/08\/643px-Erasmus-schedel.jpg 643w, https:\/\/blogs.ua.es\/erasmorotterdam\/files\/2011\/08\/643px-Erasmus-schedel-300x279.jpg 300w\" sizes=\"auto, (max-width: 386px) 100vw, 386px\" \/><\/a><\/p>\n<p style=\"text-align: center\">(Cr\u00e1neo que se presume es el de Erasmo, exhibido en la Biblioteca Municipal de R\u00f3terdam donde se atesoran sus obras)<\/p>\n<p style=\"text-align: center\">\ufeff<a href=\"https:\/\/blogs.ua.es\/erasmorotterdam\/files\/2011\/08\/eth.jpg\"><img loading=\"lazy\" decoding=\"async\" class=\"aligncenter size-full wp-image-141\" src=\"https:\/\/blogs.ua.es\/erasmorotterdam\/files\/2011\/08\/eth.jpg\" alt=\"\" width=\"300\" height=\"386\" srcset=\"https:\/\/blogs.ua.es\/erasmorotterdam\/files\/2011\/08\/eth.jpg 300w, https:\/\/blogs.ua.es\/erasmorotterdam\/files\/2011\/08\/eth-233x300.jpg 233w\" sizes=\"auto, (max-width: 300px) 100vw, 300px\" \/><\/a><\/p>\n<p style=\"text-align: center\"><a href=\"https:\/\/blogs.ua.es\/erasmorotterdam\/files\/2011\/08\/erasmo_de_rotterdam.jpg\"><img loading=\"lazy\" decoding=\"async\" class=\"aligncenter size-full wp-image-145\" src=\"https:\/\/blogs.ua.es\/erasmorotterdam\/files\/2011\/08\/erasmo_de_rotterdam.jpg\" alt=\"\" width=\"689\" height=\"969\" srcset=\"https:\/\/blogs.ua.es\/erasmorotterdam\/files\/2011\/08\/erasmo_de_rotterdam.jpg 689w, https:\/\/blogs.ua.es\/erasmorotterdam\/files\/2011\/08\/erasmo_de_rotterdam-213x300.jpg 213w\" sizes=\"auto, (max-width: 689px) 100vw, 689px\" \/><\/a><\/p>\n<p style=\"text-align: center\"><span style=\"color: #800000\">[Im\u00e1genes extra\u00eddas de Wikipedia y el blog: \ufeff\ufeffpvillanueva.blogspot.com]<\/span><\/p>\n<p style=\"text-align: center\">&nbsp;<\/p>\n","protected":false},"excerpt":{"rendered":"<p>En esta p\u00e1gina podemos encontrar un gran n\u00famero de im\u00e1genes relacionadas con Erasmo de Rotterdam recogidas por diferentes sitios de la red. Se ha intentando recopilar gran parte de ellas. (Erasmo de Rotterdam, retratado por Hans Holbein el Joven) (Texto de Erasmo tachado por la Inquisici\u00f3n) Dibujo a la pluma de Hans Holbein el Joven [&hellip;]<\/p>\n","protected":false},"author":2032,"featured_media":0,"parent":0,"menu_order":4,"comment_status":"open","ping_status":"open","template":"","meta":{"footnotes":""},"class_list":["post-112","page","type-page","status-publish","hentry"],"_links":{"self":[{"href":"https:\/\/blogs.ua.es\/erasmorotterdam\/wp-json\/wp\/v2\/pages\/112","targetHints":{"allow":["GET"]}}],"collection":[{"href":"https:\/\/blogs.ua.es\/erasmorotterdam\/wp-json\/wp\/v2\/pages"}],"about":[{"href":"https:\/\/blogs.ua.es\/erasmorotterdam\/wp-json\/wp\/v2\/types\/page"}],"author":[{"embeddable":true,"href":"https:\/\/blogs.ua.es\/erasmorotterdam\/wp-json\/wp\/v2\/users\/2032"}],"replies":[{"embeddable":true,"href":"https:\/\/blogs.ua.es\/erasmorotterdam\/wp-json\/wp\/v2\/comments?post=112"}],"version-history":[{"count":15,"href":"https:\/\/blogs.ua.es\/erasmorotterdam\/wp-json\/wp\/v2\/pages\/112\/revisions"}],"predecessor-version":[{"id":117,"href":"https:\/\/blogs.ua.es\/erasmorotterdam\/wp-json\/wp\/v2\/pages\/112\/revisions\/117"}],"wp:attachment":[{"href":"https:\/\/blogs.ua.es\/erasmorotterdam\/wp-json\/wp\/v2\/media?parent=112"}],"curies":[{"name":"wp","href":"https:\/\/api.w.org\/{rel}","templated":true}]}}