{"id":149,"date":"2011-08-31T14:29:23","date_gmt":"2011-08-31T14:29:23","guid":{"rendered":"https:\/\/blogs.ua.es\/erasmorotterdam\/?page_id=149"},"modified":"2011-09-01T15:05:23","modified_gmt":"2011-09-01T15:05:23","slug":"bibliografia","status":"publish","type":"page","link":"https:\/\/blogs.ua.es\/erasmorotterdam\/bibliografia\/","title":{"rendered":"Bibliograf\u00eda"},"content":{"rendered":"<p style=\"text-align: center\"><strong><span style=\"color: #993366;text-decoration: underline\">En esta p\u00e1gina se citan algunas obras interesantes publicadas sobre Erasmo de Rotterdam,\u00a0con las que\u00a0conocer mejor\u00a0la obra y el\u00a0pensamiento de este autor.<\/span><\/strong><\/p>\n<p style=\"text-align: center\"><strong><span style=\"color: #993366;text-decoration: underline\">Obras de Erasmo <\/span><\/strong><\/p>\n<ul>\n<li><em>&#8220;Adagios del poder y de la guerra. Teor\u00eda del adagio&#8221;,<\/em> Alianza Editorial, Madrid, 2008.<\/li>\n<li><em> &#8220;Coloquios&#8221;<\/em><\/li>\n<li><em>&#8220;Disquisici\u00f3n acerca del libre albedr\u00edo&#8221;<\/em><\/li>\n<li><em>&#8220;Educaci\u00f3n del pr\u00edncipe cristiano&#8221;. <\/em>Ed. Tecnos, Madrid, 2007<\/li>\n<li><em>&#8220;Elogio de la locura&#8221;. <\/em>Alianza Editorial, Madrid, 2011.<\/li>\n<li><em>&#8220;La ense\u00f1anza firme pero amable de los ni\u00f1os&#8221;<\/em><\/li>\n<li><em>&#8220;Manual del caballero cristiano&#8221;<\/em><\/li>\n<li><em>&#8220;Preparaci\u00f3n para la muerte&#8221;<\/em><\/li>\n<li><em>&#8220;Sobre el m\u00e9todo del estudio&#8221;<\/em><\/li>\n<li><em>&#8220;Util\u00edsima consulta sobre si se ha de hacer la guerra a los turcos&#8221;<\/em><\/li>\n<p style=\"text-align: center\"><strong>\ufeff<\/strong><\/p>\n<\/ul>\n<p style=\"text-align: center\"><span style=\"color: #993366;text-decoration: underline\"><strong>Obras sobre Erasmo<\/strong><\/span><\/p>\n<ul>\n<li>\n<p style=\"text-align: center\"><span style=\"color: #000000\">HUIZINGA, Johan. <em>&#8220;Erasmo&#8221;, <\/em>2 vols., Salvat, Barcelona, 1987.<\/span><\/p>\n<\/li>\n<li>\n<p style=\"text-align: center\">BAYOD, J.\u00a0y PAREDELLA, J. &#8220;<em>Erasmo de Rotterdam&#8221;<\/em>. Ed. <em>Obra completa,<\/em> Biblioteca de Grandes Pensadores, Madrid, Editorial Gredos\ufeff, 2011<\/p>\n<\/li>\n<li>\n<p style=\"text-align: center\">NISARD, Desire. <em>&#8220;Erasmo,\u00a0Tom\u00e1s Moro, Melanchthon: Estudios del renacimiento y la reforma&#8221;, <\/em>Ed. Trifaldi, 2011.<\/p>\n<\/li>\n<li>\n<p style=\"text-align: center\">RICO, Francisco. &#8220;<em>El Sue\u00f1o del Humanismo: de Petrarca A Erasmo&#8221;, <\/em> Alianza Editorial, Col. Alianza Universidad, Madrid, 1994.<\/p>\n<\/li>\n<li>\n<p style=\"text-align: center\">ZWEIG, Stefan. <em>&#8220;Erasmo de R\u00f3terdam: Triunfo y Tragedia de un Humanista&#8221;,<\/em> Ediciones Paid\u00f3s Ib\u00e9rica, Barcelona, 2005.<\/p>\n<\/li>\n<\/ul>\n<p style=\"text-align: center\"><a href=\"http:\/\/es.wikipedia.org\/wiki\/Especial:FuentesDeLibros\/9788435091398\"><\/a> <span style=\"color: #333399\"><em><strong><span style=\"text-decoration: underline\">[Se ha citado la editorial en las obras\u00a0que se pueden conseguir actualemente en librer\u00edas.\u00a0\u00a0\u00a0 Las que no presentan edici\u00f3n, hay que buscarlas online. A continuaci\u00f3n se adjunta un enlace de una de las librerias online donde pueden conseguirse sus obras: <\/span><\/strong><\/em><\/span><a href=\"http:\/\/www.casadellibro.com\/busquedas\/quickResults?tbusq=c&amp;buscar=erasmo&amp;in=0&amp;lang=es_ES\"><em>http:\/\/www.casadellibro.com\/busquedas\/quickResults?tbusq=c&amp;buscar=erasmo&amp;in=0&amp;lang=es_ES<\/em><\/a><em><span style=\"color: #000000\"><span style=\"text-decoration: underline\">]<\/span><\/span><\/em><\/p>\n<p><span style=\"color: #993366;text-decoration: underline\"> <\/span><\/p>\n","protected":false},"excerpt":{"rendered":"<p>En esta p\u00e1gina se citan algunas obras interesantes publicadas sobre Erasmo de Rotterdam,\u00a0con las que\u00a0conocer mejor\u00a0la obra y el\u00a0pensamiento de este autor. Obras de Erasmo &#8220;Adagios del poder y de la guerra. Teor\u00eda del adagio&#8221;, Alianza Editorial, Madrid, 2008. &#8220;Coloquios&#8221; &#8220;Disquisici\u00f3n acerca del libre albedr\u00edo&#8221; &#8220;Educaci\u00f3n del pr\u00edncipe cristiano&#8221;. Ed. Tecnos, Madrid, 2007 &#8220;Elogio de [&hellip;]<\/p>\n","protected":false},"author":2032,"featured_media":0,"parent":0,"menu_order":6,"comment_status":"open","ping_status":"open","template":"","meta":{"footnotes":""},"class_list":["post-149","page","type-page","status-publish","hentry"],"_links":{"self":[{"href":"https:\/\/blogs.ua.es\/erasmorotterdam\/wp-json\/wp\/v2\/pages\/149","targetHints":{"allow":["GET"]}}],"collection":[{"href":"https:\/\/blogs.ua.es\/erasmorotterdam\/wp-json\/wp\/v2\/pages"}],"about":[{"href":"https:\/\/blogs.ua.es\/erasmorotterdam\/wp-json\/wp\/v2\/types\/page"}],"author":[{"embeddable":true,"href":"https:\/\/blogs.ua.es\/erasmorotterdam\/wp-json\/wp\/v2\/users\/2032"}],"replies":[{"embeddable":true,"href":"https:\/\/blogs.ua.es\/erasmorotterdam\/wp-json\/wp\/v2\/comments?post=149"}],"version-history":[{"count":6,"href":"https:\/\/blogs.ua.es\/erasmorotterdam\/wp-json\/wp\/v2\/pages\/149\/revisions"}],"predecessor-version":[{"id":151,"href":"https:\/\/blogs.ua.es\/erasmorotterdam\/wp-json\/wp\/v2\/pages\/149\/revisions\/151"}],"wp:attachment":[{"href":"https:\/\/blogs.ua.es\/erasmorotterdam\/wp-json\/wp\/v2\/media?parent=149"}],"curies":[{"name":"wp","href":"https:\/\/api.w.org\/{rel}","templated":true}]}}