{"id":90,"date":"2011-04-05T10:09:54","date_gmt":"2011-04-05T10:09:54","guid":{"rendered":"https:\/\/blogs.ua.es\/erasmorotterdam\/?page_id=90"},"modified":"2011-09-01T14:59:52","modified_gmt":"2011-09-01T14:59:52","slug":"presentacion-del-blog-erasmo-de-rotterdam","status":"publish","type":"page","link":"https:\/\/blogs.ua.es\/erasmorotterdam\/presentacion-del-blog-erasmo-de-rotterdam\/","title":{"rendered":"Presentaci\u00f3n"},"content":{"rendered":"<p><a href=\"https:\/\/blogs.ua.es\/erasmorotterdam\/files\/2011\/08\/423px-Holbein-erasmus1.jpg\"><img loading=\"lazy\" decoding=\"async\" class=\"aligncenter size-full wp-image-91\" src=\"https:\/\/blogs.ua.es\/erasmorotterdam\/files\/2011\/08\/423px-Holbein-erasmus1.jpg\" alt=\"\" width=\"423\" height=\"599\" srcset=\"https:\/\/blogs.ua.es\/erasmorotterdam\/files\/2011\/08\/423px-Holbein-erasmus1.jpg 423w, https:\/\/blogs.ua.es\/erasmorotterdam\/files\/2011\/08\/423px-Holbein-erasmus1-211x300.jpg 211w\" sizes=\"auto, (max-width: 423px) 100vw, 423px\" \/><\/a><\/p>\n<p style=\"text-align: center\">El presente blog pretende presentar algunos datos sobre la vida y obra de <strong>Erasmo de Rotterdam<\/strong>, as\u00ed como algunas curiosidades, im\u00e1genes, v\u00eddeos, recursos en internet y obras que se han escrito sobre \u00e9l, con el fin de conocer un poco m\u00e1s a este personaje tan importante e influyente en la historia y la cultura de Europa.<\/p>\n<p style=\"text-align: center\">Espero que os guste o sirva de ayuda.<\/p>\n<p style=\"text-align: center\">\u00a1Un saludo!<\/p>\n","protected":false},"excerpt":{"rendered":"<p>El presente blog pretende presentar algunos datos sobre la vida y obra de Erasmo de Rotterdam, as\u00ed como algunas curiosidades, im\u00e1genes, v\u00eddeos, recursos en internet y obras que se han escrito sobre \u00e9l, con el fin de conocer un poco m\u00e1s a este personaje tan importante e influyente en la historia y la cultura de [&hellip;]<\/p>\n","protected":false},"author":2032,"featured_media":0,"parent":0,"menu_order":1,"comment_status":"open","ping_status":"open","template":"","meta":{"footnotes":""},"class_list":["post-90","page","type-page","status-publish","hentry"],"_links":{"self":[{"href":"https:\/\/blogs.ua.es\/erasmorotterdam\/wp-json\/wp\/v2\/pages\/90","targetHints":{"allow":["GET"]}}],"collection":[{"href":"https:\/\/blogs.ua.es\/erasmorotterdam\/wp-json\/wp\/v2\/pages"}],"about":[{"href":"https:\/\/blogs.ua.es\/erasmorotterdam\/wp-json\/wp\/v2\/types\/page"}],"author":[{"embeddable":true,"href":"https:\/\/blogs.ua.es\/erasmorotterdam\/wp-json\/wp\/v2\/users\/2032"}],"replies":[{"embeddable":true,"href":"https:\/\/blogs.ua.es\/erasmorotterdam\/wp-json\/wp\/v2\/comments?post=90"}],"version-history":[{"count":5,"href":"https:\/\/blogs.ua.es\/erasmorotterdam\/wp-json\/wp\/v2\/pages\/90\/revisions"}],"predecessor-version":[{"id":174,"href":"https:\/\/blogs.ua.es\/erasmorotterdam\/wp-json\/wp\/v2\/pages\/90\/revisions\/174"}],"wp:attachment":[{"href":"https:\/\/blogs.ua.es\/erasmorotterdam\/wp-json\/wp\/v2\/media?parent=90"}],"curies":[{"name":"wp","href":"https:\/\/api.w.org\/{rel}","templated":true}]}}