{"id":29,"date":"2013-01-10T18:14:57","date_gmt":"2013-01-10T18:14:57","guid":{"rendered":"https:\/\/blogs.ua.es\/escolamagisterialacant\/?page_id=29"},"modified":"2013-01-27T18:26:08","modified_gmt":"2013-01-27T18:26:08","slug":"fuentes-utilizadas","status":"publish","type":"page","link":"https:\/\/blogs.ua.es\/escolamagisterialacant\/fuentes-utilizadas\/","title":{"rendered":"Fuentes utilizadas"},"content":{"rendered":"<p style=\"text-align: justify\">Respecto a las fuentes utilizadas, hemos establecido numerosos aspectos a la hora de buscar e interpretar la b\u00fasqueda de informaci\u00f3n para la elaboraci\u00f3n del blog, por tanto, las fuentes que hemos utilizado la podemos vincular o relacionar principalmente con libros de actas de siglos anteriores, d\u00f3nde numerosos hechos hist\u00f3ricos han sido de referencia en la evoluci\u00f3n de a escuela de magisterio de Alicante.<\/p>\n<p style=\"text-align: justify\">Por otro lado, es necesario destacar la biblioteca y archivo de la universidad de Alicante, debido a que hemos encontrado gran informaci\u00f3n sobre este tema, un claro ejemplo de referencia que hemos cuadquirido es El libro de la educaci\u00f3n en Espa\u00f1a hasta la transici\u00f3n(canelobre), tambi\u00e9n hemos establecido fuentes digitales que se encontraban en el archivo de la universidad de Alicante donde se encontraban digitalizadas actas de siglos anteriores, donde han sido de gran ayuda y utilidad para establecer numerosas entradas del blog.<\/p>\n<p>&nbsp;<\/p>\n<p>&nbsp;<\/p>\n<p>&nbsp;<\/p>\n","protected":false},"excerpt":{"rendered":"<p>Respecto a las fuentes utilizadas, hemos establecido numerosos aspectos a la hora de buscar e interpretar la b\u00fasqueda de informaci\u00f3n para la elaboraci\u00f3n del blog, por tanto, las fuentes que hemos utilizado la podemos vincular o relacionar principalmente con libros de actas de siglos anteriores, d\u00f3nde numerosos hechos hist\u00f3ricos han sido de referencia en la [&hellip;]<\/p>\n","protected":false},"author":2963,"featured_media":0,"parent":0,"menu_order":0,"comment_status":"open","ping_status":"open","template":"","meta":{"footnotes":""},"class_list":["post-29","page","type-page","status-publish","hentry"],"_links":{"self":[{"href":"https:\/\/blogs.ua.es\/escolamagisterialacant\/wp-json\/wp\/v2\/pages\/29","targetHints":{"allow":["GET"]}}],"collection":[{"href":"https:\/\/blogs.ua.es\/escolamagisterialacant\/wp-json\/wp\/v2\/pages"}],"about":[{"href":"https:\/\/blogs.ua.es\/escolamagisterialacant\/wp-json\/wp\/v2\/types\/page"}],"author":[{"embeddable":true,"href":"https:\/\/blogs.ua.es\/escolamagisterialacant\/wp-json\/wp\/v2\/users\/2963"}],"replies":[{"embeddable":true,"href":"https:\/\/blogs.ua.es\/escolamagisterialacant\/wp-json\/wp\/v2\/comments?post=29"}],"version-history":[{"count":4,"href":"https:\/\/blogs.ua.es\/escolamagisterialacant\/wp-json\/wp\/v2\/pages\/29\/revisions"}],"predecessor-version":[{"id":218,"href":"https:\/\/blogs.ua.es\/escolamagisterialacant\/wp-json\/wp\/v2\/pages\/29\/revisions\/218"}],"wp:attachment":[{"href":"https:\/\/blogs.ua.es\/escolamagisterialacant\/wp-json\/wp\/v2\/media?parent=29"}],"curies":[{"name":"wp","href":"https:\/\/api.w.org\/{rel}","templated":true}]}}