{"id":52,"date":"2013-01-11T09:15:48","date_gmt":"2013-01-11T09:15:48","guid":{"rendered":"https:\/\/blogs.ua.es\/escolamagisterialacant\/?page_id=52"},"modified":"2013-01-24T17:56:49","modified_gmt":"2013-01-24T17:56:49","slug":"valoracion-personal","status":"publish","type":"page","link":"https:\/\/blogs.ua.es\/escolamagisterialacant\/valoracion-personal\/","title":{"rendered":"Valoraci\u00f3n de las Fuentes utilizadas"},"content":{"rendered":"<p style=\"text-align: justify\">Respecto al tema establecido La Escuela de Magisterio de Alicante hemos adquirido toda la informaci\u00f3n a trav\u00e9s del Archivo de la Biblioteca de la Universidad de Alicante. Donde los temas han sido obtenidos por una serie de registros sobre hechos hist\u00f3ricos del pasado sobre la Escuela de Magisterio de Alicante, donde hemos podido apreciar una serie de actas sobre material archiv\u00edstico de siglos anteriores influenciado por acontecimientos hist\u00f3ricos como el franquismo, II Rep\u00fablica, Guerra Civil, etc.<\/p>\n<p style=\"text-align: justify\">Adem\u00e1s hemos podido utilizar el contenido de cierto material digital donde se establec\u00edan las memorias de uno de los directores m\u00e1s importantes que dirigi\u00f3 la Escuela de Magisterio de Alicante: Juan Macho Moreno. Gracias a la buena organizaci\u00f3n archiv\u00edstica con la que cuenta esta universidad hemos sacado mayoritariamente todos las fuentes y los documentos necesarios para poder elaborar todo tipo de entradas sobre este tipo, as\u00ed como todo tipo de referencia bibliogr\u00e1ficas en funci\u00f3n de la norma ISO.<\/p>\n","protected":false},"excerpt":{"rendered":"<p>Respecto al tema establecido La Escuela de Magisterio de Alicante hemos adquirido toda la informaci\u00f3n a trav\u00e9s del Archivo de la Biblioteca de la Universidad de Alicante. Donde los temas han sido obtenidos por una serie de registros sobre hechos hist\u00f3ricos del pasado sobre la Escuela de Magisterio de Alicante, donde hemos podido apreciar una [&hellip;]<\/p>\n","protected":false},"author":2963,"featured_media":0,"parent":0,"menu_order":0,"comment_status":"open","ping_status":"open","template":"","meta":{"footnotes":""},"class_list":["post-52","page","type-page","status-publish","hentry"],"_links":{"self":[{"href":"https:\/\/blogs.ua.es\/escolamagisterialacant\/wp-json\/wp\/v2\/pages\/52","targetHints":{"allow":["GET"]}}],"collection":[{"href":"https:\/\/blogs.ua.es\/escolamagisterialacant\/wp-json\/wp\/v2\/pages"}],"about":[{"href":"https:\/\/blogs.ua.es\/escolamagisterialacant\/wp-json\/wp\/v2\/types\/page"}],"author":[{"embeddable":true,"href":"https:\/\/blogs.ua.es\/escolamagisterialacant\/wp-json\/wp\/v2\/users\/2963"}],"replies":[{"embeddable":true,"href":"https:\/\/blogs.ua.es\/escolamagisterialacant\/wp-json\/wp\/v2\/comments?post=52"}],"version-history":[{"count":3,"href":"https:\/\/blogs.ua.es\/escolamagisterialacant\/wp-json\/wp\/v2\/pages\/52\/revisions"}],"predecessor-version":[{"id":214,"href":"https:\/\/blogs.ua.es\/escolamagisterialacant\/wp-json\/wp\/v2\/pages\/52\/revisions\/214"}],"wp:attachment":[{"href":"https:\/\/blogs.ua.es\/escolamagisterialacant\/wp-json\/wp\/v2\/media?parent=52"}],"curies":[{"name":"wp","href":"https:\/\/api.w.org\/{rel}","templated":true}]}}