{"id":7,"date":"2012-12-07T12:08:49","date_gmt":"2012-12-07T12:08:49","guid":{"rendered":"https:\/\/blogs.ua.es\/escolamagisterialacant\/?page_id=7"},"modified":"2013-01-10T18:59:47","modified_gmt":"2013-01-10T18:59:47","slug":"presentacion","status":"publish","type":"page","link":"https:\/\/blogs.ua.es\/escolamagisterialacant\/presentacion\/","title":{"rendered":"Presentaci\u00f3n"},"content":{"rendered":"<p style=\"text-align: justify\">Somos Nacor Blasco Claver\u00edas y Cristian L\u00f3pez Guilabert, somos alumnos de la Universidad de Alicante y cursamos el primer a\u00f1o del grado en Geograf\u00eda y Ordenaci\u00f3n del Territorio. Nos han pedido que\u00a0realicemos\u00a0un blog sobre la Escuela de Magisterio de Alicante, para la asignatura Fuentes y Documentos para la Historia. Nos parece un tema muy interesante, ya que en nuestra universidad disponemos de una gran variedad de informaci\u00f3n y fuentes acerca de este tema, disponibles en el archivo de la universidad y en la biblioteca de la misma; hecho el cual hace que despierte en nosotros un gran inter\u00e9s la indagaci\u00f3n en este tema.<\/p>\n<p style=\"text-align: justify\"><a href=\"https:\/\/blogs.ua.es\/escolamagisterialacant\/files\/2012\/12\/logo-ua.png\"><img loading=\"lazy\" decoding=\"async\" class=\"alignleft size-full wp-image-11\" src=\"https:\/\/blogs.ua.es\/escolamagisterialacant\/files\/2012\/12\/logo-ua.png\" alt=\"Universidad de Alicante\" width=\"263\" height=\"45\" \/><\/a><\/p>\n<p style=\"text-align: justify\">\n","protected":false},"excerpt":{"rendered":"<p>Somos Nacor Blasco Claver\u00edas y Cristian L\u00f3pez Guilabert, somos alumnos de la Universidad de Alicante y cursamos el primer a\u00f1o del grado en Geograf\u00eda y Ordenaci\u00f3n del Territorio. Nos han pedido que\u00a0realicemos\u00a0un blog sobre la Escuela de Magisterio de Alicante, para la asignatura Fuentes y Documentos para la Historia. Nos parece un tema muy interesante, [&hellip;]<\/p>\n","protected":false},"author":2963,"featured_media":0,"parent":0,"menu_order":0,"comment_status":"open","ping_status":"open","template":"","meta":{"footnotes":""},"class_list":["post-7","page","type-page","status-publish","hentry"],"_links":{"self":[{"href":"https:\/\/blogs.ua.es\/escolamagisterialacant\/wp-json\/wp\/v2\/pages\/7","targetHints":{"allow":["GET"]}}],"collection":[{"href":"https:\/\/blogs.ua.es\/escolamagisterialacant\/wp-json\/wp\/v2\/pages"}],"about":[{"href":"https:\/\/blogs.ua.es\/escolamagisterialacant\/wp-json\/wp\/v2\/types\/page"}],"author":[{"embeddable":true,"href":"https:\/\/blogs.ua.es\/escolamagisterialacant\/wp-json\/wp\/v2\/users\/2963"}],"replies":[{"embeddable":true,"href":"https:\/\/blogs.ua.es\/escolamagisterialacant\/wp-json\/wp\/v2\/comments?post=7"}],"version-history":[{"count":5,"href":"https:\/\/blogs.ua.es\/escolamagisterialacant\/wp-json\/wp\/v2\/pages\/7\/revisions"}],"predecessor-version":[{"id":10,"href":"https:\/\/blogs.ua.es\/escolamagisterialacant\/wp-json\/wp\/v2\/pages\/7\/revisions\/10"}],"wp:attachment":[{"href":"https:\/\/blogs.ua.es\/escolamagisterialacant\/wp-json\/wp\/v2\/media?parent=7"}],"curies":[{"name":"wp","href":"https:\/\/api.w.org\/{rel}","templated":true}]}}