{"id":56,"date":"2015-12-21T16:36:04","date_gmt":"2015-12-21T16:36:04","guid":{"rendered":"https:\/\/blogs.ua.es\/espanacontemporanea\/?page_id=56"},"modified":"2022-09-23T13:25:45","modified_gmt":"2022-09-23T13:25:45","slug":"tesis-publicadas","status":"publish","type":"page","link":"https:\/\/blogs.ua.es\/espanacontemporanea\/tesis-publicadas\/","title":{"rendered":"Tesis"},"content":{"rendered":"<p>Crespo Escortell, Jordi. \u201cL&#8217;exili cultural republic\u00e0 espanyol a M\u00e8xic: l\u00ednies interpretatives en la historiografia espanyola (1975-2010)\u201d, Directores: Santacreu Soler, Jos\u00e9 Miguel y del Alc\u00e0zar Garrido, Joan Manuel. Lectura en septiembre de 2022.<\/p>\n<p>Gonz\u00e1lez Maga\u00f1a, Jose L. \u201cEloy Vaquero Cantillo o el optimismo tr\u00e1gico en un nacer que tuvo anticipado\u201d. Directores: Santacreu Soler, Jos\u00e9 Miguel y Sebasti\u00e1 Alcaraz, Rafael. Lectura en mayo de 2022.<\/p>\n<p>Menor Hern\u00e1ndez, Andr\u00e9s. &#8220;Las Fiestas de Biar desde una perspectiva antropol\u00f3gica\u201c. Director: Jos\u00e9 Miguel Santacreu Soler. Lectura en marzo de 2022.<\/p>\n<p>Lalinde Gonz\u00e1lez, Lu\u00eds Miguel. &#8220;Jap\u00f3n y China ante las islas Senkaku\/Diaoyu (1945-2020): an\u00e1lisis geopol\u00edtico e hist\u00f3rico-cultural de un conflicto mar\u00edtimo en Asia-Pac\u00edfico&#8221;. Directores: Santacreu Soler, Jos\u00e9 Miguel y Donoso Jim\u00e9nez, Isaac. Lectura en diciembre de 2021.<\/p>\n<p>Ramos Altamira, Ignacio. \u201cRafael Altamira y Crevea y su contribuci\u00f3n a la educaci\u00f3n popular y la escuela p\u00fablica espa\u00f1ola\u201d. Directores: Santacreu Soler, Jos\u00e9 Miguel y Sebasti\u00e1 Alcaraz, Rafael. Lectura en julio de 2021. Premio a Tesis Doctorales INSTITUTO ALICANTINO DE CULTURA JUAN GIL ALBERT DE ALICANTE 2022.<\/p>\n<p>Beneyto G\u00f3mez, Elisa. \u201cEls cementeris com a reflex de la societat industrial: El cementeri d\u2019Alcoi\u201d. Directora: Mira Abad, Alicia Victoria. Lectura en julio de 2021. Premio a Tesis Doctorales INSTITUTO ALICANTINO DE CULTURA JUAN GIL ALBERT DE ALICANTE 2022.<\/p>\n<p>San Jos\u00e9 Belda, Lu\u00eds Carlos. \u201cEl proceso descolectivizador de la industria textil alcoyana. La Comisi\u00f3n Liquidadora (1939-1945)\u201d. Director: Santacreu Soler, Jos\u00e9 Miguel. Lectura en julio de 2021.<\/p>\n<p>Ferrero Punzano, Sara Milagros. &#8220;Vicente Ferrero. Escultor&#8221;. Director: Santacreu Soler, Jos\u00e9 Miguel. Lectura en junio de 2021.<\/p>\n<p><a href=\"https:\/\/www.educacion.gob.es\/teseo\/mostrarRef.do?ref=1861965\">Segura Mart\u00ednez, Vicente. &#8220;Cultura industrial, ludismo y proyecci\u00f3n literaria&#8221;. Directoras: Caporale Bizzini, Silvia y Guti\u00e9rrez Lloret, Rosa Ana. Lectura en octubre de 2020.<\/a><\/p>\n<p><a href=\"https:\/\/www.educacion.gob.es\/teseo\/mostrarRef.do?ref=1898982\">Poveda Jover, Jonatan. &#8220;El autoritarismo regeneracionista de la Dictadura de Primo de Rivera en la provincia de Alicante&#8221;. Director: Santacreu Soler, Jos\u00e9 Miguel. Lectura en octubre de 2020.<\/a><\/p>\n<p><a href=\"https:\/\/www.educacion.gob.es\/teseo\/mostrarRef.do?ref=1825575\">Dom\u00ednguez Villaverde, Mariana. &#8220;Ser y Estar. Les pieds-noirs d&#8217;Alicante et de sa r\u00e9gion, d&#8217;une rive \u00e0 l&#8217;autre de la M\u00e9diterran\u00e9e (1962-ann\u00e9es 2000)&#8221;. Directores: Renaudet, Isabelle y La Parra L\u00f3pez, Emilio. Lectura en diciembre de 2019.<\/a><\/p>\n<p><a href=\"https:\/\/www.educacion.gob.es\/teseo\/mostrarRef.do?ref=1798599\">Ruiz Nu\u00f1ez, Juan Boris. &#8220;Los bombardeos a\u00e9reos republicanos en territorio sublevado durante la guerra civil espa\u00f1ola (1936-1939)&#8221;. Director: Santacreu Soler, Jos\u00e9 Miguel. Lectura en septiembre de 2019.<\/a><\/p>\n<p><a href=\"https:\/\/www.educacion.gob.es\/teseo\/mostrarRef.do?ref=1658259\">Jim\u00e9nez Valiente, Mar\u00eda Dolores. &#8220;La escuela pict\u00f3rica de Tetu\u00e1n: Historia, desarrollo e impronta del arte marroqu\u00ed contempor\u00e1neo&#8221;. Directores: Mart\u00ednez Prades, Jos\u00e9 Antonio y Santacreu Soler, Jos\u00e9 Miguel. Lectura en junio de 2018.<\/a>\u00a0\/\/ <a href=\"https:\/\/web.ua.es\/es\/catedrapazyjusticia\/convocatorias\/convocatoria-premios-tesis-doctorales.html\">Premio a Tesis Doctorales de la C\u00e1tedra Paz y Justicia en el marco de la promoci\u00f3n del ODS n\u00ba 16 Paz, Justicia e Instituciones S\u00f3lidas<\/a><\/p>\n<p><a href=\"https:\/\/www.educacion.gob.es\/teseo\/mostrarRef.do?ref=1611354\">Domene Verd\u00fa, Jos\u00e9 Fernando. \u201cLas fiestas de moros y cristianos de Villena\u201d. Director Santacreu Soler, Jos\u00e9 Miguel. Lectura en abril de 2018<\/a> \/\/ <a href=\"https:\/\/web.ua.es\/es\/actualidad-universitaria\/2018\/diciembre18\/10-16\/una-tesis-sobre-las-fiestas-de-moros-y-cristianos-de-villena-de-la-ua-recibe-el-reconocimiento-de-la-real-academia-de-cultura-valenciana.html\">Premio a la Excelencia de las Tesis Doctorales de Tem\u00e1tica Valenciana 2018 de la Real Academia de Cultura Valenciana<\/a><\/p>\n<p><a href=\"https:\/\/www.educacion.gob.es\/teseo\/mostrarRef.do?ref=1624905\">Sebasti\u00e1 Alcaraz, Rafael. &#8220;Las Escuelas Normales de Alicante desde el siglo XIX hasta 1975&#8221;. Director: Santacreu Soler, Jos\u00e9 Miguel. Lectura en marzo de 2018.<\/a><\/p>\n<p><a href=\"http:\/\/digibug.ugr.es\/bitstream\/10481\/49374\/1\/28876416.pdf\">F\u00e9lez Casta\u00f1\u00e9, Nuria. &#8220;Discurso de g\u00e9nero e implementaci\u00f3n de pol\u00edticas de g\u00e9nero en los partidos pol\u00edticos de la derecha espa\u00f1ola durante la Transici\u00f3n y hasta 1989 en perspectiva comparada\u201d. Directoras: Ortega L\u00f3pez, Teresa Mar\u00eda y Moreno Seco, M\u00f3nica. Lectura en la Universidad de Granada enero de 2018.<\/a><\/p>\n<p><a href=\"https:\/\/www.educacion.gob.es\/teseo\/imprimirFichaConsulta.do?idFicha=487739\">Cipollone Fern\u00e1ndez, Alberto. \u201cMiguel Villar Gonz\u00e1lez (Sagunto 1913 \u2013 Gand\u00eda\u00a01996) y su aportaci\u00f3n a la m\u00fasica de las fiestas de moros y cristianos\u201d. Director: Santacreu Soler, Jos\u00e9 Miguel. Lectura en julio de 2017<\/a> \/\/ <a href=\"https:\/\/web.ua.es\/es\/actualidad-universitaria\/2017\/diciembre17\/11-17\/la-real-academia-de-la-cultura-valenciana-premia-la-tesis-del-investigador-de-la-ua-alberto-cipollone.html\">Premio a la Excelencia de las Tesis Doctorales de Tem\u00e1tica Valenciana 2017 de la Real Academia de Cultura Valenciana. <\/a><\/p>\n<p><a href=\"https:\/\/www.educacion.gob.es\/teseo\/imprimirFichaConsulta.do?idFicha=459833\">Henales Salamanca, Jordi. &#8220;El callejero hist\u00f3rico de Alicante: de la II Rep\u00fablica hasta nuestros d\u00edas&#8221;. Director: Santacreu Soler, Jos\u00e9 Miguel. Lectura en abril de 2017<\/a><\/p>\n<p><a href=\"https:\/\/www.educacion.gob.es\/teseo\/mostrarRef.do?ref=1298283\">Barbieu, Laurentiu Octavian. &#8220;La integraci\u00f3n de Ruman\u00eda en la Uni\u00f3n Europea&#8221;. Director: Santacreu Soler, Jos\u00e9 Miguel. Lectura en septiembre de 2016. <\/a><\/p>\n<p><a href=\"https:\/\/www.educacion.gob.es\/teseo\/mostrarRef.do?ref=1281759\">Lillo Usechi, Manuel. \u201cMil n\u00famero d&#8217;el Temps: el comprom\u00eds de construir un pa\u00eds normal&#8221;. Director: Santacreu Soler, Jos\u00e9 Miguel. Lectura en Septiembre de 2016. <\/a><\/p>\n<p style=\"text-align: justify\"><a href=\"http:\/\/www.tesisenred.net\/handle\/10803\/370104\">Cerd\u00e1 Ba\u00f1\u00f3n, Francisco Joaqu\u00edn. \u201cHistoria del Cine en Alicante durante la Guerra Civil espa\u00f1ola (1936-1939)\u201d. Directores: Santacreu Soler,\u00a0 Jos\u00e9 Miguel y Cer\u00f3n G\u00f3mez, Juan Francisco. Lectura en la Universidad de Murcia en febrero de 2016. <\/a><\/p>\n<p style=\"text-align: justify\"><a href=\"https:\/\/www.educacion.gob.es\/teseo\/mostrarRef.do?ref=1213794\">Sanch\u00eds Bern\u00e0, Felipe Manuel. &#8220;Historia dels nanos i gegants d&#8217;Alacant&#8221;. Director: Santacreu Soler, Jos\u00e9 Miguel. Lectura en febrero de 2016. <\/a><\/p>\n<p style=\"text-align: justify\"><a href=\"https:\/\/www.educacion.gob.es\/teseo\/mostrarRef.do?ref=1202442\">Sampedro Ramo, Vicent. &#8220;La aplicaci\u00f3n de la ley sobre represi\u00f3n de la masoner\u00eda y del comunismo en el Pa\u00eds Valenciano: los masones de Alicante y Castell\u00f3n (1938-1963)&#8221;. Directores: Santacreu Soler, Jos\u00e9 Miguel y Monlle\u00f3 Peris, Mar\u00eda Rosa. Lectura en la Universidad Jaume I de Castell\u00f3n en enero de 2016. <\/a><\/p>\n<p style=\"text-align: justify\"><a href=\"https:\/\/www.educacion.gob.es\/teseo\/mostrarRef.do?ref=1207359\">Navarro Ferr\u00f3n, Lourdes. &#8220;Jos\u00e9 Guti\u00e9rrez Carbonell. El artista y su \u00e9poca&#8221;. Director: Santacreu Soler, Jos\u00e9 Miguel. Lectura en enero de 2016. <\/a><\/p>\n<p style=\"text-align: justify\"><a href=\"https:\/\/www.educacion.gob.es\/teseo\/imprimirFichaConsulta.do?idFicha=401227\" target=\"_blank\" rel=\"noopener noreferrer\">G\u00f3mez Albentosa, Ferran. &#8220;El magisterio contra Franco. De la resistencia a la acci\u00f3n colectiva (1965-1978)&#8221;. Directora: Moreno Seco, M\u00f3nica. Lectura en enero de 2016.<\/a><\/p>\n<p style=\"text-align: justify\"><a href=\"https:\/\/www.educacion.gob.es\/teseo\/imprimirFichaConsulta.do?idFicha=398877\">Domenech Jim\u00e9nez, Mar\u00eda Isabel. &#8220;Las maestras de la Guerra Civil y el primer Franquismo en la provincia de Alicante&#8221;. Director: Moreno Seco, M\u00f3nica. Lectura en enero de 2016. <\/a><\/p>\n<p style=\"text-align: justify\"><a href=\"https:\/\/www.educacion.gob.es\/teseo\/mostrarRef.do?ref=1214370\">Juan Guill, Antonio Jos\u00e9.\u00a0&#8220;Joaqu\u00edn Mar\u00eda L\u00f3pez (1798-1855)&#8221;. Director: Santacreu Soler, Jos\u00e9 Miguel. Lectura en enero de 2016. <\/a><\/p>\n<p style=\"text-align: justify\"><a href=\"https:\/\/www.educacion.gob.es\/teseo\/imprimirFichaConsulta.do?idFicha=401448\" target=\"_blank\" rel=\"noopener noreferrer\">S\u00e1nchez Marin, V\u00edctor. &#8220;Rafael del Riego. S\u00edmbolo de la Revoluci\u00f3n Liberal&#8221;. Director: La Parra, Emilio. Lectura en enero de 2016.<\/a><\/p>\n<p style=\"text-align: justify\"><a href=\"https:\/\/www.educacion.gob.es\/teseo\/mostrarRef.do?ref=1188171\" target=\"_blank\" rel=\"noopener noreferrer\">Uceda Garc\u00eda, Enrique. &#8220;La pol\u00edtica de seguridad europea&#8221;. Director: Santacreu Soler, Jos\u00e9 Miguel. Lectura en enero de 2016.<\/a><\/p>\n<p style=\"text-align: justify\"><a href=\"https:\/\/www.educacion.gob.es\/teseo\/imprimirFichaConsulta.do?idFicha=399658\" target=\"_blank\" rel=\"noopener noreferrer\">Hern\u00e1ndez Ferris, Rafael. &#8220;La ciutat d&#8217;Alcoi durant la segona Rep\u00fablica&#8221;. Director: Santacreu Soler, Jos\u00e9 Miguel. Lectura en diciembre de 2015<\/a><\/p>\n<p style=\"text-align: justify\"><a href=\"https:\/\/www.educacion.gob.es\/teseo\/imprimirFichaConsulta.do?idFicha=398757\" target=\"_blank\" rel=\"noopener noreferrer\">Llorca Ripoll, Rafael. &#8220;Los generales del Ej\u00e9rcito espa\u00f1ol y su influencia en las circunstancias hist\u00f3ricas. El enfrentamiento entre los generales absolutistas Prats y Sempere en 1823. Dos protagonistas olvidados&#8221;. Director: Santacreu Soler, Jos\u00e9 Miguel. Lectura en diciembre de 2015<\/a><\/p>\n<div class=\"mceTemp\"><\/div>\n<p><a href=\"https:\/\/www.educacion.gob.es\/teseo\/imprimirFichaConsulta.do?idFicha=393494\" target=\"_blank\" rel=\"noopener noreferrer\">Alarc\u00f3n Alarc\u00f3n, Mar\u00eda del Mar Ana, &#8220;Biograf\u00eda hist\u00f3rica de Pedro Alc\u00e1ntara de Toledo y Salm-Salm. Duque del Infantado (1768-1841)&#8221;. Director: La Parra L\u00f3pez, Emilio. Lectura en septiembre de 2015<\/a><\/p>\n<p style=\"text-align: justify\"><a href=\"https:\/\/www.educacion.gob.es\/teseo\/imprimirFichaConsulta.do?idFicha=393590\" target=\"_blank\" rel=\"noopener noreferrer\">Piqueres D\u00edez, Antonio Jes\u00fas. &#8220;Los espa\u00f1oles y Jos\u00e9 I. La imagen del rey&#8221;. Directores: La Parra L\u00f3pez, Emilio y Fern\u00e1ndez Sirvent, Rafael. Lectura en septiembre de 2015<\/a><\/p>\n<p style=\"text-align: justify\"><a href=\"http:\/\/rua.ua.es\/dspace\/handle\/10045\/50562\" target=\"_blank\" rel=\"noopener noreferrer\">D\u00edez Pomares, Gaspar. &#8220;Fotografia i Hist\u00f2ria: una proposta metodol\u00f2gica aplicada al cas de la fotografia valenciana durant la guerra civil espanyola&#8221;. Director: Satancreu Soler, Jos\u00e9 Miguel. Lectura en noviembre de 2013.<\/a><\/p>\n<p style=\"text-align: justify\"><a href=\"http:\/\/rua.ua.es\/dspace\/handle\/10045\/28497\" target=\"_blank\" rel=\"noopener noreferrer\">Matas Pujalte, Ernesto Manuel. &#8220;Marginaci\u00f3n y trabajo en Callosa de Segura (de la emigraci\u00f3n a la inmigraci\u00f3n)&#8221;. Director: Santacreu Soler, Jos\u00e9 Miguel. Lectura en marzo de 2013.<\/a><\/p>\n<p style=\"text-align: justify\"><a href=\"http:\/\/rua.ua.es\/dspace\/handle\/10045\/23520\" target=\"_blank\" rel=\"noopener noreferrer\">Sirvent Garriga, Adelina Maria. &#8220;Rodolfo Llopis, Educador&#8221;. Director: La Parra L\u00f3pez, Emilio. Lectura en marzo de 2012. <\/a><\/p>\n<p style=\"text-align: justify\"><a href=\"https:\/\/www.educacion.gob.es\/teseo\/imprimirFichaConsulta.do?idFicha=312763\" target=\"_blank\" rel=\"noopener noreferrer\">Monge Juarez, Mariano. &#8220;Elche, ciudad contempor\u00e1nea (1884-1903): del proyecto olig\u00e1rquico a la respuesta obrera&#8221;. Director: Santacreu Soler, Jos\u00e9 Miguel. Lectura en julio de 2011.<\/a><\/p>\n<p style=\"text-align: justify\"><a href=\"http:\/\/rua.ua.es\/dspace\/handle\/10045\/20062\" target=\"_blank\" rel=\"noopener noreferrer\">Ortu\u00f1o Mart\u00ednez, B\u00e1rbara. &#8220;El exilio y la emigraci\u00f3n espa\u00f1ola de posguerra en Argentina. 1936-1956&#8221;. Directora: Moreno Seco, M\u00f3nica. Lectura en junio de 2010.<\/a><\/p>\n<p style=\"text-align: justify\"><a href=\"https:\/\/www.educacion.gob.es\/teseo\/imprimirFichaConsulta.do?idFicha=294039\" target=\"_blank\" rel=\"noopener noreferrer\">Sampedro Forner, Jos\u00e9 Carlos. &#8220;Iglesia entre concilios (1870-1962). Soplos del esp\u00edritu y voces reducidas a silencio&#8221;. Director: La Parra L\u00f3pez, Emilio. Lectura en junio de 2009.<\/a><\/p>\n<p style=\"text-align: justify\"><a href=\"https:\/\/www.educacion.gob.es\/teseo\/imprimirFichaConsulta.do?idFicha=239402\" target=\"_blank\" rel=\"noopener noreferrer\">S\u00e1nchez Soler, Mariano. &#8220;La violencia institucional durante la transici\u00f3n espa\u00f1ola. Terrorismo involucionista, represi\u00f3n policial y guerra sucia (noviembre, 1975 &#8211; diciembre, 1983)&#8221;. Director: La Parra, Emilio. Lectura en junio de 2009. <\/a><\/p>\n<p style=\"text-align: justify\"><a href=\"http:\/\/rua.ua.es\/dspace\/handle\/10045\/17849\" target=\"_blank\" rel=\"noopener noreferrer\">Parra Verdu, Pedro Juan. &#8220;Tardofranquismo y transici\u00f3n democr\u00e1tica en la ciudad de Alcoy (1973-1979)&#8221;. Director: Santacreu Soler, Jos\u00e9 Miguel. Lectura en junio de 2006.<\/a><\/p>\n<p><a href=\"https:\/\/www.educacion.gob.es\/teseo\/imprimirFichaConsulta.do?idFicha=99966\" target=\"_blank\" rel=\"noopener noreferrer\">Fern\u00e1ndez Sirvent, Rafael. &#8220;Biograf\u00eda de Francisco Amor\u00f3s y Ondeano (1770-1848)&#8221;. Director: La Parra, Emilio. Lectura en abril de 2004. <\/a><\/p>\n<p style=\"text-align: justify\"><a href=\"https:\/\/www.educacion.gob.es\/teseo\/imprimirFichaConsulta.do?idFicha=92899\" target=\"_blank\" rel=\"noopener noreferrer\">Alcaraz Albero, Francisco. &#8220;La identidad europea en seguridad y defensa. G\u00e9nesis y evoluci\u00f3n de la configuraci\u00f3n de una capacidad de maniobra al servicio de la Uni\u00f3n Europea (1984-2001)&#8221;. Director: La Parra L\u00f3pez, Emilio. Lectura en diciembre de 2002. <\/a><\/p>\n<p style=\"text-align: justify\"><a href=\"http:\/\/rua.ua.es\/dspace\/handle\/10045\/10054\" target=\"_blank\" rel=\"noopener noreferrer\">Mira Abad, Alicia. &#8220;Secularizaci\u00f3n y mentalidades en el Sexenio democr\u00e1tico: Alicante (1868-1875)&#8221;. Director: La Parra L\u00f3pez, Emilio. Lectura en octubre de 2002. <\/a><\/p>\n<p style=\"text-align: justify\"><a href=\"http:\/\/rua.ua.es\/dspace\/handle\/10045\/9890\" target=\"_blank\" rel=\"noopener noreferrer\">Moreno Seco, M\u00f3nica. &#8220;La di\u00f3cesis de Orihuela-Alicante en el franquismo, 1939-1975&#8221;. Director: La Parra L\u00f3pez, Emilio. Lectura en octubre de 1997.<\/a><\/p>\n<p style=\"text-align: justify\"><a href=\"http:\/\/rua.ua.es\/dspace\/handle\/10045\/4138\" target=\"_blank\" rel=\"noopener noreferrer\">Zurita Aldeguer, Rafael. &#8220;El Marqu\u00e9s del Bosch y el conservadurismo alicantino: patronazgo y clientela en el tr\u00e1nsito del sufragio censitario al sufragio universal&#8221;. Director: Forner Mu\u00f1oz, Salvador. Lectura en septiembre de 1994.<\/a><\/p>\n<p style=\"text-align: justify\"><a href=\"http:\/\/rua.ua.es\/dspace\/handle\/10045\/4005\" target=\"_blank\" rel=\"noopener noreferrer\">Santacreu Soler, Jos\u00e9 Miguel. &#8220;Cambio econ\u00f3mico y conflicto b\u00e9lico: transformaciones econ\u00f3micas en la retaguardia republicana (Alicante 1936-1939)&#8221;. Director: Forner Mu\u00f1oz, Salvador. Lectura en diciembre de 1988.<\/a><\/p>\n<p style=\"text-align: justify\"><a href=\"http:\/\/rua.ua.es\/dspace\/handle\/10045\/3587\" target=\"_blank\" rel=\"noopener noreferrer\">Gutierrez Lloret, Rosa Ana. &#8220;La Rep\u00fablica y el orden: burgues\u00eda y republicanismo en Alicante (1868-1893)&#8221;. Director: Forner Mu\u00f1oz, Salvador. Lectura en octubre de 1987. <\/a><\/p>\n<p><a href=\"https:\/\/www.educacion.gob.es\/teseo\/imprimirFichaConsulta.do?idFicha=4283\" target=\"_blank\" rel=\"noopener noreferrer\">La Parra L\u00f3pez, Emilio. &#8220;Pol\u00edtica religiosa de las Cortes de C\u00e1diz (1810-1813). Director: Mestre Sanchis, Antonio. Lectura en enero de 1980.<\/a><\/p>\n<p>&nbsp;<\/p>\n<p>&nbsp;<\/p>\n","protected":false},"excerpt":{"rendered":"<p>Crespo Escortell, Jordi. \u201cL&#8217;exili cultural republic\u00e0 espanyol a M\u00e8xic: l\u00ednies interpretatives en la historiografia espanyola (1975-2010)\u201d, Directores: Santacreu Soler, Jos\u00e9 Miguel y del Alc\u00e0zar Garrido, Joan Manuel. Lectura en septiembre de 2022. Gonz\u00e1lez Maga\u00f1a, Jose L. \u201cEloy Vaquero Cantillo o el optimismo tr\u00e1gico en un nacer que tuvo anticipado\u201d. Directores: Santacreu Soler, Jos\u00e9 Miguel y &hellip; <a href=\"https:\/\/blogs.ua.es\/espanacontemporanea\/tesis-publicadas\/\" class=\"more-link\">Continue reading <span class=\"screen-reader-text\">Tesis<\/span> <span class=\"meta-nav\">&rarr;<\/span><\/a><\/p>\n","protected":false},"author":4022,"featured_media":0,"parent":0,"menu_order":0,"comment_status":"closed","ping_status":"closed","template":"","meta":{"footnotes":""},"class_list":["post-56","page","type-page","status-publish","hentry"],"_links":{"self":[{"href":"https:\/\/blogs.ua.es\/espanacontemporanea\/wp-json\/wp\/v2\/pages\/56","targetHints":{"allow":["GET"]}}],"collection":[{"href":"https:\/\/blogs.ua.es\/espanacontemporanea\/wp-json\/wp\/v2\/pages"}],"about":[{"href":"https:\/\/blogs.ua.es\/espanacontemporanea\/wp-json\/wp\/v2\/types\/page"}],"author":[{"embeddable":true,"href":"https:\/\/blogs.ua.es\/espanacontemporanea\/wp-json\/wp\/v2\/users\/4022"}],"replies":[{"embeddable":true,"href":"https:\/\/blogs.ua.es\/espanacontemporanea\/wp-json\/wp\/v2\/comments?post=56"}],"version-history":[{"count":64,"href":"https:\/\/blogs.ua.es\/espanacontemporanea\/wp-json\/wp\/v2\/pages\/56\/revisions"}],"predecessor-version":[{"id":901,"href":"https:\/\/blogs.ua.es\/espanacontemporanea\/wp-json\/wp\/v2\/pages\/56\/revisions\/901"}],"wp:attachment":[{"href":"https:\/\/blogs.ua.es\/espanacontemporanea\/wp-json\/wp\/v2\/media?parent=56"}],"curies":[{"name":"wp","href":"https:\/\/api.w.org\/{rel}","templated":true}]}}