{"id":59,"date":"2015-12-21T16:51:01","date_gmt":"2015-12-21T16:51:01","guid":{"rendered":"https:\/\/blogs.ua.es\/espanacontemporanea\/?page_id=59"},"modified":"2024-08-07T16:11:41","modified_gmt":"2024-08-07T16:11:41","slug":"personal-investigador-2","status":"publish","type":"page","link":"https:\/\/blogs.ua.es\/espanacontemporanea\/personal-investigador-2\/","title":{"rendered":"Personal Investigador"},"content":{"rendered":"<p><strong>Personal Investigador de la UA<\/strong><\/p>\n<p><b><a href=\"http:\/\/dialnet.unirioja.es\/servlet\/autor?codigo=307412\" target=\"_blank\" rel=\"noopener noreferrer\">Rafael\u00a0<\/a><a href=\"http:\/\/dialnet.unirioja.es\/servlet\/autor?codigo=307412\" target=\"_blank\" rel=\"noopener noreferrer\">Fern\u00e1ndez Sirvent (Director)\u00a0<\/a><\/b>es doctor en Historia por la Universidad de Alicante (2004), con premio extraordinario de doctorado (2008) y un acc\u00e9sit, tambi\u00e9n por la tesis doctoral, concedido por el Ministerio de Defensa (Premios Ej\u00e9rcito 2004). Actualmente es profesor titular de Historia Contempor\u00e1nea en la UA. Premio nacional \u201cj\u00f3venes investigadores\u201d otorgado por la Asociaci\u00f3n Espa\u00f1ola de Historia Contempor\u00e1nea (2002), con un trabajo titulado \u201c\u00c1frica en la pol\u00edtica exterior de Carlos IV. Nuevos datos sobre el\u00a0<i>asunto de Marruecos<\/i>\u00a0(1803-1808)\u201d, en\u00a0<i>Ayer<\/i>\u00a0(n\u00ba 50, 2003). Ha realizado varias estancias en Par\u00eds (Universit\u00e9 de Paris III-Nouvelle Sorbonne) y Albi (Centre Universitaire de Formation et de Recherche Jean-Fran\u00e7ois Champollion) relacionadas con sus investigaciones y su labor docente. Su campo de estudio se circunscribe a la historia pol\u00edtico-cultural espa\u00f1ola y francesa del siglo XIX y a la historia de la educaci\u00f3n f\u00edsica y el deporte en Europa (ss. XVIII-XXI). Ha participado en congresos, jornadas y seminarios de \u00e1mbito nacional e internacional y publicado m\u00e1s de una treintena de art\u00edculos y cap\u00edtulos especializados en revistas y libros de historia contempor\u00e1nea (<i>Ayer, Trienio, Pasado y Memoria, El Argonauta espa\u00f1ol, Historia Constitucional, Alcores, Historia Contempor\u00e1nea, Revue d\u2019Histoire Moderne et Contemporaine, Jarbuch f\u00fcr Europ\u00e4ische Geschichte<\/i>) y de historia del deporte (<i>International Journal of Sport Science<\/i>). Miembro del Instituto Interuniversitario de Econom\u00eda Internacional (UA) e investigador titular del Seminario de Historia Constitucional \u201cMart\u00ednez Marina\u201d (Universidad de Oviedo). Director acad\u00e9mico del Portal \u201cReyes y reinas de la Espa\u00f1a contempor\u00e1nea\u201d de la Biblioteca Virtual Miguel de Cervantes. Director de\u00a0<i>Pasado y Memoria. Revista de Historia Contempor\u00e1nea.\u00a0<\/i>Es autor de los libros\u00a0<i>Francisco Amor\u00f3s y los inicios de la educaci\u00f3n f\u00edsica moderna. Biograf\u00eda de un funcionario al servicio de Espa\u00f1a y Francia<\/i>\u00a0(2005) y\u00a0<i>Las grandes revoluciones: independencia y libertad. Claves para una historia comparada\u00a0<\/i>(2018).<\/p>\n<p><strong><a href=\"https:\/\/dialnet.unirioja.es\/servlet\/autor?codigo=3705266\">Alberto Ca\u00f1as de Pablos<\/a><\/strong> es doctor en Ciencias Pol\u00edticas por la Universidad Complutense de Madrid. En la actualidad es contratado postdoctoral en la Universidad de Alicante, donde desarrolla el proyecto &#8220;Memoria, mitos de guerra y los usos p\u00fablicos de la historia de 1808-1814&#8221;. Tiene varias publicaciones en torno a su l\u00ednea de investigaci\u00f3n en revistas indexadas en Scopus y Web of Science, como\u00a0<i>Historia y Pol\u00edtica <\/i>e\u00a0<i>Historia Constitucional.\u00a0<\/i>El a\u00f1o pr\u00f3ximo ver\u00e1 la luz su libro\u00a0<i>Los generales pol\u00edticos en Europa y Am\u00e9rica. Centauros carism\u00e1ticos bajo la luz de Napole\u00f3n, 1810-1870<\/i>, editado por Alianza. Se halla encuadrado en diversos Grupos de Investigaci\u00f3n y ha impartido clases de asignaturas como \u201cHistoria del Mundo Contempor\u00e1neo\u201d o \u201cHistoria del Delito y el Castigo en la Edad Contempor\u00e1nea\u201d en la UCM y la UNED. Asimismo, el investigador ha obtenido dos Becas Erasmus+ para Docentes, a trav\u00e9s de las cuales ha impartido clase en la Universidad Adam Mickiewicz (Pozna\u0144) y la Universidad Econ\u00f3mica de Bratislava. Por otro lado, ha realizado estancias de investigaci\u00f3n en la Universidad de Tur\u00edn, la Universidade Nova de Lisboa y la Universidad Jean Jaur\u00e8s de Toulouse y ha sido Investigador Postdoctoral en la Escuela Espa\u00f1ola de Historia y Arqueolog\u00eda en Roma (EEHAR), perteneciente al CSIC.<\/p>\n<p><strong><a href=\"https:\/\/dialnet.unirioja.es\/servlet\/autor?codigo=3780358\">Miguel D\u00edaz S\u00e1nchez<\/a><\/strong>\u00a0es doctor en Historia Comparada, Pol\u00edtica y Social por la Universidad Aut\u00f3noma de Barcelona. Actualmente es investigador postdoctoral Margarita Salas (Ministerio de Universidades \/ UAB). Ha realizado estancias de investigaci\u00f3n en la Escuela de Humanidades de la Universidad Nacional de San Mart\u00edn (2017) y en la Universidad de Alicante (2022-2024).\u00a0Su principal l\u00ednea de investigaci\u00f3n est\u00e1 dedicada al estudio de las migraciones interiores acontecidas en Espa\u00f1a durante el siglo XX. Desde una perspectiva historiogr\u00e1fica y a trav\u00e9s de diversas escalas de an\u00e1lisis, aborda su estudio relacionando el hecho migratorio con los distintos contextos pol\u00edticos, econ\u00f3micos, sociales y culturales existentes en el mencionado siglo, especialmente en el periodo concerniente a la posguerra. En este sentido ha publicado varios <a href=\"https:\/\/revistes.ub.edu\/index.php\/segleXX\/article\/view\/38195\">art\u00edculos<\/a> y defendi\u00f3 su tesis doctoral: \u201c<a href=\"https:\/\/www.tdx.cat\/handle\/10803\/670482#page=1\">Migrar contra el poder. La represi\u00f3n de las migraciones interiores en Espa\u00f1a durante la posguerra (1939-1957)<\/a>\u201d. Tambi\u00e9n ha dedicado parte de su investigaci\u00f3n al an\u00e1lisis de las <a href=\"https:\/\/raco.cat\/index.php\/franquismeitransicio\/article\/view\/340747\">cadenas migratorias<\/a> establecidas entre la provincia de Murcia y el \u00c1rea Metropolitana de Barcelona y al estudio del <a href=\"https:\/\/pasadoymemoria.ua.es\/article\/view\/19550\">asociacionismo<\/a> desplegado por los murcianos en la capital catalana.<\/p>\n<p><strong><a href=\"http:\/\/dialnet.unirioja.es\/servlet\/autor?codigo=143685\">Rosa Ana <\/a><a href=\"http:\/\/dialnet.unirioja.es\/servlet\/autor?codigo=143685\">Guti\u00e9rrez Lloret <\/a><\/strong>es catedr\u00e1tica de Historia Contempor\u00e1nea en la Universidad de Alicante. Ha participado y dirigido diversos proyectos de investigaci\u00f3n centrados en diversos \u00e1mbitos de estudio de la historia de la Espa\u00f1a contempor\u00e1nea, adem\u00e1s de desarrollar otros cargos de evaluaci\u00f3n como experta en la ANECA y en el Plan Nacional de I+D+I, desde 2012. Es miembro de la Asociaci\u00f3n de Historia Contempor\u00e1nea y de la Asociaci\u00f3n Espa\u00f1ola de Investigaci\u00f3n de Historia de las Mujeres (AEIHM). Forma parte del Consejo de <em>Pasado y Memoria. Revista de Historia Contempor\u00e1nea<\/em> y del consejo asesor del Archivo de la Democracia de la Universidad de Alicante.<\/p>\n<p><strong><a href=\"http:\/\/dialnet.unirioja.es\/servlet\/autor?codigo=284778\">Emilio <\/a><a href=\"http:\/\/dialnet.unirioja.es\/servlet\/autor?codigo=284778\">La Parra L\u00f3pez<\/a><\/strong> es catedr\u00e1tico de Historia Contempor\u00e1nea de la Universidad de Alicante. Ha sido profesor invitado, en las Universidades de Tours y Aix-Marseille. Su investigaci\u00f3n se ha centrado en la pol\u00edtica religiosa del primer liberalismo espa\u00f1ol y en la crisis pol\u00edtica en el tr\u00e1nsito del siglo XVIIII al XIX. Sus \u00faltimos libros son: <em>Manuel Godoy. La aventura del poder<\/em> (2002), <em>Los Cien Mil Hijos de San Lu\u00eds. El ocaso del primer impulso liberal en Espa\u00f1a <\/em>(2007), la coordinaci\u00f3n del volumen colectivo: <em>La imagen del poder. Reyes y regentes en la Espa\u00f1a del siglo XIX<\/em> (2011) y <em>Fernando VII: Un rey deseado y detestado<\/em> (2018).<\/p>\n<p><strong><a href=\"https:\/\/alicante.academia.edu\/BertaLilloGutierrez\">Berta Lillo-Guti\u00e9rrez<\/a><\/strong> es graduada en Historia y m\u00e1ster universitario de Historia de la Europa contempor\u00e1nea: Identidades e Integraci\u00f3n por la Universidad de Alicante, obteniendo en ambos casos el premio extraordinario, as\u00ed como la Beca de Excelencia Acad\u00e9mica de la GVA (2020). Ha disfrutado de la Beca de Colaboraci\u00f3n del Ministerio y la Beca de Iniciaci\u00f3n a la investigaci\u00f3n de la UA. Ha presentado comunicaciones en la VII edici\u00f3n de Investigando en Femenino (2019) y I Congreso Internacional. Historia y Literatura (2020). Su principal l\u00ednea de investigaci\u00f3n es la imagen nacional en \u00e9poca contempor\u00e1nea y su reflejo en la literatura desde una perspectiva de g\u00e9nero. Su TFM recibi\u00f3 el primer premio del IUIEG al mejor TFM en estudios de g\u00e9nero y ha sido publicado en su colecci\u00f3n Lilith Joven con el t\u00edtulo\u00a0<em>Naci\u00f3n masculina vs.\u00a0naci\u00f3n\u00a0femenina: la imagen de la neutralidad espa\u00f1ola durante la Primera Guerra Mundial\u00a0<\/em>. En la actualidad ha iniciado su proyecto doctoral con un contrato FPU sobre la construcci\u00f3n de la idea nacional espa\u00f1ola y los modelos de masculinidad y feminidad en el contexto de la Gran Guerra, bajo la direcci\u00f3n de Alicia Mira Abad.<\/p>\n<p><strong><a href=\"http:\/\/dialnet.unirioja.es\/servlet\/autor?codigo=9693\">Alicia Victoria <\/a><a href=\"http:\/\/dialnet.unirioja.es\/servlet\/autor?codigo=9693\">Mira Abad<\/a><\/strong> es profesora Titular del Departamento de Humanidades Contempor\u00e1neas de la Universidad de Alicante. En 1997 comenz\u00f3 su trayectoria investigadora como becaria del MEC que culmin\u00f3 con una tesis doctoral sobre la secularizaci\u00f3n, el laicismo y su incidencia en la sociedad espa\u00f1ola del siglo XIX. Ha desarrollado otras l\u00edneas de investigaci\u00f3n desde la perspectiva de g\u00e9nero, centradas en la maternidad, el trabajo femenino y el exilio. En este \u00faltimo campo, ha formado parte de la &#8220;Red exilio: Investigaci\u00f3n sobre refugiados y otras migraciones con el apoyo de la AHRC y Outcast Europe&#8221;. Tambi\u00e9n ha participado en otros proyectos de investigaci\u00f3n europeos como la REMSH y la RAMSES2&#8243; impulsados desde la Maison M\u00e9diterran\u00e9enne des Sciences de l&#8217;Homme de Aix-en-Provence. En los \u00faltimos a\u00f1os forma parte del equipo investigador en 3 proyectos del Plan nacional de I+D+I para el estudio del discurso y la imagen de la monarqu\u00eda contempor\u00e1nea en Espa\u00f1a. De ellos derivan varias publicaciones en revistas como Melanges, Historia y pol\u00edtica o Historia Constitucional y un libro conjunto publicado en S\u00edntesis. Sus estudios se han centrado fundamentalmente en la construcci\u00f3n de la narrativa mon\u00e1rquica e identitaria y la proyecci\u00f3n de los estereotipos de g\u00e9nero desde la instituci\u00f3n.<\/p>\n<p><strong><a href=\"https:\/\/alicante.academia.edu\/M%C3%B3nicaMorenoSeco?c_p=t\">M\u00f3nica Moreno Seco<\/a><\/strong> es profesora Titular de Historia Contempor\u00e1nea de la Universidad de Alicante. Ha sido directora del Instituto Universitario de Investigaci\u00f3n de Estudios de G\u00e9nero (IUIEG) de la Universidad de Alicante y secretaria de la Junta directiva de la AEIHM (Asociaci\u00f3n Espa\u00f1ola de Investigaci\u00f3n de Historia de las Mujeres). Actualmente es directora de <em>Pasado y Memoria. Revista de Historia Contempor\u00e1nea.<\/em> Ha realizado estancias de investigaci\u00f3n en la Universit\u00e9 de Aix-en-Provence y en la Universita degli Studi Roma Tre. Pertenece a los consejos asesores de<em> Arenal. Revista de Historia de las Mujeres<\/em>, <em>Amnis. Revue de civilisation contemporaine Europes\/Am\u00e9riques<\/em> y <em>Saitabi<\/em>. Es integrante del consejo asesor del Archivo de la Democracia de la Universidad de Alicante.<\/p>\n<p><strong><a href=\"https:\/\/rua.ua.es\/dspace\/browse?type=author&amp;value=Piciucchi%2C+Danny\">Danny Piciucchi<\/a><\/strong> es graduado en Sociolog\u00eda y m\u00e1ster en Innovaci\u00f3n Social y Din\u00e1micas de Cambio. Asimismo, es especialista en Comercio Internacional y, actualmente, gracias a la adjudicaci\u00f3n de un contrato de la Universidad de Alicante destinado a la formaci\u00f3n predoctoral, es investigador adscrito al Departamento de Humanidades Contempor\u00e1neas. En su tesis doctoral, se propone examinar la pervivencia del franquismo sociol\u00f3gico en la Espa\u00f1a democr\u00e1tica mediante un an\u00e1lisis sociohist\u00f3rico.<\/p>\n<p><strong><a href=\"http:\/\/dialnet.unirioja.es\/servlet\/autor?codigo=9249\">Jos\u00e9 Miguel\u00a0<\/a><a href=\"http:\/\/dialnet.unirioja.es\/servlet\/autor?codigo=9249\">Santacreu Soler <\/a><\/strong>es Catedr\u00e1tico de Historia Contempor\u00e1nea en la Universidad de Alicante, director de la <a href=\"http:\/\/www.justicia.gva.es\/va\/web\/reformas-democraticas-y-acceso-a-la-justicia\/catedra-interuniversitaria-memoria-democratica\">C\u00e1tedra Interuniversitaria de Memoria Democr\u00e1tica de la Comunidad Valenciana<\/a> y especialista en Historia Contempor\u00e1nea de la guerra civil espa\u00f1ola, de la memoria hist\u00f3rica, de la peseta y de los procesos de integraci\u00f3n pol\u00edtica plurinacionales, tem\u00e1ticas sobre las que ha coordinado y escrito numerosos libros y art\u00edculos en revistas especializadas como <em>Ebre 38, eikasia, Hispania, Kutl-ur, Pasado y Memoria, Revista de Historia Actual..<\/em>. Destacan los libros individuales <em><a href=\"http:\/\/rua.ua.es\/dspace\/bitstream\/10045\/33147\/1\/Santacreu_Soler_Crisis_monetaria.pdf\">La crisis monetaria espa\u00f1ola de 1937 <\/a><\/em>(1986); <em>L\u2019economia valenciana durant la guerra civil al Pa\u00eds Valenci\u00e0<\/em> (1992); <em>Guerra i comer\u00e7 exterior <\/em>(1992); <em>Peseta y pol\u00edtica. Historia de la peseta (1868.2002) <\/em>(2002); <em><a href=\"https:\/\/www.cortsvalencianes.es\/cs\/Satellite\/Layout\/Page\/1260974741700\/Detalle.html?lang=es_ES&amp;p=1260974741700&amp;param1=4\">Historia del Parlamento Andino<\/a> <\/em>(2004); <em>Piratas contra la Rep\u00fablica <\/em>(2006); <em>Tres claves de la Guerra Civil en el Mediterr\u00e1neo (1936-1939) <\/em>(2008) y los libros colectivos <em>La guerra civil espa\u00f1ola. La econom\u00eda<\/em> (1997); <em>Una pres\u00f3 amb vistes al mar. El drama del port d`Alacant, mar\u00e7 de 1939 <\/em>(2008); <em>Gandia i el seu port, mar\u00e7 de 1939: el pen\u00faltim acte de la Segona Rep\u00fablica Espanyola <\/em>(2010)<strong>; <\/strong><em>L\u2019exili republic\u00e0: pol\u00edtica i cultura<\/em> (2011); <em>Temps de por al Pa\u00eds Valenci\u00e0 (1938-1975): Estudis sobre la repressi\u00f3 franquista<\/em> (2012). Tambi\u00e9n ha codirigido <em>La Guerra Civil<\/em> <em>en la Comunidad Valenciana <\/em>(2006-2007), una obra en 18 vol\u00famenes de Editorial Prensa Valenciana, y el <em>Diccionari d\u2019hist\u00f2ria del Pa\u00eds Valenci\u00e0<\/em> (2006); ha realizado los documentales \u201c<em><a href=\"http:\/\/www.imagen.ua.es\/es\/castigats\">Castigats<\/a><\/em>\u201d (2009) sobre las v\u00edctimas inocentes de la posguerra y \u201c<em><a href=\"http:\/\/www.imagen.ua.es\/es\/estacion-peaje\">Estaci\u00f3n de Peaje<\/a><\/em>\u201d (2011) sobre las v\u00edctimas valencianas en los campos nazis; y ha comisariado varias exposiciones, las m\u00e1s recientes son \u201c<a href=\"https:\/\/cultura.ua.es\/es\/exposiciones\/espana-debe-saber-superar-la-postguerra.html\"><em>Espa\u00f1a debe saber [superar la postguerra]<\/em><\/a>\u201d, \u201c<em><a href=\"http:\/\/www.cervantesvirtual.com\/obra\/una-mirada-a--rafael-llorens-ferri\/\">Una mirada ir\u00f2nica. Llorens Ferri<\/a><\/em>\u201d y <em>\u201c<a href=\"https:\/\/cultura.ua.es\/es\/exposiciones\/la-memoria-d-un-lloc-de-memoria-democratica.html\">La memoria d\u2019un lloc de memoria democr\u00e1tica<\/a><\/em>\u201d, producidas por el MUA.<\/p>\n<p><strong><a href=\"https:\/\/dialnet.unirioja.es\/servlet\/autor?codigo=919857\">Enrique Uceda Garc\u00eda<\/a>\u00a0<\/strong>es profesor asociado en el Departamento de Humanidades Contempor\u00e1neas. Cuenta con una tesis doctoral titulada &#8220;La Pol\u00edtica de Seguridad Europea&#8221; (2016) y con diversos art\u00edculos sobre los conflictos surgidos en la zona balc\u00e1nica a finales del siglo XX.<\/p>\n<p><strong><a href=\"http:\/\/dialnet.unirioja.es\/servlet\/autor?codigo=98961\">Rafael\u00a0<\/a><a href=\"http:\/\/dialnet.unirioja.es\/servlet\/autor?codigo=98961\">Zurita Aldeguer<\/a><\/strong> es Catedr\u00e1tico de Historia Contempor\u00e1nea. Ha formado parte de varios proyectos I+D del Gobierno de Espa\u00f1a sobre la cultura pol\u00edtica del liberalismo en el siglo XIX. Uno de los resultados m\u00e1s destacados ha sido el libro, en coautor\u00eda con Maria Sierra y Mar\u00eda Antonia Pe\u00f1a: &#8220;Elegidos y elegibles. La representaci\u00f3n parlamentaria en la cultura del liberalismo&#8221; (Marcial Pons, 2010). En 2014, obtuvo el Premio &#8220;Ej\u00e9rcito&#8221; del Ministerio de Defensa, publicado bajo el t\u00edtulo: &#8220;Suchet en Espa\u00f1a: guerra y sociedad en las tierras del sur valenciano (1812-1814)&#8221;. Es autor de &#8220;Europa en la \u00e9poca de Napole\u00f3n&#8221; (S\u00edntesis, 2019) y director de &#8220;La guerra de la Independencia espa\u00f1ola. Memoria, paisajes e historia digital (Comares, 2022). En la actualidad, centra su investigaci\u00f3n en la historia p\u00fablica del per\u00edodo napole\u00f3nico. Dirige dos webs sem\u00e1nticas sobre el conflicto de 1808-1814: &#8220;Guerra e Historia p\u00fablica&#8221; (<a href=\"https:\/\/guerra-historia-publica.es\/\">https:\/\/guerra-historia-publica.es<\/a>) y &#8220;Paisajes de guerra&#8221; (<a href=\"https:\/\/www.patrimonio-paisaje-guerra.es\/\">https:\/\/www.patrimonio-paisaje-guerra.es\/<\/a>). Esta \u00faltima recibi\u00f3 en 2022 el Premio &#8220;Manuel P\u00e9rez Ledesma&#8221; de la Asociaci\u00f3n de Historia Contempor\u00e1nea.<\/p>\n<p>&nbsp;<\/p>\n<p><strong>Personal Colaborador Externo<\/strong><\/p>\n<p><strong><a href=\"https:\/\/dialnet.unirioja.es\/servlet\/autor?codigo=4467767\">Adam Abbou Franc\u00e9s<\/a><\/strong><\/p>\n<p><strong><a href=\"https:\/\/alicante.academia.edu\/EstherColladoFern%C3%A1ndez\">Esther <\/a><a href=\"https:\/\/alicante.academia.edu\/EstherColladoFern%C3%A1ndez\">Collado Fern\u00e1ndez\u00a0<\/a><\/strong>es graduada en Historia y M\u00e1ster en Historia de la Europa Contempor\u00e1nea: Identidades e Integraci\u00f3n, ambos con Premio extraordinario. Ha sido investigadora predoctoral en el Departamento de Humanidades Contempor\u00e1neas de la Universidad de Alicante gracias a una a una beca de Formaci\u00f3n del Profesorado Universitario otorgada por el Ministerio de Educaci\u00f3n, Cultura y Deporte. En estos momentos se encuentra acabando su tesis sobre la biograf\u00eda del general Leopoldo O\u2019Donnell. Tambi\u00e9n forma parte del proyecto de investigaci\u00f3n <em>Las monarqu\u00edas en Europa meridional (siglos XIX y XX). Culturas y pr\u00e1cticas de la realeza<\/em> financiado por el Ministerio de Econom\u00eda y Competitividad y fondos FEDER de la UE (HAR2016-75954-P) y es investigadora permanente de la C\u00e1tedra interuniversitaria de Memoria Democr\u00e1tica de la Comunitat Valenciana.<!--EndFragment --><\/p>\n<p><strong><a href=\"https:\/\/alicante.academia.edu\/JonatanPovedaJover\">Jonatan Poveda Jover<\/a><\/strong>\u00a0es licenciado en Historia, con M\u00e1ster en Historia de la Europa Contempor\u00e1nea: Identidades e Integraci\u00f3n y M\u00e1ster en Profesorado de Educaci\u00f3n Secundaria. Ha sido investigador predoctoral en el Departamento de Humanidades Contempor\u00e1neas de la Universidad de Alicante, llevando a cabo una tesis que lleva por t\u00edtulo &#8220;El autoritarismo regeneracionista de la Dictadura de Primo de Rivera en la provincia de Alicante\u201d. Ha participado en varios congresos y realizado publicaciones en torno a la pol\u00edtica econ\u00f3mica y de infraestructuras de la Dictadura de Primo de Rivera en las comarcas alicantinas. Asimismo, ha realizado otras aportaciones en torno al discurso del r\u00e9gimen, la pol\u00edtica de institucionalizaci\u00f3n y el tratamiento de fuentes documentales.<\/p>\n<p><strong><a href=\"https:\/\/alicante.academia.edu\/JuanBorisRuizN%C3%BA%C3%B1ez\/\">Juan Boris <\/a><a href=\"https:\/\/alicante.academia.edu\/JuanBorisRuizN%C3%BA%C3%B1ez\/\">Ruiz N\u00fa\u00f1ez<\/a>\u00a0<\/strong>ha sido<span style=\"color: #000000\"><span lang=\"es-ES\">\u00a0investigador predoctoral en la Universidad de Alicante gracias a una beca de Formaci\u00f3n del Profesorado Universitario otorgada por el Ministerio de Educaci\u00f3n, Cultura y Deporte <\/span><\/span><span style=\"color: #000000\"><span lang=\"es-ES\">(FPU14\/03250)<\/span><\/span><span style=\"color: #000000\"><span lang=\"es-ES\">. Su tesis, ya defendida, se titula &#8220;<a href=\"https:\/\/dialnet.unirioja.es\/servlet\/tesis?codigo=250127\">Los bombardeos a\u00e9reos republicanos en territorio sublevado durante la guerra civil espa\u00f1ola (1936-1939)<\/a>&#8220;.\u00a0<\/span><\/span><span style=\"color: #000000\"><span lang=\"es-ES\">Ha participado en distintos congresos y realizado diferentes publicaciones centradas en el periodo de la Guerra Civil espa\u00f1ola, entre las que destaca<\/span><\/span><span style=\"color: #000000\"><span lang=\"es-ES\">n<\/span><\/span><span style=\"color: #000000\"><span lang=\"es-ES\"> su<\/span><\/span><span style=\"color: #000000\"><span lang=\"es-ES\">s<\/span><\/span><span style=\"color: #000000\"><span lang=\"es-ES\"> art\u00edculo<\/span><\/span><span style=\"color: #000000\"><span lang=\"es-ES\">s<\/span><\/span><span style=\"color: #000000\"><span lang=\"es-ES\"> \u201c<a href=\"https:\/\/www.google.es\/url?sa=t&amp;rct=j&amp;q=&amp;esrc=s&amp;source=web&amp;cd=1&amp;ved=0ahUKEwjUvbC5mOXTAhXDPRoKHd6nBcUQFggnMAA&amp;url=http%3A%2F%2Fruhm.es%2Findex.php%2FRUHM%2Farticle%2Fdownload%2F142%2F128&amp;usg=AFQjCNFDGq8d4-3WI1PT116uebl6CIWiMg&amp;sig2=ftFe3Y-xBAzn-gEzy2FI4A\">El bombardeo a\u00e9reo como atributo de la guerra total: la poblaci\u00f3n de la retaguardia sublevada como objetivo de guerra del Gobierno republicano<\/a>\u201d publicado en la revista RUHM <\/span><\/span><span style=\"color: #000000\"><span lang=\"es-ES\">y \u201c<a href=\"http:\/\/www.revistacronopio.com\/?p=19015\">Las democracias tambi\u00e9n bombardean ciudades de retaguardia<\/a>\u201d publicado en la revista Cronopio<\/span><\/span><span style=\"color: #000000\"><span lang=\"es-ES\">. <\/span><\/span><span style=\"color: #000000\"><span lang=\"es-ES\">Tambi\u00e9n ha realizado diversas conferencias sobre historia digital y arquitectura defensiva durante la Guerra Civil. <\/span><\/span><span style=\"color: #000000\"><span lang=\"es-ES\">\u00a0<\/span><\/span><\/p>\n<p><strong><a href=\"https:\/\/alicante.academia.edu\/V%C3%ADctorS%C3%A1nchezMart%C3%ADn\">V\u00edctor S\u00e1nchez Martin<\/a><\/strong><\/p>\n","protected":false},"excerpt":{"rendered":"<p>Personal Investigador de la UA Rafael\u00a0Fern\u00e1ndez Sirvent (Director)\u00a0es doctor en Historia por la Universidad de Alicante (2004), con premio extraordinario de doctorado (2008) y un acc\u00e9sit, tambi\u00e9n por la tesis doctoral, concedido por el Ministerio de Defensa (Premios Ej\u00e9rcito 2004). Actualmente es profesor titular de Historia Contempor\u00e1nea en la UA. Premio nacional \u201cj\u00f3venes investigadores\u201d otorgado &hellip; <a href=\"https:\/\/blogs.ua.es\/espanacontemporanea\/personal-investigador-2\/\" class=\"more-link\">Continue reading <span class=\"screen-reader-text\">Personal Investigador<\/span> <span class=\"meta-nav\">&rarr;<\/span><\/a><\/p>\n","protected":false},"author":4022,"featured_media":0,"parent":0,"menu_order":0,"comment_status":"closed","ping_status":"closed","template":"","meta":{"footnotes":""},"class_list":["post-59","page","type-page","status-publish","hentry"],"_links":{"self":[{"href":"https:\/\/blogs.ua.es\/espanacontemporanea\/wp-json\/wp\/v2\/pages\/59","targetHints":{"allow":["GET"]}}],"collection":[{"href":"https:\/\/blogs.ua.es\/espanacontemporanea\/wp-json\/wp\/v2\/pages"}],"about":[{"href":"https:\/\/blogs.ua.es\/espanacontemporanea\/wp-json\/wp\/v2\/types\/page"}],"author":[{"embeddable":true,"href":"https:\/\/blogs.ua.es\/espanacontemporanea\/wp-json\/wp\/v2\/users\/4022"}],"replies":[{"embeddable":true,"href":"https:\/\/blogs.ua.es\/espanacontemporanea\/wp-json\/wp\/v2\/comments?post=59"}],"version-history":[{"count":48,"href":"https:\/\/blogs.ua.es\/espanacontemporanea\/wp-json\/wp\/v2\/pages\/59\/revisions"}],"predecessor-version":[{"id":933,"href":"https:\/\/blogs.ua.es\/espanacontemporanea\/wp-json\/wp\/v2\/pages\/59\/revisions\/933"}],"wp:attachment":[{"href":"https:\/\/blogs.ua.es\/espanacontemporanea\/wp-json\/wp\/v2\/media?parent=59"}],"curies":[{"name":"wp","href":"https:\/\/api.w.org\/{rel}","templated":true}]}}