{"id":63,"date":"2015-12-21T16:53:47","date_gmt":"2015-12-21T16:53:47","guid":{"rendered":"https:\/\/blogs.ua.es\/espanacontemporanea\/?page_id=63"},"modified":"2022-12-18T09:56:32","modified_gmt":"2022-12-18T09:56:32","slug":"lineas-de-investigacion","status":"publish","type":"page","link":"https:\/\/blogs.ua.es\/espanacontemporanea\/lineas-de-investigacion\/","title":{"rendered":"L\u00edneas de investigaci\u00f3n"},"content":{"rendered":"<p>Espa\u00f1a Contempor\u00e1nea (EC) es un grupo de investigaci\u00f3n del Departamento de Humanidades Contempor\u00e1neas de la Universidad de Alicante centrado en el estudio de la Espa\u00f1a de los siglos XIX y XX.<\/p>\n<p>Sus principales l\u00edneas de investigaci\u00f3n son las siguientes:<\/p>\n<ul>\n<li>Historia de las mujeres y de g\u00e9nero en la Espa\u00f1a contempor\u00e1nea<\/li>\n<li>\n<div><span lang=\"ES\">Historia pol\u00edtica y cultural de la educaci\u00f3n f\u00edsica y el deporte en Espa\u00f1a y Europa<\/span><\/div>\n<\/li>\n<li>Historia p\u00fablica e historia digital<\/li>\n<li>Imaginarios mon\u00e1rquicos y republicanos en Espa\u00f1a, Europa meridional y Am\u00e9rica Latina contempor\u00e1neas<\/li>\n<li>Naci\u00f3n y culturas pol\u00edticas en la Espa\u00f1a contempor\u00e1nea<\/li>\n<li>Transici\u00f3n, democracia y memoria democr\u00e1tica en la Comunitat Valenciana y en Espa\u00f1a<\/li>\n<\/ul>\n","protected":false},"excerpt":{"rendered":"<p>Espa\u00f1a Contempor\u00e1nea (EC) es un grupo de investigaci\u00f3n del Departamento de Humanidades Contempor\u00e1neas de la Universidad de Alicante centrado en el estudio de la Espa\u00f1a de los siglos XIX y XX. Sus principales l\u00edneas de investigaci\u00f3n son las siguientes: Historia de las mujeres y de g\u00e9nero en la Espa\u00f1a contempor\u00e1nea Historia pol\u00edtica y cultural de &hellip; <a href=\"https:\/\/blogs.ua.es\/espanacontemporanea\/lineas-de-investigacion\/\" class=\"more-link\">Continue reading <span class=\"screen-reader-text\">L\u00edneas de investigaci\u00f3n<\/span> <span class=\"meta-nav\">&rarr;<\/span><\/a><\/p>\n","protected":false},"author":4022,"featured_media":0,"parent":0,"menu_order":0,"comment_status":"closed","ping_status":"closed","template":"","meta":{"footnotes":""},"class_list":["post-63","page","type-page","status-publish","hentry"],"_links":{"self":[{"href":"https:\/\/blogs.ua.es\/espanacontemporanea\/wp-json\/wp\/v2\/pages\/63","targetHints":{"allow":["GET"]}}],"collection":[{"href":"https:\/\/blogs.ua.es\/espanacontemporanea\/wp-json\/wp\/v2\/pages"}],"about":[{"href":"https:\/\/blogs.ua.es\/espanacontemporanea\/wp-json\/wp\/v2\/types\/page"}],"author":[{"embeddable":true,"href":"https:\/\/blogs.ua.es\/espanacontemporanea\/wp-json\/wp\/v2\/users\/4022"}],"replies":[{"embeddable":true,"href":"https:\/\/blogs.ua.es\/espanacontemporanea\/wp-json\/wp\/v2\/comments?post=63"}],"version-history":[{"count":9,"href":"https:\/\/blogs.ua.es\/espanacontemporanea\/wp-json\/wp\/v2\/pages\/63\/revisions"}],"predecessor-version":[{"id":918,"href":"https:\/\/blogs.ua.es\/espanacontemporanea\/wp-json\/wp\/v2\/pages\/63\/revisions\/918"}],"wp:attachment":[{"href":"https:\/\/blogs.ua.es\/espanacontemporanea\/wp-json\/wp\/v2\/media?parent=63"}],"curies":[{"name":"wp","href":"https:\/\/api.w.org\/{rel}","templated":true}]}}