{"id":66,"date":"2015-12-21T16:57:38","date_gmt":"2015-12-21T16:57:38","guid":{"rendered":"https:\/\/blogs.ua.es\/espanacontemporanea\/?page_id=66"},"modified":"2020-02-20T12:50:13","modified_gmt":"2020-02-20T12:50:13","slug":"oferta-investigadora","status":"publish","type":"page","link":"https:\/\/blogs.ua.es\/espanacontemporanea\/oferta-investigadora\/","title":{"rendered":"Oferta investigadora"},"content":{"rendered":"<ul>\n<li><a href=\"https:\/\/dhcon.ua.es\/mahec\/#\">M\u00e1ster en Historia de la Europa Contempor\u00e1nea: identidades e integraci\u00f3n<\/a>\n<ul>\n<li>Se encarga de abordar desde distintas perspectivas la historia contempor\u00e1nea de Europa y de la integraci\u00f3n europea. Su plan de estudios combina materias que permiten analizar el proceso desde una \u00f3ptica multidisciplinar y comparada: hist\u00f3rica, pol\u00edtica, econ\u00f3mica, social\u00a0 y cultural.<\/li>\n<li>Adem\u00e1s de proporcionar una formaci\u00f3n acad\u00e9mica avanzada, este M\u00e1ster introducir\u00e1 a quienes lo cursen en las t\u00e9cnicas y m\u00e9todos de investigaci\u00f3n en Historia Contempor\u00e1nea y contribuir\u00e1 a la formaci\u00f3n de futuros doctores\/as en esta materia.<\/li>\n<li><a href=\"https:\/\/lletres.ua.es\/es\/documentos\/postgrado\/d071.pdf\">Plan de estudios<\/a><\/li>\n<\/ul>\n<\/li>\n<\/ul>\n<ul>\n<li><a href=\"https:\/\/lletres.ua.es\/es\/postgrado\/pd-en-filosofia-y-letras.html\">Programa de Doctorado en Filosof\u00eda y Letras<\/a><\/li>\n<\/ul>\n","protected":false},"excerpt":{"rendered":"<p>M\u00e1ster en Historia de la Europa Contempor\u00e1nea: identidades e integraci\u00f3n Se encarga de abordar desde distintas perspectivas la historia contempor\u00e1nea de Europa y de la integraci\u00f3n europea. Su plan de estudios combina materias que permiten analizar el proceso desde una \u00f3ptica multidisciplinar y comparada: hist\u00f3rica, pol\u00edtica, econ\u00f3mica, social\u00a0 y cultural. Adem\u00e1s de proporcionar una formaci\u00f3n &hellip; <a href=\"https:\/\/blogs.ua.es\/espanacontemporanea\/oferta-investigadora\/\" class=\"more-link\">Continue reading <span class=\"screen-reader-text\">Oferta investigadora<\/span> <span class=\"meta-nav\">&rarr;<\/span><\/a><\/p>\n","protected":false},"author":4022,"featured_media":0,"parent":0,"menu_order":0,"comment_status":"closed","ping_status":"closed","template":"","meta":{"footnotes":""},"class_list":["post-66","page","type-page","status-publish","hentry"],"_links":{"self":[{"href":"https:\/\/blogs.ua.es\/espanacontemporanea\/wp-json\/wp\/v2\/pages\/66","targetHints":{"allow":["GET"]}}],"collection":[{"href":"https:\/\/blogs.ua.es\/espanacontemporanea\/wp-json\/wp\/v2\/pages"}],"about":[{"href":"https:\/\/blogs.ua.es\/espanacontemporanea\/wp-json\/wp\/v2\/types\/page"}],"author":[{"embeddable":true,"href":"https:\/\/blogs.ua.es\/espanacontemporanea\/wp-json\/wp\/v2\/users\/4022"}],"replies":[{"embeddable":true,"href":"https:\/\/blogs.ua.es\/espanacontemporanea\/wp-json\/wp\/v2\/comments?post=66"}],"version-history":[{"count":9,"href":"https:\/\/blogs.ua.es\/espanacontemporanea\/wp-json\/wp\/v2\/pages\/66\/revisions"}],"predecessor-version":[{"id":714,"href":"https:\/\/blogs.ua.es\/espanacontemporanea\/wp-json\/wp\/v2\/pages\/66\/revisions\/714"}],"wp:attachment":[{"href":"https:\/\/blogs.ua.es\/espanacontemporanea\/wp-json\/wp\/v2\/media?parent=66"}],"curies":[{"name":"wp","href":"https:\/\/api.w.org\/{rel}","templated":true}]}}