{"id":70,"date":"2015-12-21T17:00:04","date_gmt":"2015-12-21T17:00:04","guid":{"rendered":"https:\/\/blogs.ua.es\/espanacontemporanea\/?page_id=70"},"modified":"2020-11-02T08:27:04","modified_gmt":"2020-11-02T08:27:04","slug":"memorias","status":"publish","type":"page","link":"https:\/\/blogs.ua.es\/espanacontemporanea\/memorias\/","title":{"rendered":"Memorias"},"content":{"rendered":"<figure id=\"attachment_227\" aria-describedby=\"caption-attachment-227\" style=\"width: 300px\" class=\"wp-caption aligncenter\"><a href=\"https:\/\/blogs.ua.es\/espanacontemporanea\/files\/2015\/12\/Evstafiev-bosnia-cello.jpg\"><img loading=\"lazy\" decoding=\"async\" class=\"wp-image-227 size-medium\" src=\"https:\/\/blogs.ua.es\/espanacontemporanea\/files\/2015\/12\/Evstafiev-bosnia-cello-300x202.jpg\" width=\"300\" height=\"202\" srcset=\"https:\/\/blogs.ua.es\/espanacontemporanea\/files\/2015\/12\/Evstafiev-bosnia-cello-300x202.jpg 300w, https:\/\/blogs.ua.es\/espanacontemporanea\/files\/2015\/12\/Evstafiev-bosnia-cello-120x80.jpg 120w, https:\/\/blogs.ua.es\/espanacontemporanea\/files\/2015\/12\/Evstafiev-bosnia-cello.jpg 700w\" sizes=\"auto, (max-width: 300px) 100vw, 300px\" \/><\/a><figcaption id=\"caption-attachment-227\" class=\"wp-caption-text\">Vedran Smailovi\u0107 tocando en la parcialmente destruida Biblioteca Nacional de Sarajevo, en 1992 (Fuente: Wikipedia)<\/figcaption><\/figure>\n<p style=\"text-align: center\"><strong>Memorias anuales del proyecto de investigaci\u00f3n donde se incluye una relaci\u00f3n de los investigadores participantes, las l\u00edneas desarrolladas y los resultados obtenidos.<\/strong><\/p>\n<p style=\"text-align: center\">Memoria <a href=\"http:\/\/aplicacionesua.cpd.ua.es\/OtrosArchivos\/Curriculum\/docsMemoria\/es\/grupo\/2020\/579.pdf\">2020<\/a><\/p>\n<p style=\"text-align: center\">Memoria <a href=\"http:\/\/aplicacionesua.cpd.ua.es\/OtrosArchivos\/Curriculum\/docsMemoria\/es\/grupo\/2019\/579.pdf\">2019<\/a><\/p>\n<p style=\"text-align: center\">Memoria <a href=\"http:\/\/aplicacionesua.cpd.ua.es\/OtrosArchivos\/Curriculum\/docsMemoria\/es\/grupo\/2018\/579.pdf\">2018<\/a><\/p>\n<p style=\"text-align: center\">Memoria <a href=\"http:\/\/aplicacionesua.cpd.ua.es\/OtrosArchivos\/Curriculum\/docsMemoria\/es\/grupo\/2017\/579.pdf\">2017<\/a><\/p>\n<p style=\"text-align: center\">Memoria <a href=\"http:\/\/aplicacionesua.cpd.ua.es\/OtrosArchivos\/Curriculum\/docsMemoria\/es\/grupo\/2016\/579.pdf\">2016<\/a><\/p>\n<p style=\"text-align: center\">Memoria\u00a0<a href=\"http:\/\/aplicacionesua.cpd.ua.es\/OtrosArchivos\/Curriculum\/docsMemoria\/es\/grupo\/2015\/579.pdf\" target=\"_blank\" rel=\"noopener noreferrer\">2015<\/a><\/p>\n<p style=\"text-align: center\">Memoria\u00a0\u00a0<a href=\"http:\/\/aplicacionesua.cpd.ua.es\/OtrosArchivos\/Curriculum\/docsMemoria\/es\/grupo\/2014\/579.pdf\" target=\"_blank\" rel=\"noopener noreferrer\">2014<\/a><\/p>\n<p style=\"text-align: center\">Memoria\u00a0\u00a0<a href=\"http:\/\/aplicacionesua.cpd.ua.es\/OtrosArchivos\/Curriculum\/docsMemoria\/es\/grupo\/2013\/579.pdf\" target=\"_blank\" rel=\"noopener noreferrer\">2013<\/a><\/p>\n<p style=\"text-align: center\">Memoria\u00a0\u00a0<a href=\"http:\/\/aplicacionesua.cpd.ua.es\/OtrosArchivos\/Curriculum\/docsMemoria\/es\/grupo\/2012\/579.pdf\" target=\"_blank\" rel=\"noopener noreferrer\">2012<\/a><\/p>\n<p style=\"text-align: center\">Memoria\u00a0\u00a0<a href=\"http:\/\/aplicacionesua.cpd.ua.es\/OtrosArchivos\/Curriculum\/docsMemoria\/es\/grupo\/2011\/579.pdf\" target=\"_blank\" rel=\"noopener noreferrer\">2011<\/a><\/p>\n<p style=\"text-align: center\">Memoria\u00a0\u00a0<a href=\"http:\/\/aplicacionesua.cpd.ua.es\/OtrosArchivos\/Curriculum\/docsMemoria\/es\/grupo\/2010\/579.pdf\" target=\"_blank\" rel=\"noopener noreferrer\">2010<\/a><\/p>\n<p style=\"text-align: center\">Memoria\u00a0\u00a0<a href=\"http:\/\/aplicacionesua.cpd.ua.es\/OtrosArchivos\/Curriculum\/docsMemoria\/es\/grupo\/2009\/579.pdf\" target=\"_blank\" rel=\"noopener noreferrer\">2009<\/a><\/p>\n<p style=\"text-align: center\">Memoria\u00a0\u00a0<a href=\"http:\/\/aplicacionesua.cpd.ua.es\/OtrosArchivos\/Curriculum\/docsMemoria\/es\/grupo\/2008\/579.pdf\" target=\"_blank\" rel=\"noopener noreferrer\">2008<\/a><\/p>\n<p style=\"text-align: center\">Memoria\u00a0\u00a0<a href=\"http:\/\/aplicacionesua.cpd.ua.es\/OtrosArchivos\/Curriculum\/docsMemoria\/es\/grupo\/2007\/579.pdf\" target=\"_blank\" rel=\"noopener noreferrer\">2007<\/a><\/p>\n<p style=\"text-align: center\">Memoria\u00a0\u00a0<a href=\"http:\/\/aplicacionesua.cpd.ua.es\/OtrosArchivos\/Curriculum\/docsMemoria\/es\/grupo\/2006\/579.pdf\" target=\"_blank\" rel=\"noopener noreferrer\">2006<\/a><\/p>\n<p style=\"text-align: center\">Memoria\u00a0\u00a0<a href=\"http:\/\/aplicacionesua.cpd.ua.es\/OtrosArchivos\/Curriculum\/docsMemoria\/es\/grupo\/2005\/579.pdf\" target=\"_blank\" rel=\"noopener noreferrer\">2005<\/a><\/p>\n<p style=\"text-align: center\">Memoria\u00a0\u00a0<a href=\"http:\/\/aplicacionesua.cpd.ua.es\/OtrosArchivos\/Curriculum\/docsMemoria\/es\/grupo\/2004\/579.pdf\" target=\"_blank\" rel=\"noopener noreferrer\">2004<\/a><\/p>\n<p style=\"text-align: center\">Memoria\u00a0\u00a0<a href=\"http:\/\/aplicacionesua.cpd.ua.es\/OtrosArchivos\/Curriculum\/docsMemoria\/es\/grupo\/2003\/579.pdf\" target=\"_blank\" rel=\"noopener noreferrer\">2003<\/a><\/p>\n<p style=\"text-align: center\">Memoria\u00a0\u00a0<a href=\"http:\/\/aplicacionesua.cpd.ua.es\/OtrosArchivos\/Curriculum\/docsMemoria\/es\/grupo\/2002\/579.pdf\" target=\"_blank\" rel=\"noopener noreferrer\">2002<\/a><\/p>\n","protected":false},"excerpt":{"rendered":"<p>Memorias anuales del proyecto de investigaci\u00f3n donde se incluye una relaci\u00f3n de los investigadores participantes, las l\u00edneas desarrolladas y los resultados obtenidos. Memoria 2020 Memoria 2019 Memoria 2018 Memoria 2017 Memoria 2016 Memoria\u00a02015 Memoria\u00a0\u00a02014 Memoria\u00a0\u00a02013 Memoria\u00a0\u00a02012 Memoria\u00a0\u00a02011 Memoria\u00a0\u00a02010 Memoria\u00a0\u00a02009 Memoria\u00a0\u00a02008 Memoria\u00a0\u00a02007 Memoria\u00a0\u00a02006 Memoria\u00a0\u00a02005 Memoria\u00a0\u00a02004 Memoria\u00a0\u00a02003 Memoria\u00a0\u00a02002<\/p>\n","protected":false},"author":4022,"featured_media":0,"parent":0,"menu_order":0,"comment_status":"closed","ping_status":"closed","template":"","meta":{"footnotes":""},"class_list":["post-70","page","type-page","status-publish","hentry"],"_links":{"self":[{"href":"https:\/\/blogs.ua.es\/espanacontemporanea\/wp-json\/wp\/v2\/pages\/70","targetHints":{"allow":["GET"]}}],"collection":[{"href":"https:\/\/blogs.ua.es\/espanacontemporanea\/wp-json\/wp\/v2\/pages"}],"about":[{"href":"https:\/\/blogs.ua.es\/espanacontemporanea\/wp-json\/wp\/v2\/types\/page"}],"author":[{"embeddable":true,"href":"https:\/\/blogs.ua.es\/espanacontemporanea\/wp-json\/wp\/v2\/users\/4022"}],"replies":[{"embeddable":true,"href":"https:\/\/blogs.ua.es\/espanacontemporanea\/wp-json\/wp\/v2\/comments?post=70"}],"version-history":[{"count":7,"href":"https:\/\/blogs.ua.es\/espanacontemporanea\/wp-json\/wp\/v2\/pages\/70\/revisions"}],"predecessor-version":[{"id":734,"href":"https:\/\/blogs.ua.es\/espanacontemporanea\/wp-json\/wp\/v2\/pages\/70\/revisions\/734"}],"wp:attachment":[{"href":"https:\/\/blogs.ua.es\/espanacontemporanea\/wp-json\/wp\/v2\/media?parent=70"}],"curies":[{"name":"wp","href":"https:\/\/api.w.org\/{rel}","templated":true}]}}