{"id":72,"date":"2015-12-21T17:01:34","date_gmt":"2015-12-21T17:01:34","guid":{"rendered":"https:\/\/blogs.ua.es\/espanacontemporanea\/?page_id=72"},"modified":"2021-06-11T14:26:29","modified_gmt":"2021-06-11T14:26:29","slug":"revista-pasado-y-memoria","status":"publish","type":"page","link":"https:\/\/blogs.ua.es\/espanacontemporanea\/revista-pasado-y-memoria\/","title":{"rendered":"Pasado y Memoria"},"content":{"rendered":"<p style=\"text-align: left\"><a href=\"https:\/\/blogs.ua.es\/espanacontemporanea\/files\/2015\/12\/logogris.jpg\"><img loading=\"lazy\" decoding=\"async\" class=\"size-full wp-image-53 aligncenter\" src=\"https:\/\/blogs.ua.es\/espanacontemporanea\/files\/2015\/12\/logogris.jpg\" alt=\"logogris\" width=\"265\" height=\"128\" \/><\/a><\/p>\n<p style=\"text-align: justify\"><a href=\"https:\/\/pasadoymemoria.ua.es\" target=\"_blank\" rel=\"noopener\"><em>Pasado y Memoria. Revista de Historia Contempor\u00e1nea<\/em><\/a> pretende extender el cauce de comunicaci\u00f3n entre quienes nos interesamos por el an\u00e1lisis e interpretaci\u00f3n de los sucesos y procesos hist\u00f3ricos acaecidos en las dos \u00faltimas centurias. El t\u00edtulo de la revista obedece precisamente a que el pasado es el campo de estudio de la historia y la memoria es uno de los factores que configuran nuestro pasado pr\u00f3ximo. Otro de sus objetivos es propiciar el intercambio de opiniones y el debate de ideas y planteamientos con los que se pueda ensanchar el marco y enriquecer el instrumental con el que se realizan las investigaciones. La edici\u00f3n electr\u00f3nica, en particular, permitir\u00e1 estrechar y hacer m\u00e1s fluida la relaci\u00f3n de manera que facilite el intercambio de ideas, agilice el debate y nos oriente en la elaboraci\u00f3n de cada n\u00famero para dar cabida en sus p\u00e1ginas aquellas cuestiones que susciten mayor inter\u00e9s en nuestro colectivo. Intentamos, por lo tanto, ofrecer una revista \u00fatil, que est\u00e9 presente en el medio real en el que se desarrolla la investigaci\u00f3n en Historia Contempor\u00e1nea y que, por ser lugar de encuentro, act\u00fae como veh\u00edculo de comunicaci\u00f3n entre quienes nos dedicamos a la historia.<\/p>\n","protected":false},"excerpt":{"rendered":"<p>Pasado y Memoria. Revista de Historia Contempor\u00e1nea pretende extender el cauce de comunicaci\u00f3n entre quienes nos interesamos por el an\u00e1lisis e interpretaci\u00f3n de los sucesos y procesos hist\u00f3ricos acaecidos en las dos \u00faltimas centurias. El t\u00edtulo de la revista obedece precisamente a que el pasado es el campo de estudio de la historia y la &hellip; <a href=\"https:\/\/blogs.ua.es\/espanacontemporanea\/revista-pasado-y-memoria\/\" class=\"more-link\">Continue reading <span class=\"screen-reader-text\">Pasado y Memoria<\/span> <span class=\"meta-nav\">&rarr;<\/span><\/a><\/p>\n","protected":false},"author":4022,"featured_media":0,"parent":0,"menu_order":0,"comment_status":"closed","ping_status":"closed","template":"","meta":{"footnotes":""},"class_list":["post-72","page","type-page","status-publish","hentry"],"_links":{"self":[{"href":"https:\/\/blogs.ua.es\/espanacontemporanea\/wp-json\/wp\/v2\/pages\/72","targetHints":{"allow":["GET"]}}],"collection":[{"href":"https:\/\/blogs.ua.es\/espanacontemporanea\/wp-json\/wp\/v2\/pages"}],"about":[{"href":"https:\/\/blogs.ua.es\/espanacontemporanea\/wp-json\/wp\/v2\/types\/page"}],"author":[{"embeddable":true,"href":"https:\/\/blogs.ua.es\/espanacontemporanea\/wp-json\/wp\/v2\/users\/4022"}],"replies":[{"embeddable":true,"href":"https:\/\/blogs.ua.es\/espanacontemporanea\/wp-json\/wp\/v2\/comments?post=72"}],"version-history":[{"count":6,"href":"https:\/\/blogs.ua.es\/espanacontemporanea\/wp-json\/wp\/v2\/pages\/72\/revisions"}],"predecessor-version":[{"id":770,"href":"https:\/\/blogs.ua.es\/espanacontemporanea\/wp-json\/wp\/v2\/pages\/72\/revisions\/770"}],"wp:attachment":[{"href":"https:\/\/blogs.ua.es\/espanacontemporanea\/wp-json\/wp\/v2\/media?parent=72"}],"curies":[{"name":"wp","href":"https:\/\/api.w.org\/{rel}","templated":true}]}}