{"id":74,"date":"2015-12-21T17:02:22","date_gmt":"2015-12-21T17:02:22","guid":{"rendered":"https:\/\/blogs.ua.es\/espanacontemporanea\/?page_id=74"},"modified":"2022-05-13T11:46:58","modified_gmt":"2022-05-13T11:46:58","slug":"proyectos","status":"publish","type":"page","link":"https:\/\/blogs.ua.es\/espanacontemporanea\/proyectos\/","title":{"rendered":"Proyectos"},"content":{"rendered":"<p>Actualmente, participamos en los siguientes proyectos:<\/p>\n<ul>\n<li><a href=\"http:\/\/www.cervantesvirtual.com\/portales\/reyes_y_reinas_espana_contemporanea\/\">Reyes y Reinas de la Espa\u00f1a Contempor\u00e1nea<\/a><\/li>\n<li><a href=\"https:\/\/www.patrimonio-paisaje-guerra.es\/\">PAdGUE (Paisajes de guerra 1808-1814)<\/a><\/li>\n<li><a href=\"https:\/\/www.guerra-historia-publica.es\/\">GeHP (Guerra e Historia P\u00fablica)<\/a><\/li>\n<li><a href=\"https:\/\/memoriarecuperada.ua.es\/\">La memoria recuperada. V\u00edctimas de la guerra civil y la dictadura franquista en la Comunidad Valenciana<\/a><\/li>\n<li><a href=\"https:\/\/blogs.ua.es\/mujeresactivistasmodernas\/\">Mujeres Activistas 1920-1939<\/a><\/li>\n<\/ul>\n<p>Pod\u00e9is encontrar m\u00e1s informaci\u00f3n en el enlace a <a href=\"https:\/\/cvnet.cpd.ua.es\/curriculum-breve\/grp\/es\/espana-contemporanea-(ec)\/579\">nuestro grupo de investigaci\u00f3n<\/a>.<\/p>\n","protected":false},"excerpt":{"rendered":"<p>Actualmente, participamos en los siguientes proyectos: Reyes y Reinas de la Espa\u00f1a Contempor\u00e1nea PAdGUE (Paisajes de guerra 1808-1814) GeHP (Guerra e Historia P\u00fablica) La memoria recuperada. V\u00edctimas de la guerra civil y la dictadura franquista en la Comunidad Valenciana Mujeres Activistas 1920-1939 Pod\u00e9is encontrar m\u00e1s informaci\u00f3n en el enlace a nuestro grupo de investigaci\u00f3n.<\/p>\n","protected":false},"author":4022,"featured_media":0,"parent":0,"menu_order":0,"comment_status":"closed","ping_status":"closed","template":"","meta":{"footnotes":""},"class_list":["post-74","page","type-page","status-publish","hentry"],"_links":{"self":[{"href":"https:\/\/blogs.ua.es\/espanacontemporanea\/wp-json\/wp\/v2\/pages\/74","targetHints":{"allow":["GET"]}}],"collection":[{"href":"https:\/\/blogs.ua.es\/espanacontemporanea\/wp-json\/wp\/v2\/pages"}],"about":[{"href":"https:\/\/blogs.ua.es\/espanacontemporanea\/wp-json\/wp\/v2\/types\/page"}],"author":[{"embeddable":true,"href":"https:\/\/blogs.ua.es\/espanacontemporanea\/wp-json\/wp\/v2\/users\/4022"}],"replies":[{"embeddable":true,"href":"https:\/\/blogs.ua.es\/espanacontemporanea\/wp-json\/wp\/v2\/comments?post=74"}],"version-history":[{"count":8,"href":"https:\/\/blogs.ua.es\/espanacontemporanea\/wp-json\/wp\/v2\/pages\/74\/revisions"}],"predecessor-version":[{"id":874,"href":"https:\/\/blogs.ua.es\/espanacontemporanea\/wp-json\/wp\/v2\/pages\/74\/revisions\/874"}],"wp:attachment":[{"href":"https:\/\/blogs.ua.es\/espanacontemporanea\/wp-json\/wp\/v2\/media?parent=74"}],"curies":[{"name":"wp","href":"https:\/\/api.w.org\/{rel}","templated":true}]}}