{"id":100,"date":"2010-09-28T19:58:47","date_gmt":"2010-09-28T17:58:47","guid":{"rendered":"https:\/\/blogs.ua.es\/espanafrancia\/?page_id=100"},"modified":"2011-01-21T15:55:12","modified_gmt":"2011-01-21T13:55:12","slug":"carlos-i","status":"publish","type":"page","link":"https:\/\/blogs.ua.es\/espanafrancia\/el-siglo-xvi\/contexto\/carlos-i\/","title":{"rendered":"Carlos I"},"content":{"rendered":"<p style=\"text-align: center\">\u00a0<img loading=\"lazy\" decoding=\"async\" src=\"https:\/\/blogs.ua.es\/espanafrancia\/files\/2010\/09\/Carlos-I-244x300.jpg\" alt=\"\" width=\"244\" height=\"300\" \/><\/p>\n<p style=\"text-align: justify\"><strong>Carlos I (1500-1558)<\/strong>. Rey de la Monarqu\u00eda Hispana. Primer monarca de la casa de Habsburgo, accedi\u00f3 al trono en 1516 juntando una enorme herencia: de su madre recibi\u00f3 la Corona de Castilla y las Indias; de su abuelo materno, la de Arag\u00f3n con sus dominios de Cerde\u00f1a, Sicilia y N\u00e1poles; de su padre parte de las posesiones de la Casa de Borgo\u00f1a (Pa\u00edses Bajos y Franco Condado); y de su abuelo paterno, el ducado de Austria y la posibilidad de ce\u00f1ir la corona del Imperio.\u00a0<\/p>\n<p style=\"text-align: justify\">Fue un monarca itinerante que pas\u00f3 m\u00e1s tiempo fuera de Espa\u00f1a que en ella, dejando su gobierno a secretarios y a su esposa Mar\u00eda de Portugal en calidad de regente. Pese a dificultades como el conflicto comunero, consider\u00f3 que Castilla era el eje de sus reinos y transmiti\u00f3 esa idea a su hijo Felipe II. Fue elegido emperador en 1519 con el nombre de Carlos V, gracias a un cuantioso pr\u00e9stamo concedido por el banquero alem\u00e1n Jacobo Fugger que le permiti\u00f3 pujar m\u00e1s alto que los reyes de Francia e Inglaterra en la compra de los nobles y obispos con derecho a voto.\u00a0<\/p>\n<p style=\"text-align: justify\">Dicha elecci\u00f3n condicion\u00f3 su pol\u00edtica exterior: el t\u00edtulo imperial obligaba a defender la Cristiandad de sus enemigos exteriores, lo que le enfrasc\u00f3 en sucesivas guerras con los turcos, e interiores, enfrent\u00e1ndolo a los protestantes. Asimismo, hered\u00f3 de los Reyes Cat\u00f3licos el conflicto con Francia, basado en la pugna por la supremac\u00eda en Italia y el intento de recuperar el ducado de Borgo\u00f1a, perteneciente a sus antepasados, y que lo franceses se hab\u00edan anexionado en 1477. El balance de los sucesivos combates, sancionado por la paz de Cambrai y otras posteriores, fue desfavorable para Francia pese a su alianza con turcos y protestantes. Aunque fue el monarca m\u00e1s poderoso de su tiempo, no logr\u00f3 culminar de\u00a0forma exitosa todos los retos pendientes: su conflicto con los turcos qued\u00f3 en tablas; tuvo que aceptar el avance del protestantismo en Alemania; y, pese a sus \u00e9xitos, no logr\u00f3 doblegar a Francia, un reino m\u00e1s rico y poblado que la monarqu\u00eda hispana.\u00a0<\/p>\n<p style=\"text-align: justify\">Parte de ese fracaso se debi\u00f3 a una pol\u00edtica con multitud de frentes y con grandes necesidades financieras derivadas del pago a ej\u00e9rcitos constituidos mayoritariamente por mercenarios. Carlos I recurri\u00f3 a los ingresos proporcionados por sus territorios m\u00e1s ricos: los Pa\u00edses Bajos y, sobre todo, Castilla, donde los monarcas ten\u00edan menos l\u00edmites a la hora de extraer recursos del reino; al tesoro americano; y, sobre todo,\u00a0 a los pr\u00e9stamos que elevaron el volumen de la deuda y condujeron a su Hacienda a la bancarrota.\u00a0<\/p>\n<p style=\"text-align: justify\">Carlos I estuvo a caballo entre la Edad Media y el Renacimiento; mantuvo la idea imperial y actu\u00f3 como un guerrero; por otra parte, se vio muy influido por el erasmismo, si bien los avances protestantes enfriaron su tolerancia. Abdic\u00f3 en 1556 dividiendo sus territorios entre su hijo Felipe II y su hermano Fernando I, al que dej\u00f3 Austria y el t\u00edtulo imperial, a fin de hacer m\u00e1s gobernable su\u00a0herencia. Tras esto, se retir\u00f3 al monasterio extreme\u00f1o de Yuste, donde permaneci\u00f3 hasta su muerte.<\/p>\n","protected":false},"excerpt":{"rendered":"<p>\u00a0 Carlos I (1500-1558). Rey de la Monarqu\u00eda Hispana. Primer monarca de la casa de Habsburgo, accedi\u00f3 al trono en 1516 juntando una enorme herencia: de su madre recibi\u00f3 la Corona de Castilla y las Indias; de su abuelo materno, la de Arag\u00f3n con sus dominios de Cerde\u00f1a, Sicilia y N\u00e1poles; de su padre parte [&hellip;]<\/p>\n","protected":false},"author":1739,"featured_media":0,"parent":149,"menu_order":2,"comment_status":"open","ping_status":"open","template":"","meta":{"footnotes":""},"class_list":["post-100","page","type-page","status-publish","hentry"],"_links":{"self":[{"href":"https:\/\/blogs.ua.es\/espanafrancia\/wp-json\/wp\/v2\/pages\/100","targetHints":{"allow":["GET"]}}],"collection":[{"href":"https:\/\/blogs.ua.es\/espanafrancia\/wp-json\/wp\/v2\/pages"}],"about":[{"href":"https:\/\/blogs.ua.es\/espanafrancia\/wp-json\/wp\/v2\/types\/page"}],"author":[{"embeddable":true,"href":"https:\/\/blogs.ua.es\/espanafrancia\/wp-json\/wp\/v2\/users\/1739"}],"replies":[{"embeddable":true,"href":"https:\/\/blogs.ua.es\/espanafrancia\/wp-json\/wp\/v2\/comments?post=100"}],"version-history":[{"count":11,"href":"https:\/\/blogs.ua.es\/espanafrancia\/wp-json\/wp\/v2\/pages\/100\/revisions"}],"predecessor-version":[{"id":104,"href":"https:\/\/blogs.ua.es\/espanafrancia\/wp-json\/wp\/v2\/pages\/100\/revisions\/104"}],"up":[{"embeddable":true,"href":"https:\/\/blogs.ua.es\/espanafrancia\/wp-json\/wp\/v2\/pages\/149"}],"wp:attachment":[{"href":"https:\/\/blogs.ua.es\/espanafrancia\/wp-json\/wp\/v2\/media?parent=100"}],"curies":[{"name":"wp","href":"https:\/\/api.w.org\/{rel}","templated":true}]}}