{"id":149,"date":"2010-09-28T21:20:33","date_gmt":"2010-09-28T19:20:33","guid":{"rendered":"https:\/\/blogs.ua.es\/espanafrancia\/?page_id=149"},"modified":"2018-07-03T10:12:24","modified_gmt":"2018-07-03T08:12:24","slug":"contexto","status":"publish","type":"page","link":"https:\/\/blogs.ua.es\/espanafrancia\/el-siglo-xvi\/contexto\/","title":{"rendered":"Contexto: Recepci\u00f3n de las nuevas teor\u00edas pol\u00edticas (ss. XVI-XVII)"},"content":{"rendered":"<p>Debate en torno al car\u00e1cter de la recepci\u00f3n de las nuevas teor\u00edas pol\u00edticas europeas entre las \u00e9lites pol\u00edticas y acad\u00e9micas espa\u00f1olas en tiempos de la Monarqu\u00eda Hisp\u00e1nica (y su influencia en los criterios pol\u00edticos de la Monarqu\u00eda), sostenido entre Pedro Insua y Jos\u00e9 Luis Villaca\u00f1as en las Jornadas en homenaje al Cardenal Cisneros. Estas Jornadas han sido organizadas por la asociaci\u00f3n estudiantil Complutense Comunera, y tuvieron lugar en la Facultad de Filosof\u00eda de la Universidad Complutense.<\/p>\n<p style=\"text-align: center\"><a href=\"https:\/\/www.youtube.com\/watch?v=Q5HHoXISTNs&amp;app=desktop\">https:\/\/www.youtube.com\/watch?v=Q5HHoXISTNs&amp;app=desktop<\/a><\/p>\n","protected":false},"excerpt":{"rendered":"<p>Debate en torno al car\u00e1cter de la recepci\u00f3n de las nuevas teor\u00edas pol\u00edticas europeas entre las \u00e9lites pol\u00edticas y acad\u00e9micas espa\u00f1olas en tiempos de la Monarqu\u00eda Hisp\u00e1nica (y su influencia en los criterios pol\u00edticos de la Monarqu\u00eda), sostenido entre Pedro Insua y Jos\u00e9 Luis Villaca\u00f1as en las Jornadas en homenaje al Cardenal Cisneros. Estas Jornadas [&hellip;]<\/p>\n","protected":false},"author":1739,"featured_media":0,"parent":40,"menu_order":0,"comment_status":"open","ping_status":"open","template":"","meta":{"footnotes":""},"class_list":["post-149","page","type-page","status-publish","hentry"],"_links":{"self":[{"href":"https:\/\/blogs.ua.es\/espanafrancia\/wp-json\/wp\/v2\/pages\/149","targetHints":{"allow":["GET"]}}],"collection":[{"href":"https:\/\/blogs.ua.es\/espanafrancia\/wp-json\/wp\/v2\/pages"}],"about":[{"href":"https:\/\/blogs.ua.es\/espanafrancia\/wp-json\/wp\/v2\/types\/page"}],"author":[{"embeddable":true,"href":"https:\/\/blogs.ua.es\/espanafrancia\/wp-json\/wp\/v2\/users\/1739"}],"replies":[{"embeddable":true,"href":"https:\/\/blogs.ua.es\/espanafrancia\/wp-json\/wp\/v2\/comments?post=149"}],"version-history":[{"count":3,"href":"https:\/\/blogs.ua.es\/espanafrancia\/wp-json\/wp\/v2\/pages\/149\/revisions"}],"predecessor-version":[{"id":667,"href":"https:\/\/blogs.ua.es\/espanafrancia\/wp-json\/wp\/v2\/pages\/149\/revisions\/667"}],"up":[{"embeddable":true,"href":"https:\/\/blogs.ua.es\/espanafrancia\/wp-json\/wp\/v2\/pages\/40"}],"wp:attachment":[{"href":"https:\/\/blogs.ua.es\/espanafrancia\/wp-json\/wp\/v2\/media?parent=149"}],"curies":[{"name":"wp","href":"https:\/\/api.w.org\/{rel}","templated":true}]}}