{"id":166,"date":"2010-09-28T21:31:55","date_gmt":"2010-09-28T19:31:55","guid":{"rendered":"https:\/\/blogs.ua.es\/espanafrancia\/las-relaciones-internacionales\/"},"modified":"2011-01-21T14:20:29","modified_gmt":"2011-01-21T12:20:29","slug":"las-relaciones-internacionales","status":"publish","type":"page","link":"https:\/\/blogs.ua.es\/espanafrancia\/las-relaciones-internacionales\/","title":{"rendered":"El conflicto hispano-franc\u00e9s"},"content":{"rendered":"<p>El enfrentamiento entre Francia y la Casa de Habsburgo ser\u00e1, salvo breves per\u00edodos excepcionales, una constante durante los siglos XVI y XVII. La com\u00fan pol\u00edtica italiana, el problema de Navarra y, sobre todo, el cerco de los Estados de los Austrias en torno a Francia mantendr\u00e1n viva una hostilidad que se manifestar\u00e1 peri\u00f3dicamente en conflictos abiertos en muy diversos puntos del Continente, e incluso fuera de \u00e9l. Las distintas circunsancias en las que se desenvolver\u00e1 esta enemistad marcar\u00e1n varias etapas diferenciadas.<\/p>\n","protected":false},"excerpt":{"rendered":"<p>El enfrentamiento entre Francia y la Casa de Habsburgo ser\u00e1, salvo breves per\u00edodos excepcionales, una constante durante los siglos XVI y XVII. La com\u00fan pol\u00edtica italiana, el problema de Navarra y, sobre todo, el cerco de los Estados de los Austrias en torno a Francia mantendr\u00e1n viva una hostilidad que se manifestar\u00e1 peri\u00f3dicamente en conflictos [&hellip;]<\/p>\n","protected":false},"author":1739,"featured_media":0,"parent":0,"menu_order":3,"comment_status":"open","ping_status":"open","template":"","meta":{"footnotes":""},"class_list":["post-166","page","type-page","status-publish","hentry"],"_links":{"self":[{"href":"https:\/\/blogs.ua.es\/espanafrancia\/wp-json\/wp\/v2\/pages\/166","targetHints":{"allow":["GET"]}}],"collection":[{"href":"https:\/\/blogs.ua.es\/espanafrancia\/wp-json\/wp\/v2\/pages"}],"about":[{"href":"https:\/\/blogs.ua.es\/espanafrancia\/wp-json\/wp\/v2\/types\/page"}],"author":[{"embeddable":true,"href":"https:\/\/blogs.ua.es\/espanafrancia\/wp-json\/wp\/v2\/users\/1739"}],"replies":[{"embeddable":true,"href":"https:\/\/blogs.ua.es\/espanafrancia\/wp-json\/wp\/v2\/comments?post=166"}],"version-history":[{"count":4,"href":"https:\/\/blogs.ua.es\/espanafrancia\/wp-json\/wp\/v2\/pages\/166\/revisions"}],"predecessor-version":[{"id":485,"href":"https:\/\/blogs.ua.es\/espanafrancia\/wp-json\/wp\/v2\/pages\/166\/revisions\/485"}],"wp:attachment":[{"href":"https:\/\/blogs.ua.es\/espanafrancia\/wp-json\/wp\/v2\/media?parent=166"}],"curies":[{"name":"wp","href":"https:\/\/api.w.org\/{rel}","templated":true}]}}