{"id":40,"date":"2010-09-27T22:22:23","date_gmt":"2010-09-27T22:22:23","guid":{"rendered":"https:\/\/blogs.ua.es\/espanafrancia\/?page_id=40"},"modified":"2011-01-21T15:49:15","modified_gmt":"2011-01-21T13:49:15","slug":"el-siglo-xvi","status":"publish","type":"page","link":"https:\/\/blogs.ua.es\/espanafrancia\/el-siglo-xvi\/","title":{"rendered":"El siglo XVI"},"content":{"rendered":"<p>Durante el siglo XVI, las relaciones internacionales estuvieron dominadas por la necesidad de conservaci\u00f3n de ls inmensos territorios de los Habsburgo. La extensi\u00f3n y dispersi\u00f3n de sus Estado, primero unidos bajo Carlos V y despu\u00e9s divididos en dos ramas, convert\u00edan en propios los asuntos de toda Europa. Enfrente encontrar\u00e1n dos enemigos constantes. Por un lado, el Imperio otomano, en su mejor momento, que avanzaba amenazadoramente por el Sudeste y por el Mediterr\u00e1neo. Por otro, Francia, que a las fricciones por Italia, el Rosell\u00f3n y Navarra a\u00f1adir\u00e1 el deseo de romper el cerco de las posesiones de los Habsburgo.<\/p>\n<p>Adem\u00e1s de los problemas apuntados, durante el reinado del emperador Carlos V hay que a\u00f1adir la enemistad de varios Estados italianos, que deseaban liberarse de toda relaci\u00f3n con el Imperio. Especialmente conflicitivas ser\u00e1n las relaciones con la Santa Sede, donde la mayor\u00eda de los Pont\u00edfices guardabn una actitud recelosa ante el emperador, no s\u00f3lo por su poder creciente en Italia sino por su concienzudo empe\u00f1o en encontrar una v\u00eda de acuerdo con los protestantes.<\/p>\n<p>Los pr\u00edncipes alenames, por su parte, unir\u00e1n sus pretensiones particularistas con las de reforma religiosa. La rebeli\u00f3n protestante debilitar\u00e1 la posicion de Carlos V y proveer\u00e1 de m\u00faltiples ocaiones a sus enemigos. En los Pa\u00edses Bajos se reproducir\u00e1 el conflicto pol\u00edtico-religioso del Imperio, originando las primeras represiones y las primeras rebeliones.<\/p>\n<p>Como aliado, salvo el apoyo ocasional de alg\u00fan Papa, s\u00f3lo pod\u00eda contar con Inglaterra, carente a\u00fan de pretensiones coloniales. Los Reyes Cat\u00f3licos ya hab\u00edan buscado su amistad, contra el enemigo com\u00fan franc\u00e9s, sellada con el matrimonio de la infanta Catalina con Enrique VIII. Durante el proceso de divorcio de los reyes se nubl\u00f3 esta buena relaci\u00f3n, resucitada en cuanto la necesidad lo requiri\u00f3. Otro matrimonio, el de Mar\u00eda I Tudor con el futuro Felipe II, en 1554, acerc\u00f3 a las dos potencias,ofreciendo un seguro para las comunicaciones de Espa\u00f1a con los Pa\u00edses Bajos a cambio de ayuda al catolicismo ingl\u00e9s. La muerte de la reina sin descedencia com\u00fan y la entronizaci\u00f3n de Isabel I terminaron con cualquier posibilidad de buenas relaciones, que fueron sustituidas por los enfrentamientos en el terreno pol\u00edtico, religioso y ahora tambi\u00e9n econ\u00f3mico.<\/p>\n<p>En el Norte, el matrimonio de Isabel de Austria, hermana del emperador, con el rey dan\u00e9s Cristian II buscaba la amistad de la mayor potencia b\u00e1ltica, gracias a su control de los estrechos del Sund. Esta circunstancia, y la extensi\u00f3n de la reforma luterana a Europa septentrional, taambi\u00e9n afectar\u00e1n a la pol\u00edtica imperial, que en determinados momentos se creer\u00e1 obligada a intervenir.<\/p>\n","protected":false},"excerpt":{"rendered":"<p>Durante el siglo XVI, las relaciones internacionales estuvieron dominadas por la necesidad de conservaci\u00f3n de ls inmensos territorios de los Habsburgo. La extensi\u00f3n y dispersi\u00f3n de sus Estado, primero unidos bajo Carlos V y despu\u00e9s divididos en dos ramas, convert\u00edan en propios los asuntos de toda Europa. Enfrente encontrar\u00e1n dos enemigos constantes. Por un lado, [&hellip;]<\/p>\n","protected":false},"author":1739,"featured_media":0,"parent":0,"menu_order":2,"comment_status":"open","ping_status":"open","template":"","meta":{"footnotes":""},"class_list":["post-40","page","type-page","status-publish","hentry"],"_links":{"self":[{"href":"https:\/\/blogs.ua.es\/espanafrancia\/wp-json\/wp\/v2\/pages\/40","targetHints":{"allow":["GET"]}}],"collection":[{"href":"https:\/\/blogs.ua.es\/espanafrancia\/wp-json\/wp\/v2\/pages"}],"about":[{"href":"https:\/\/blogs.ua.es\/espanafrancia\/wp-json\/wp\/v2\/types\/page"}],"author":[{"embeddable":true,"href":"https:\/\/blogs.ua.es\/espanafrancia\/wp-json\/wp\/v2\/users\/1739"}],"replies":[{"embeddable":true,"href":"https:\/\/blogs.ua.es\/espanafrancia\/wp-json\/wp\/v2\/comments?post=40"}],"version-history":[{"count":8,"href":"https:\/\/blogs.ua.es\/espanafrancia\/wp-json\/wp\/v2\/pages\/40\/revisions"}],"predecessor-version":[{"id":505,"href":"https:\/\/blogs.ua.es\/espanafrancia\/wp-json\/wp\/v2\/pages\/40\/revisions\/505"}],"wp:attachment":[{"href":"https:\/\/blogs.ua.es\/espanafrancia\/wp-json\/wp\/v2\/media?parent=40"}],"curies":[{"name":"wp","href":"https:\/\/api.w.org\/{rel}","templated":true}]}}