{"id":540,"date":"2011-01-26T19:20:06","date_gmt":"2011-01-26T17:20:06","guid":{"rendered":"https:\/\/blogs.ua.es\/espanafrancia\/"},"modified":"2011-07-24T16:52:07","modified_gmt":"2011-07-24T14:52:07","slug":"bibliografia","status":"publish","type":"page","link":"https:\/\/blogs.ua.es\/espanafrancia\/bibliografia\/","title":{"rendered":"Bibliograf\u00eda"},"content":{"rendered":"<ol>\n<li>Fern\u00e1ndez \u00c1lvarez, Manuel: Carlos V, el c\u00e9sar y el hombre. Ed. Espasa-Calpe.<\/li>\n<li>Lynch, John: Espa\u00f1a bajo los Austrias. Ediciones Pen\u00ednsula. Tomo I. Imperio y Absolutismo.<\/li>\n<li>Mart\u00ednez Ruiz, Enrique: La Espa\u00f1a Moderna. Ed. Istmo.<\/li>\n<li>Marcial Pons: <em>Tres milenios de Historia<\/em>. Madrid,\u00a02000, pp. 132-139.<\/li>\n<\/ol>\n","protected":false},"excerpt":{"rendered":"<p>Fern\u00e1ndez \u00c1lvarez, Manuel: Carlos V, el c\u00e9sar y el hombre. Ed. Espasa-Calpe. Lynch, John: Espa\u00f1a bajo los Austrias. Ediciones Pen\u00ednsula. Tomo I. Imperio y Absolutismo. Mart\u00ednez Ruiz, Enrique: La Espa\u00f1a Moderna. Ed. Istmo. Marcial Pons: Tres milenios de Historia. Madrid,\u00a02000, pp. 132-139.<\/p>\n","protected":false},"author":1739,"featured_media":0,"parent":0,"menu_order":6,"comment_status":"open","ping_status":"open","template":"","meta":{"footnotes":""},"class_list":["post-540","page","type-page","status-publish","hentry"],"_links":{"self":[{"href":"https:\/\/blogs.ua.es\/espanafrancia\/wp-json\/wp\/v2\/pages\/540","targetHints":{"allow":["GET"]}}],"collection":[{"href":"https:\/\/blogs.ua.es\/espanafrancia\/wp-json\/wp\/v2\/pages"}],"about":[{"href":"https:\/\/blogs.ua.es\/espanafrancia\/wp-json\/wp\/v2\/types\/page"}],"author":[{"embeddable":true,"href":"https:\/\/blogs.ua.es\/espanafrancia\/wp-json\/wp\/v2\/users\/1739"}],"replies":[{"embeddable":true,"href":"https:\/\/blogs.ua.es\/espanafrancia\/wp-json\/wp\/v2\/comments?post=540"}],"version-history":[{"count":6,"href":"https:\/\/blogs.ua.es\/espanafrancia\/wp-json\/wp\/v2\/pages\/540\/revisions"}],"predecessor-version":[{"id":561,"href":"https:\/\/blogs.ua.es\/espanafrancia\/wp-json\/wp\/v2\/pages\/540\/revisions\/561"}],"wp:attachment":[{"href":"https:\/\/blogs.ua.es\/espanafrancia\/wp-json\/wp\/v2\/media?parent=540"}],"curies":[{"name":"wp","href":"https:\/\/api.w.org\/{rel}","templated":true}]}}