{"id":597,"date":"2011-07-24T17:20:23","date_gmt":"2011-07-24T15:20:23","guid":{"rendered":"https:\/\/blogs.ua.es\/espanafrancia\/?page_id=597"},"modified":"2011-07-24T17:28:27","modified_gmt":"2011-07-24T15:28:27","slug":"francisco-i","status":"publish","type":"page","link":"https:\/\/blogs.ua.es\/espanafrancia\/el-siglo-xvi\/contexto\/francisco-i\/","title":{"rendered":"Francisco I"},"content":{"rendered":"<p><img loading=\"lazy\" decoding=\"async\" class=\"alignright\" src=\"http:\/\/wa3.www.artehistoria.jcyl.es\/historia\/jpg\/CDF10927.jpg\" alt=\"Francisco I de Francia\" width=\"292\" height=\"400\" \/>Francisco I ser\u00e1 uno de los monarcas m\u00e1s importantes del siglo XVI. Su empecinado enfrentamiento con Carlos I ha motivado que se les llegara a tildar de los \u00faltimos caballeros medievales. Francisco era hijo de Carlos de Orleans, conde de Angulema, y Luisa de Saboya; a los dos a\u00f1os falleci\u00f3 su padre por lo que ser\u00eda su madre la encomendada de su educaci\u00f3n, junto al mariscal de Guie. En 1503 ser\u00e1 Artus Gouffier, se\u00f1or de Boisy, el nuevo encargado de la educaci\u00f3n del joven al convertirse en uno de los candidatos al trono tras recibir la corona Luis XII, recibiendo el ducado de Valois. En 1514 contrae matrimonio con su prima Claudia, hija de Luis XII, convirti\u00e9ndose en el sucesor tras su fallecimiento en 1515. Su primera operaci\u00f3n militar fue todo un \u00e9xito ya que consigui\u00f3 penetrar en Italia y tomar posesi\u00f3n del Milanesado. Su principal rival ser\u00e1 Carlos I ya que los objetivos de ambos ser\u00e1n similares, enzarz\u00e1ndose en una serie de guerras que tendr\u00e1n Italia como campo de batalla. Al estar rodeada Francia por los dominios imperiales de Carlos, Francisco intent\u00f3 una serie de alianzas con Enrique VIII de Inglaterra que fracasaron.<br \/>\nLos desastres de la pol\u00edtica italiana se pueden compensar por la faceta de Francisco como mecenas de las artes y las letras. Fue uno de los mayores protectores de Leonardo da Vinci, Benvenuto Cellini, Bud\u00e9 o Rabelais, desarrollando en la corte de Fontainebleau un aut\u00e9ntico centro neur\u00e1lgico del <a title=\"Humanismo nortealpino\" href=\"http:\/\/www.artehistoria.jcyl.es\/historia\/contextos\/1852.htm\" target=\"_blank\">humanismo en Francia<\/a>.<\/p>\n","protected":false},"excerpt":{"rendered":"<p>Francisco I ser\u00e1 uno de los monarcas m\u00e1s importantes del siglo XVI. Su empecinado enfrentamiento con Carlos I ha motivado que se les llegara a tildar de los \u00faltimos caballeros medievales. Francisco era hijo de Carlos de Orleans, conde de Angulema, y Luisa de Saboya; a los dos a\u00f1os falleci\u00f3 su padre por lo que [&hellip;]<\/p>\n","protected":false},"author":1739,"featured_media":0,"parent":149,"menu_order":3,"comment_status":"open","ping_status":"open","template":"","meta":{"footnotes":""},"class_list":["post-597","page","type-page","status-publish","hentry"],"_links":{"self":[{"href":"https:\/\/blogs.ua.es\/espanafrancia\/wp-json\/wp\/v2\/pages\/597","targetHints":{"allow":["GET"]}}],"collection":[{"href":"https:\/\/blogs.ua.es\/espanafrancia\/wp-json\/wp\/v2\/pages"}],"about":[{"href":"https:\/\/blogs.ua.es\/espanafrancia\/wp-json\/wp\/v2\/types\/page"}],"author":[{"embeddable":true,"href":"https:\/\/blogs.ua.es\/espanafrancia\/wp-json\/wp\/v2\/users\/1739"}],"replies":[{"embeddable":true,"href":"https:\/\/blogs.ua.es\/espanafrancia\/wp-json\/wp\/v2\/comments?post=597"}],"version-history":[{"count":4,"href":"https:\/\/blogs.ua.es\/espanafrancia\/wp-json\/wp\/v2\/pages\/597\/revisions"}],"predecessor-version":[{"id":599,"href":"https:\/\/blogs.ua.es\/espanafrancia\/wp-json\/wp\/v2\/pages\/597\/revisions\/599"}],"up":[{"embeddable":true,"href":"https:\/\/blogs.ua.es\/espanafrancia\/wp-json\/wp\/v2\/pages\/149"}],"wp:attachment":[{"href":"https:\/\/blogs.ua.es\/espanafrancia\/wp-json\/wp\/v2\/media?parent=597"}],"curies":[{"name":"wp","href":"https:\/\/api.w.org\/{rel}","templated":true}]}}