{"id":7,"date":"2012-12-07T12:09:11","date_gmt":"2012-12-07T12:09:11","guid":{"rendered":"https:\/\/blogs.ua.es\/estatutcomunitatvalenciana\/?page_id=7"},"modified":"2013-01-02T16:40:07","modified_gmt":"2013-01-02T15:40:07","slug":"presentacio","status":"publish","type":"page","link":"https:\/\/blogs.ua.es\/estatutcomunitatvalenciana\/presentacio\/","title":{"rendered":"Presentaci\u00f3"},"content":{"rendered":"<p style=\"text-align: justify\">Cristian Gonz\u00e1lez Barrachina i\u00a0Juan Carlos Guill\u00f3 Ruiz, estudiants de primer curs del grau d&#8217;Hist\u00f2ria, cursant l&#8217;assignatura de Fonts i Documents per a la Hist\u00f2ria en la Universitat d&#8217;Alacant. Estem realitzant un blog sobre l&#8217;Estatut d&#8217;Autonomia de la Comunitat Valenciana en motiu del treball de l&#8217;assignatura abans nomenada.<\/p>\n<p style=\"text-align: justify\">En aquest blog farem un peu dins del nostre Estatut d&#8217;Autonomia per con\u00e9ixer millor quins s\u00f3n els nostres drets, els nostres deures, les compet\u00e8ncies, institucions, etc. Trobareu refer\u00e8ncies d&#8217;inter\u00e9s, enlla\u00e7os a altres blogs relacionats amb la nostra comunitat, duts a terme per companys nostres, aix\u00ed com opinions personals d&#8217;alguns articles i comentaris al respecte. Volsatres tamb\u00e9 podeu participar i donar-nos el vostre suport i les vostres opinions.<\/p>\n<p style=\"text-align: justify\"><a href=\"https:\/\/blogs.ua.es\/estatutcomunitatvalenciana\/files\/2012\/12\/logo-ua.png\"><img loading=\"lazy\" decoding=\"async\" class=\"alignleft size-full wp-image-11\" src=\"https:\/\/blogs.ua.es\/estatutcomunitatvalenciana\/files\/2012\/12\/logo-ua.png\" alt=\"Universitat d'Alacant\" width=\"263\" height=\"45\" \/><\/a><\/p>\n<p>&nbsp;<\/p>\n","protected":false},"excerpt":{"rendered":"<p>Cristian Gonz\u00e1lez Barrachina i\u00a0Juan Carlos Guill\u00f3 Ruiz, estudiants de primer curs del grau d&#8217;Hist\u00f2ria, cursant l&#8217;assignatura de Fonts i Documents per a la Hist\u00f2ria en la Universitat d&#8217;Alacant. Estem realitzant un blog sobre l&#8217;Estatut d&#8217;Autonomia de la Comunitat Valenciana en motiu del treball de l&#8217;assignatura abans nomenada. En aquest blog farem un peu dins del [&hellip;]<\/p>\n","protected":false},"author":2967,"featured_media":0,"parent":0,"menu_order":0,"comment_status":"open","ping_status":"open","template":"","meta":{"footnotes":""},"class_list":["post-7","page","type-page","status-publish","hentry"],"_links":{"self":[{"href":"https:\/\/blogs.ua.es\/estatutcomunitatvalenciana\/wp-json\/wp\/v2\/pages\/7","targetHints":{"allow":["GET"]}}],"collection":[{"href":"https:\/\/blogs.ua.es\/estatutcomunitatvalenciana\/wp-json\/wp\/v2\/pages"}],"about":[{"href":"https:\/\/blogs.ua.es\/estatutcomunitatvalenciana\/wp-json\/wp\/v2\/types\/page"}],"author":[{"embeddable":true,"href":"https:\/\/blogs.ua.es\/estatutcomunitatvalenciana\/wp-json\/wp\/v2\/users\/2967"}],"replies":[{"embeddable":true,"href":"https:\/\/blogs.ua.es\/estatutcomunitatvalenciana\/wp-json\/wp\/v2\/comments?post=7"}],"version-history":[{"count":5,"href":"https:\/\/blogs.ua.es\/estatutcomunitatvalenciana\/wp-json\/wp\/v2\/pages\/7\/revisions"}],"predecessor-version":[{"id":10,"href":"https:\/\/blogs.ua.es\/estatutcomunitatvalenciana\/wp-json\/wp\/v2\/pages\/7\/revisions\/10"}],"wp:attachment":[{"href":"https:\/\/blogs.ua.es\/estatutcomunitatvalenciana\/wp-json\/wp\/v2\/media?parent=7"}],"curies":[{"name":"wp","href":"https:\/\/api.w.org\/{rel}","templated":true}]}}