{"id":70,"date":"2013-01-07T17:07:12","date_gmt":"2013-01-07T16:07:12","guid":{"rendered":"https:\/\/blogs.ua.es\/estatutcomunitatvalenciana\/?page_id=70"},"modified":"2013-01-07T17:07:12","modified_gmt":"2013-01-07T16:07:12","slug":"explicacio-del-tema","status":"publish","type":"page","link":"https:\/\/blogs.ua.es\/estatutcomunitatvalenciana\/explicacio-del-tema\/","title":{"rendered":"Explicaci\u00f3 del tema"},"content":{"rendered":"<p>En aquest blog de blogs.ua.es anem a donar a con\u00e8ixer als visitants, quines son les nostres lleis, drets i deures com a valencians; quines son les seues principals figures p\u00fabliques i institucions; c\u00f3m funcionen aquestes institucions; o quines son les principals preocupacions dels valencians en aquestos assumptes mitjan\u00e7ant el coneixement de l\u2019Estatut d\u2019Autonomia de la Comunitat Valenciana.<\/p>\n<p>El nostre Estatut va ser aprovat per primera vegada el primer de juliol de l\u2019any 1982, data en que es constitu\u00efen com a comunitat aut\u00f2noma tots els municipis pertanyents a les prov\u00edncies d\u2019Alacant, Castell\u00f3 i Val\u00e8ncia. A l\u2019any 2005 es va obrir el debat sobre un possible nou estatut, i a\u00a0 l\u2019any 2006 va ser aprovat. Aquestos i altres temes seran tractats amb m\u00e9s deteniment en aquest blog que, esperem siga del vostre gust.<\/p>\n","protected":false},"excerpt":{"rendered":"<p>En aquest blog de blogs.ua.es anem a donar a con\u00e8ixer als visitants, quines son les nostres lleis, drets i deures com a valencians; quines son les seues principals figures p\u00fabliques i institucions; c\u00f3m funcionen aquestes institucions; o quines son les principals preocupacions dels valencians en aquestos assumptes mitjan\u00e7ant el coneixement de l\u2019Estatut d\u2019Autonomia de la [&hellip;]<\/p>\n","protected":false},"author":2968,"featured_media":0,"parent":0,"menu_order":0,"comment_status":"open","ping_status":"open","template":"","meta":{"footnotes":""},"class_list":["post-70","page","type-page","status-publish","hentry"],"_links":{"self":[{"href":"https:\/\/blogs.ua.es\/estatutcomunitatvalenciana\/wp-json\/wp\/v2\/pages\/70","targetHints":{"allow":["GET"]}}],"collection":[{"href":"https:\/\/blogs.ua.es\/estatutcomunitatvalenciana\/wp-json\/wp\/v2\/pages"}],"about":[{"href":"https:\/\/blogs.ua.es\/estatutcomunitatvalenciana\/wp-json\/wp\/v2\/types\/page"}],"author":[{"embeddable":true,"href":"https:\/\/blogs.ua.es\/estatutcomunitatvalenciana\/wp-json\/wp\/v2\/users\/2968"}],"replies":[{"embeddable":true,"href":"https:\/\/blogs.ua.es\/estatutcomunitatvalenciana\/wp-json\/wp\/v2\/comments?post=70"}],"version-history":[{"count":4,"href":"https:\/\/blogs.ua.es\/estatutcomunitatvalenciana\/wp-json\/wp\/v2\/pages\/70\/revisions"}],"predecessor-version":[{"id":76,"href":"https:\/\/blogs.ua.es\/estatutcomunitatvalenciana\/wp-json\/wp\/v2\/pages\/70\/revisions\/76"}],"wp:attachment":[{"href":"https:\/\/blogs.ua.es\/estatutcomunitatvalenciana\/wp-json\/wp\/v2\/media?parent=70"}],"curies":[{"name":"wp","href":"https:\/\/api.w.org\/{rel}","templated":true}]}}