{"id":43,"date":"2020-06-05T15:10:45","date_gmt":"2020-06-05T15:10:45","guid":{"rendered":"https:\/\/blogs.ua.es\/estherfm\/?page_id=43"},"modified":"2020-06-05T17:24:32","modified_gmt":"2020-06-05T17:24:32","slug":"bloque-2","status":"publish","type":"page","link":"https:\/\/blogs.ua.es\/estherfm\/bloque-2\/","title":{"rendered":"BLOQUE 2"},"content":{"rendered":"<h1><strong>1. Mapa Mental<\/strong><\/h1>\n<p><a href=\"https:\/\/www.goconqr.com\/mindmap\/23329917\/estatus-social\"><img loading=\"lazy\" decoding=\"async\" class=\"aligncenter wp-image-47 size-full\" src=\"https:\/\/blogs.ua.es\/estherfm\/files\/2020\/06\/Estatus-Social.png\" alt=\"\" width=\"1489\" height=\"544\" srcset=\"https:\/\/blogs.ua.es\/estherfm\/files\/2020\/06\/Estatus-Social.png 1489w, https:\/\/blogs.ua.es\/estherfm\/files\/2020\/06\/Estatus-Social-300x110.png 300w, https:\/\/blogs.ua.es\/estherfm\/files\/2020\/06\/Estatus-Social-1024x374.png 1024w, https:\/\/blogs.ua.es\/estherfm\/files\/2020\/06\/Estatus-Social-768x281.png 768w\" sizes=\"auto, (max-width: 1489px) 100vw, 1489px\" \/><\/a><\/p>\n<h6><em>Para poder ver entero el Mapa Mental, dar click en la imagen.<\/em><\/h6>\n<h1><strong>2. Prototipo<\/strong><\/h1>\n<p><em>&#8211; Obra de teatro Los Miserables (Argentina)<\/em><\/p>\n<p><iframe loading=\"lazy\" title=\"Cuando el dia termina (Los Miserables Argentina)\" width=\"640\" height=\"480\" src=\"https:\/\/www.youtube.com\/embed\/LuVxEehfFSk?feature=oembed\" frameborder=\"0\" allow=\"accelerometer; autoplay; clipboard-write; encrypted-media; gyroscope; picture-in-picture; web-share\" referrerpolicy=\"strict-origin-when-cross-origin\" allowfullscreen><\/iframe><\/p>\n<p>La escena nos representa los estatus sociales de una comunidad, en donde se identifica una forma de estratificaci\u00f3n social. Se puede evidenciar las 3 clases sociales m\u00e1s com\u00fanes: La clase baja, la clase media y la clase alta, representado por la gente pobre, la gente trabajadores y los jefes de aquellos. El nivel de vida de cada uno de ellos se ve condicionado por su estatus social, donde los de menos estatus viven en una pobreza extrema, la clase media se ve explotada por los altos mandos, quienes al tener una mayor posici\u00f3n econ\u00f3mica y social hace que su estatus social sea muy elevado.<\/p>\n<h1><strong>3. Teor\u00eda en la realidad de la Pandemia por COVID-19<\/strong><\/h1>\n<h3><em>a) Art\u00edculo period\u00edstico<\/em><\/h3>\n<p><a href=\"https:\/\/www.lamarea.com\/2020\/05\/11\/pobreza-covid-19\/\"><img loading=\"lazy\" decoding=\"async\" class=\"alignnone wp-image-48 size-full\" src=\"https:\/\/blogs.ua.es\/estherfm\/files\/2020\/06\/Art\u00edculo-Period\u00edstico.png\" alt=\"\" width=\"878\" height=\"562\" srcset=\"https:\/\/blogs.ua.es\/estherfm\/files\/2020\/06\/Art\u00edculo-Period\u00edstico.png 878w, https:\/\/blogs.ua.es\/estherfm\/files\/2020\/06\/Art\u00edculo-Period\u00edstico-300x192.png 300w, https:\/\/blogs.ua.es\/estherfm\/files\/2020\/06\/Art\u00edculo-Period\u00edstico-768x492.png 768w\" sizes=\"auto, (max-width: 878px) 100vw, 878px\" \/><\/a><\/p>\n<h6><em>Para poder ver el art\u00edculo period\u00edstico, dar click en la imagen.<\/em><\/h6>\n<p>El COVID-19 ha sido un golpe muy duro a todo el mundo, en especial a las personas de un estatus y clase social m\u00e1s bajo. Una de las caracter\u00edsticas que define tu estatus social es la econom\u00eda, mientras m\u00e1s dinero, m\u00e1s elevado estar\u00e1 tu estatus social.\u00a0 Por esta raz\u00f3n podemos determinar que las personas que se ubican con un estatus social m\u00e1s bajo (Clase social baja), es m\u00e1s vulnerable al no poseer la misma igualdad de condiciones en \u00e1mbitos como la salud, protecci\u00f3n, prevenci\u00f3n, etc&#8230; lo que ocasiona que el COVID-19 pueda contagiarse en mayor proporci\u00f3n hacia ellos y, aunque es cierto que el virus puede dar a cualquier persona, una persona con bajos recursos tiene menos posibilidades de curarse, ya que su acceso a la salubridad no es tan accesible como las personas con un estatus social mayor.<\/p>\n<h3><em>b) Elemento audiovisual<\/em><\/h3>\n<p>https:\/\/twitter.com\/ActualidadRT\/status\/1267330535635816448<\/p>\n<p>Seg\u00fan la teor\u00eda de tres componentes de la estratificaci\u00f3n de Webber, dice que la clase, el estatus, y el poder poseen una gran influencia en muchas de las \u00e1reas, como la salud. Si una persona de recursos altos, con influencia pol\u00edtica y un gran poder de clase contrae el virus al mismo tiempo que una persona con escasos recursos econ\u00f3micos, un bajo estatus social, sin reconocimiento alguno, y ambos tratan de acceder a la salubridad, la mejor atenci\u00f3n la recibir\u00e1 la persona que posea un mejor estatus social, y durante esta pandemia ha quedado evidenciado el gran nivel de influencia de poseer una buena clase y estatus social.<\/p>\n<p>&nbsp;<\/p>\n<h3><em>c) Redes Sociales<\/em><\/h3>\n<p><img loading=\"lazy\" decoding=\"async\" class=\"alignnone wp-image-46 size-full\" src=\"https:\/\/blogs.ua.es\/estherfm\/files\/2020\/06\/Redes-Sociales.png\" alt=\"\" width=\"503\" height=\"380\" srcset=\"https:\/\/blogs.ua.es\/estherfm\/files\/2020\/06\/Redes-Sociales.png 503w, https:\/\/blogs.ua.es\/estherfm\/files\/2020\/06\/Redes-Sociales-300x227.png 300w\" sizes=\"auto, (max-width: 503px) 100vw, 503px\" \/><\/p>\n<p>En esta publicaci\u00f3n de Facebook, se expone una problem\u00e1tica que siempre ha existido referente al estatus social. Existe una brecha gigante entre los privilegios que poseen quienes est\u00e1n en un mayor rango y quienes se ubican en uno menor. Muchas personas viven del d\u00eda a d\u00eda, por lo que se ven obligadas a tener que salir a trabajar obligatoriamente si desean llevar un plato de comida a su hogar, por lo que son altos focos de contagio. Esta pandemia ha servido para nuevamente poner sobre la mesa esta gran diferencia que consume cada d\u00eda m\u00e1s y m\u00e1s, siendo a\u00f1o tras a\u00f1o mayor la diferencia entre las personas y su estatus social.<\/p>\n<p>&nbsp;<\/p>\n","protected":false},"excerpt":{"rendered":"<p>1. Mapa Mental Para poder ver entero el Mapa Mental, dar click en la imagen. 2. Prototipo &#8211; Obra de teatro Los Miserables (Argentina) La escena nos representa los estatus sociales de una comunidad, en donde se identifica una forma &hellip; <a href=\"https:\/\/blogs.ua.es\/estherfm\/bloque-2\/\">Continue reading <span class=\"meta-nav\">&rarr;<\/span><\/a><\/p>\n","protected":false},"author":4444,"featured_media":0,"parent":0,"menu_order":0,"comment_status":"closed","ping_status":"closed","template":"","meta":{"footnotes":""},"class_list":["post-43","page","type-page","status-publish","hentry"],"_links":{"self":[{"href":"https:\/\/blogs.ua.es\/estherfm\/wp-json\/wp\/v2\/pages\/43","targetHints":{"allow":["GET"]}}],"collection":[{"href":"https:\/\/blogs.ua.es\/estherfm\/wp-json\/wp\/v2\/pages"}],"about":[{"href":"https:\/\/blogs.ua.es\/estherfm\/wp-json\/wp\/v2\/types\/page"}],"author":[{"embeddable":true,"href":"https:\/\/blogs.ua.es\/estherfm\/wp-json\/wp\/v2\/users\/4444"}],"replies":[{"embeddable":true,"href":"https:\/\/blogs.ua.es\/estherfm\/wp-json\/wp\/v2\/comments?post=43"}],"version-history":[{"count":9,"href":"https:\/\/blogs.ua.es\/estherfm\/wp-json\/wp\/v2\/pages\/43\/revisions"}],"predecessor-version":[{"id":115,"href":"https:\/\/blogs.ua.es\/estherfm\/wp-json\/wp\/v2\/pages\/43\/revisions\/115"}],"wp:attachment":[{"href":"https:\/\/blogs.ua.es\/estherfm\/wp-json\/wp\/v2\/media?parent=43"}],"curies":[{"name":"wp","href":"https:\/\/api.w.org\/{rel}","templated":true}]}}