{"id":54,"date":"2020-06-05T15:11:02","date_gmt":"2020-06-05T15:11:02","guid":{"rendered":"https:\/\/blogs.ua.es\/estherfm\/?page_id=54"},"modified":"2020-06-05T18:18:43","modified_gmt":"2020-06-05T18:18:43","slug":"bloque-4","status":"publish","type":"page","link":"https:\/\/blogs.ua.es\/estherfm\/bloque-4\/","title":{"rendered":"BLOQUE 4"},"content":{"rendered":"<h1><strong>1. Mapa Mental<\/strong><\/h1>\n<p><img loading=\"lazy\" decoding=\"async\" class=\"wp-image-84 aligncenter\" src=\"https:\/\/blogs.ua.es\/estherfm\/files\/2020\/06\/Mapa-conceptual-Factores-del-cambio-social-300x169.png\" alt=\"\" width=\"752\" height=\"424\" srcset=\"https:\/\/blogs.ua.es\/estherfm\/files\/2020\/06\/Mapa-conceptual-Factores-del-cambio-social-300x169.png 300w, https:\/\/blogs.ua.es\/estherfm\/files\/2020\/06\/Mapa-conceptual-Factores-del-cambio-social-1024x576.png 1024w, https:\/\/blogs.ua.es\/estherfm\/files\/2020\/06\/Mapa-conceptual-Factores-del-cambio-social-768x432.png 768w, https:\/\/blogs.ua.es\/estherfm\/files\/2020\/06\/Mapa-conceptual-Factores-del-cambio-social.png 1366w\" sizes=\"auto, (max-width: 752px) 100vw, 752px\" \/><\/p>\n<h1><strong>2. Prototipo<\/strong><\/h1>\n<p><iframe loading=\"lazy\" title=\"Las sufragistas - Derecho a voto\" width=\"640\" height=\"360\" src=\"https:\/\/www.youtube.com\/embed\/dk0-MoTX1dA?feature=oembed\" frameborder=\"0\" allow=\"accelerometer; autoplay; clipboard-write; encrypted-media; gyroscope; picture-in-picture; web-share\" referrerpolicy=\"strict-origin-when-cross-origin\" allowfullscreen><\/iframe><\/p>\n<p>Fragmento de la pel\u00edcula Las Sufragistas en el cual se aprecia las diferencias sociales entre g\u00e9neros, las cuales ir\u00edan siendo lentamente abolidas debido al avance cultural de una sociedad cada vez m\u00e1s preocupada por el desarrollo humano y al valiente sacrificio de cientos de mujeres por conseguir una vida justa.<\/p>\n<h1><strong>3. Teor\u00eda en la realidad de la Pandemia por COVID-19<\/strong><\/h1>\n<h3><em>a) Art\u00edculo Period\u00edstico<\/em><\/h3>\n<p>Link: https:\/\/www.reasonwhy.es\/actualidad\/edelman-estudio-cambios-sociedad-coronavirus<\/p>\n<p>T\u00edtulo: El Coronavirus rompe paradigmas y provoca cambios sociales.<\/p>\n<p>Este art\u00edculo sobre 12 cambios sociales causados por la reciente situaci\u00f3n de reclusi\u00f3n inducida a ra\u00edz de la epidemia de Covid 19, es sin duda pertinente adem\u00e1s de interesante. A su vez tambi\u00e9n deja ver que muchos cambios sociales de hoy en d\u00eda est\u00e1n fuertemente impulsados por los avances tecnol\u00f3gicos de los \u00faltimos a\u00f1os y la mejora de la comunicaci\u00f3n.<\/p>\n<h3><em>b) Elemento Audiovisual<\/em><\/h3>\n<p><img loading=\"lazy\" decoding=\"async\" class=\"alignnone size-medium wp-image-120\" src=\"https:\/\/blogs.ua.es\/estherfm\/files\/2020\/06\/borrar-300x173.jpg\" alt=\"\" width=\"300\" height=\"173\" srcset=\"https:\/\/blogs.ua.es\/estherfm\/files\/2020\/06\/borrar-300x173.jpg 300w, https:\/\/blogs.ua.es\/estherfm\/files\/2020\/06\/borrar.jpg 618w\" sizes=\"auto, (max-width: 300px) 100vw, 300px\" \/><\/p>\n<p>Los numerosos carteles sanitarios y publicitarios que se\u00f1alan las &#8220;nuevas normas&#8221; de convivencia y movimiento son un claro ejemplo de como la epidemia ha cambiado las normas sociales y de comportamiento hacia unas m\u00e1s reticentes con el contacto o las multitudes de lo que eran hace tan solo unos pocos meses. Con motivo de impulsar la salubridad, se ha producido un importante <em>cambio<\/em> en el comportamiento de la sociedad.<\/p>\n<h3><em>c) Redes Sociales<\/em><\/h3>\n<p><a href=\"http:\/\/twitter.com\/ctxt_es\/status\/1250763898929713152?s=20\">http:\/\/twitter.com\/ctxt_es\/status\/1250763898929713152?s=20<\/a><\/p>\n<p>Otro ejemplo de como la situaci\u00f3n impulsa los cambios sociales. En este caso se muestra la preocupaci\u00f3n de proteger a los m\u00e1s d\u00e9biles socialmente ya que la situaci\u00f3n de coronavirus a endurecido la vida para los que viven con pocos ingresos y limitado los recursos con lo cual ha generado un cambio en la sociedad, un desajuste que solo se reparar\u00e1 con un cambio consciente por parte de la sociedad.<\/p>\n","protected":false},"excerpt":{"rendered":"<p>1. Mapa Mental 2. Prototipo Fragmento de la pel\u00edcula Las Sufragistas en el cual se aprecia las diferencias sociales entre g\u00e9neros, las cuales ir\u00edan siendo lentamente abolidas debido al avance cultural de una sociedad cada vez m\u00e1s preocupada por el &hellip; <a href=\"https:\/\/blogs.ua.es\/estherfm\/bloque-4\/\">Continue reading <span class=\"meta-nav\">&rarr;<\/span><\/a><\/p>\n","protected":false},"author":4444,"featured_media":0,"parent":0,"menu_order":0,"comment_status":"closed","ping_status":"closed","template":"","meta":{"footnotes":""},"class_list":["post-54","page","type-page","status-publish","hentry"],"_links":{"self":[{"href":"https:\/\/blogs.ua.es\/estherfm\/wp-json\/wp\/v2\/pages\/54","targetHints":{"allow":["GET"]}}],"collection":[{"href":"https:\/\/blogs.ua.es\/estherfm\/wp-json\/wp\/v2\/pages"}],"about":[{"href":"https:\/\/blogs.ua.es\/estherfm\/wp-json\/wp\/v2\/types\/page"}],"author":[{"embeddable":true,"href":"https:\/\/blogs.ua.es\/estherfm\/wp-json\/wp\/v2\/users\/4444"}],"replies":[{"embeddable":true,"href":"https:\/\/blogs.ua.es\/estherfm\/wp-json\/wp\/v2\/comments?post=54"}],"version-history":[{"count":9,"href":"https:\/\/blogs.ua.es\/estherfm\/wp-json\/wp\/v2\/pages\/54\/revisions"}],"predecessor-version":[{"id":125,"href":"https:\/\/blogs.ua.es\/estherfm\/wp-json\/wp\/v2\/pages\/54\/revisions\/125"}],"wp:attachment":[{"href":"https:\/\/blogs.ua.es\/estherfm\/wp-json\/wp\/v2\/media?parent=54"}],"curies":[{"name":"wp","href":"https:\/\/api.w.org\/{rel}","templated":true}]}}