{"id":93,"date":"2020-06-05T16:20:45","date_gmt":"2020-06-05T16:20:45","guid":{"rendered":"https:\/\/blogs.ua.es\/estherfm\/?page_id=93"},"modified":"2020-06-05T18:15:08","modified_gmt":"2020-06-05T18:15:08","slug":"entrevista","status":"publish","type":"page","link":"https:\/\/blogs.ua.es\/estherfm\/entrevista\/","title":{"rendered":"ENTREVISTA"},"content":{"rendered":"<p><iframe loading=\"lazy\" title=\"Entrevista Covid 19\" width=\"640\" height=\"360\" src=\"https:\/\/www.youtube.com\/embed\/C1JXGuGY0ns?feature=oembed\" frameborder=\"0\" allow=\"accelerometer; autoplay; clipboard-write; encrypted-media; gyroscope; picture-in-picture; web-share\" referrerpolicy=\"strict-origin-when-cross-origin\" allowfullscreen><\/iframe><\/p>\n<h5><em>Entrevista realizada sobre la pandemia, el confinamiento, sus experiencias personales, etc, para an\u00e1lisis de la pandemia, confinamiento, experiencias personales, utilizando la teor\u00eda de la individuacion de Danilo Martuccelli.<\/em><\/h5>\n<p><strong>FICHA T\u00c9CNICA<\/strong><\/p>\n<p>\u00b7 Fecha: 2 de Junio de 2020<\/p>\n<p>\u00b7 Nombre del entrevistado: Miguel Angel Garc\u00eda Mart\u00ed<\/p>\n<p>\u00b7Edad: 54 A\u00f1os<\/p>\n<p>\u00b7Profesi\u00f3n: Bombero del ayuntamiento de Alicante.<\/p>\n<p>&nbsp;<\/p>\n","protected":false},"excerpt":{"rendered":"<p>Entrevista realizada sobre la pandemia, el confinamiento, sus experiencias personales, etc, para an\u00e1lisis de la pandemia, confinamiento, experiencias personales, utilizando la teor\u00eda de la individuacion de Danilo Martuccelli. FICHA T\u00c9CNICA \u00b7 Fecha: 2 de Junio de 2020 \u00b7 Nombre del &hellip; <a href=\"https:\/\/blogs.ua.es\/estherfm\/entrevista\/\">Continue reading <span class=\"meta-nav\">&rarr;<\/span><\/a><\/p>\n","protected":false},"author":4444,"featured_media":0,"parent":0,"menu_order":0,"comment_status":"closed","ping_status":"closed","template":"","meta":{"footnotes":""},"class_list":["post-93","page","type-page","status-publish","hentry"],"_links":{"self":[{"href":"https:\/\/blogs.ua.es\/estherfm\/wp-json\/wp\/v2\/pages\/93","targetHints":{"allow":["GET"]}}],"collection":[{"href":"https:\/\/blogs.ua.es\/estherfm\/wp-json\/wp\/v2\/pages"}],"about":[{"href":"https:\/\/blogs.ua.es\/estherfm\/wp-json\/wp\/v2\/types\/page"}],"author":[{"embeddable":true,"href":"https:\/\/blogs.ua.es\/estherfm\/wp-json\/wp\/v2\/users\/4444"}],"replies":[{"embeddable":true,"href":"https:\/\/blogs.ua.es\/estherfm\/wp-json\/wp\/v2\/comments?post=93"}],"version-history":[{"count":4,"href":"https:\/\/blogs.ua.es\/estherfm\/wp-json\/wp\/v2\/pages\/93\/revisions"}],"predecessor-version":[{"id":124,"href":"https:\/\/blogs.ua.es\/estherfm\/wp-json\/wp\/v2\/pages\/93\/revisions\/124"}],"wp:attachment":[{"href":"https:\/\/blogs.ua.es\/estherfm\/wp-json\/wp\/v2\/media?parent=93"}],"curies":[{"name":"wp","href":"https:\/\/api.w.org\/{rel}","templated":true}]}}