{"id":36,"date":"2013-01-25T16:00:11","date_gmt":"2013-01-25T16:00:11","guid":{"rendered":"https:\/\/blogs.ua.es\/eusebiosempere\/?page_id=36"},"modified":"2013-01-27T00:17:22","modified_gmt":"2013-01-27T00:17:22","slug":"eusebio-sempere","status":"publish","type":"page","link":"https:\/\/blogs.ua.es\/eusebiosempere\/eusebio-sempere\/","title":{"rendered":"Eusebio Sempere: trayectoria art\u00edstica"},"content":{"rendered":"<p><a href=\"https:\/\/blogs.ua.es\/eusebiosempere\/files\/2013\/01\/eusebio_sempere_efespfive024742-37923913.jpg_13069730993.jpg\"><img loading=\"lazy\" decoding=\"async\" class=\"size-medium wp-image-64 aligncenter\" src=\"https:\/\/blogs.ua.es\/eusebiosempere\/files\/2013\/01\/eusebio_sempere_efespfive024742-37923913.jpg_13069730993-300x165.jpg\" alt=\"\" width=\"300\" height=\"165\" srcset=\"https:\/\/blogs.ua.es\/eusebiosempere\/files\/2013\/01\/eusebio_sempere_efespfive024742-37923913.jpg_13069730993-300x165.jpg 300w, https:\/\/blogs.ua.es\/eusebiosempere\/files\/2013\/01\/eusebio_sempere_efespfive024742-37923913.jpg_13069730993.jpg 660w\" sizes=\"auto, (max-width: 300px) 100vw, 300px\" \/><\/a><\/p>\n<p style=\"text-align: justify\">La trayectoria profesional de Eusebio Sempere comienza cursando estudios nocturnos en la Escuela de Artes y Oficios. Posteriormente se formar\u00eda en la Escuela de Bellas Artes de San Carlos de Valencia. Tras completar sus estudios en San Carlos, le conceden una beca para viajar Par\u00eds en el a\u00f1o 1948. All\u00ed entra en contacto con autores muy reconocidos como Chillida, Braque o Vasarely. Es en este momento cuando su pintura abandona la figuraci\u00f3n dando paso a formas geom\u00e9tricas, una de sus aportaciones m\u00e1s destacadas en su obra. Su estilo se caracteriza por el uso de colores puros sobre formas geom\u00e9tricas, las cuales se presentan sobre un fondo negro.<\/p>\n<p style=\"text-align: justify\">En 1949, organiza la primera exposici\u00f3n de Arte Abstracto en Valencia en la Galer\u00eda Mateu.<\/p>\n<p style=\"text-align: justify\">Hacia el a\u00f1o 1955 redacta el Manifiesto de la Luz, adem\u00e1s de empezar a aprender una nueva t\u00e9cnica \u00a0que en Espa\u00f1a no se llevaba a cabo, la llamada t\u00e9cnica serigr\u00e1fica.<\/p>\n<p style=\"text-align: justify\">Comienza a ser reconocido en otros pa\u00edses del mundo como en EEUU, debido a que en 1960, la galer\u00eda Berta Shaefer presenta su trabajo en Nueva York. En 1961 hace su primera exposici\u00f3n individual en el Ateneo de Madrid.<\/p>\n<p style=\"text-align: justify\">En el 63, coincide la Beca Ford para viajar a EEUU, en el cual consigue exponer en la Bertha Shaefer Gallery junto a J.M. Subirats.<\/p>\n<p style=\"text-align: justify\">Adem\u00e1s comienza a construir sus primeras esculturas que son muy reconocidad en el mundo del arte contempor\u00e1neo por las diferentes formas que presenta. En esta \u00e9poca destacan la escultura m\u00f3vil musical encargada por IBM.<\/p>\n<p style=\"text-align: justify\">Una de sus esculturas colgante, Helicoidal, \u00a0es entregada al Congreso de Europa por Adolfo Suarez, presidente del gobierno.<\/p>\n<p style=\"text-align: justify\">Antes de morir se le conceden varios premios de entre los que destaca: La medalla de oro al m\u00e9rito de las BBAA, junto a Pablo Serrano, el 29 de mayo de 1980 e impuesta por el Rey. Y tambi\u00e9n el Premio Pr\u00edncipe de Asturias a las Bellas Artes. Fue nombrado hijo predilecto de la provincia por la Diputaci\u00f3n Provincial de Alicante.<\/p>\n<p style=\"text-align: justify\">En los a\u00f1os 80, los s\u00edntomas de su enfermedad le impiden seguir con la pintura, y poco tiempo despu\u00e9s, en 1985 fallece en la Cova,Onil.<\/p>\n<p style=\"text-align: justify\">Atr\u00e1s queda una vida apasionada, demostrando su amor por el arte, que se convirti\u00f3 en la pieza fundamental del propio Eusebio Sempere.<\/p>\n<p style=\"text-align: justify\">\n","protected":false},"excerpt":{"rendered":"<p>La trayectoria profesional de Eusebio Sempere comienza cursando estudios nocturnos en la Escuela de Artes y Oficios. Posteriormente se formar\u00eda en la Escuela de Bellas Artes de San Carlos de Valencia. Tras completar sus estudios en San Carlos, le conceden &hellip; <a href=\"https:\/\/blogs.ua.es\/eusebiosempere\/eusebio-sempere\/\">Continue reading <span class=\"meta-nav\">&rarr;<\/span><\/a><\/p>\n","protected":false},"author":2937,"featured_media":64,"parent":0,"menu_order":0,"comment_status":"open","ping_status":"open","template":"","meta":{"footnotes":""},"class_list":["post-36","page","type-page","status-publish","has-post-thumbnail","hentry"],"_links":{"self":[{"href":"https:\/\/blogs.ua.es\/eusebiosempere\/wp-json\/wp\/v2\/pages\/36","targetHints":{"allow":["GET"]}}],"collection":[{"href":"https:\/\/blogs.ua.es\/eusebiosempere\/wp-json\/wp\/v2\/pages"}],"about":[{"href":"https:\/\/blogs.ua.es\/eusebiosempere\/wp-json\/wp\/v2\/types\/page"}],"author":[{"embeddable":true,"href":"https:\/\/blogs.ua.es\/eusebiosempere\/wp-json\/wp\/v2\/users\/2937"}],"replies":[{"embeddable":true,"href":"https:\/\/blogs.ua.es\/eusebiosempere\/wp-json\/wp\/v2\/comments?post=36"}],"version-history":[{"count":7,"href":"https:\/\/blogs.ua.es\/eusebiosempere\/wp-json\/wp\/v2\/pages\/36\/revisions"}],"predecessor-version":[{"id":107,"href":"https:\/\/blogs.ua.es\/eusebiosempere\/wp-json\/wp\/v2\/pages\/36\/revisions\/107"}],"wp:featuredmedia":[{"embeddable":true,"href":"https:\/\/blogs.ua.es\/eusebiosempere\/wp-json\/wp\/v2\/media\/64"}],"wp:attachment":[{"href":"https:\/\/blogs.ua.es\/eusebiosempere\/wp-json\/wp\/v2\/media?parent=36"}],"curies":[{"name":"wp","href":"https:\/\/api.w.org\/{rel}","templated":true}]}}