{"id":44,"date":"2013-01-28T08:12:10","date_gmt":"2013-01-28T08:12:10","guid":{"rendered":"https:\/\/blogs.ua.es\/eusebiosempere\/?page_id=44"},"modified":"2013-01-28T08:12:10","modified_gmt":"2013-01-28T08:12:10","slug":"fuentes-empleadas","status":"publish","type":"page","link":"https:\/\/blogs.ua.es\/eusebiosempere\/fuentes-empleadas\/","title":{"rendered":"Fuentes empleadas"},"content":{"rendered":"<p>Las fuentes que hemos empleado han sido muy variadas; ya que hemos mirado tanto las obras de Miguel Sempere, como escritos suyos, como blogs dedicados a su persona, as\u00ed como art\u00edculos period\u00edsticos.<\/p>\n","protected":false},"excerpt":{"rendered":"<p>Las fuentes que hemos empleado han sido muy variadas; ya que hemos mirado tanto las obras de Miguel Sempere, como escritos suyos, como blogs dedicados a su persona, as\u00ed como art\u00edculos period\u00edsticos.<\/p>\n","protected":false},"author":2930,"featured_media":0,"parent":0,"menu_order":0,"comment_status":"open","ping_status":"open","template":"","meta":{"footnotes":""},"class_list":["post-44","page","type-page","status-publish","hentry"],"_links":{"self":[{"href":"https:\/\/blogs.ua.es\/eusebiosempere\/wp-json\/wp\/v2\/pages\/44","targetHints":{"allow":["GET"]}}],"collection":[{"href":"https:\/\/blogs.ua.es\/eusebiosempere\/wp-json\/wp\/v2\/pages"}],"about":[{"href":"https:\/\/blogs.ua.es\/eusebiosempere\/wp-json\/wp\/v2\/types\/page"}],"author":[{"embeddable":true,"href":"https:\/\/blogs.ua.es\/eusebiosempere\/wp-json\/wp\/v2\/users\/2930"}],"replies":[{"embeddable":true,"href":"https:\/\/blogs.ua.es\/eusebiosempere\/wp-json\/wp\/v2\/comments?post=44"}],"version-history":[{"count":2,"href":"https:\/\/blogs.ua.es\/eusebiosempere\/wp-json\/wp\/v2\/pages\/44\/revisions"}],"predecessor-version":[{"id":285,"href":"https:\/\/blogs.ua.es\/eusebiosempere\/wp-json\/wp\/v2\/pages\/44\/revisions\/285"}],"wp:attachment":[{"href":"https:\/\/blogs.ua.es\/eusebiosempere\/wp-json\/wp\/v2\/media?parent=44"}],"curies":[{"name":"wp","href":"https:\/\/api.w.org\/{rel}","templated":true}]}}