{"id":29,"date":"2012-12-06T13:11:31","date_gmt":"2012-12-06T13:11:31","guid":{"rendered":"https:\/\/blogs.ua.es\/exploradorescastellanoseeuu\/?page_id=29"},"modified":"2012-12-18T09:55:52","modified_gmt":"2012-12-18T09:55:52","slug":"soy-zoe","status":"publish","type":"page","link":"https:\/\/blogs.ua.es\/exploradorescastellanoseeuu\/soy-zoe\/","title":{"rendered":"Soy Zoe"},"content":{"rendered":"<p>Me llamo Zoe, soy de los Estados Unidos y tengo 20 a\u00f1os.<\/p>\n<p>Estoy en la clase de Historia Moderna de Espa\u00f1a<\/p>\n<p>Oto\u00f1o 2012<\/p>\n<p>Profesor Antonio Carrasco Rodriguez<\/p>\n<p><a href=\"https:\/\/blogs.ua.es\/exploradorescastellanoseeuu\/files\/2012\/12\/zoe1.jpg\"><img loading=\"lazy\" decoding=\"async\" class=\"aligncenter size-medium wp-image-192\" src=\"https:\/\/blogs.ua.es\/exploradorescastellanoseeuu\/files\/2012\/12\/zoe1-300x225.jpg\" alt=\"\" width=\"300\" height=\"225\" srcset=\"https:\/\/blogs.ua.es\/exploradorescastellanoseeuu\/files\/2012\/12\/zoe1-300x225.jpg 300w, https:\/\/blogs.ua.es\/exploradorescastellanoseeuu\/files\/2012\/12\/zoe1.jpg 960w\" sizes=\"auto, (max-width: 300px) 100vw, 300px\" \/><\/a><\/p>\n<p>Soy una estudiante estadounidense. Yo nac\u00ed en California y asisto una Universidad en Portland, Oreg\u00f3n que se llama Lewis &amp; Clark College. Estoy aqu\u00ed en Alicante, Espa\u00f1a por un a\u00f1o. En mi Universidad de los EE.UU.,\u00a0 yo tengo dos carreras: Estudios Hisp\u00e1nicos y la Psicolog\u00eda. Tengo mucho inter\u00e9s en la cultura e historia de Espa\u00f1a pero tambi\u00e9n tengo mucho inter\u00e9s en como funciona la mente y el desarrollo infantil. Para incluir todos de mis intereses este semestre, tengo clases de cultura, historia, psicolog\u00eda y yo trabajo en un colegio como una profesora de ingl\u00e9s. Me encanta Espa\u00f1a y esta experiencia aqu\u00ed ha sido incre\u00edble.<\/p>\n<p>He escogido\u00a0el tema de Los Exploradores Castellanos en los Estados Unidos porque soy de los EE.UU. y el tema es parte de mi propia historia tambi\u00e9n.<\/p>\n","protected":false},"excerpt":{"rendered":"<p>Me llamo Zoe, soy de los Estados Unidos y tengo 20 a\u00f1os. Estoy en la clase de Historia Moderna de Espa\u00f1a Oto\u00f1o 2012 Profesor Antonio Carrasco Rodriguez Soy una estudiante estadounidense. Yo nac\u00ed en California y asisto una Universidad en Portland, Oreg\u00f3n que se llama Lewis &amp; Clark College. Estoy aqu\u00ed en Alicante, Espa\u00f1a por [&hellip;]<\/p>\n","protected":false},"author":2731,"featured_media":0,"parent":0,"menu_order":1,"comment_status":"open","ping_status":"open","template":"","meta":{"footnotes":""},"class_list":["post-29","page","type-page","status-publish","hentry"],"_links":{"self":[{"href":"https:\/\/blogs.ua.es\/exploradorescastellanoseeuu\/wp-json\/wp\/v2\/pages\/29","targetHints":{"allow":["GET"]}}],"collection":[{"href":"https:\/\/blogs.ua.es\/exploradorescastellanoseeuu\/wp-json\/wp\/v2\/pages"}],"about":[{"href":"https:\/\/blogs.ua.es\/exploradorescastellanoseeuu\/wp-json\/wp\/v2\/types\/page"}],"author":[{"embeddable":true,"href":"https:\/\/blogs.ua.es\/exploradorescastellanoseeuu\/wp-json\/wp\/v2\/users\/2731"}],"replies":[{"embeddable":true,"href":"https:\/\/blogs.ua.es\/exploradorescastellanoseeuu\/wp-json\/wp\/v2\/comments?post=29"}],"version-history":[{"count":7,"href":"https:\/\/blogs.ua.es\/exploradorescastellanoseeuu\/wp-json\/wp\/v2\/pages\/29\/revisions"}],"predecessor-version":[{"id":190,"href":"https:\/\/blogs.ua.es\/exploradorescastellanoseeuu\/wp-json\/wp\/v2\/pages\/29\/revisions\/190"}],"wp:attachment":[{"href":"https:\/\/blogs.ua.es\/exploradorescastellanoseeuu\/wp-json\/wp\/v2\/media?parent=29"}],"curies":[{"name":"wp","href":"https:\/\/api.w.org\/{rel}","templated":true}]}}