{"id":31,"date":"2012-12-06T18:05:04","date_gmt":"2012-12-06T18:05:04","guid":{"rendered":"https:\/\/blogs.ua.es\/exploradorescastellanoseeuu\/?page_id=31"},"modified":"2012-12-06T18:07:11","modified_gmt":"2012-12-06T18:07:11","slug":"el-resumen","status":"publish","type":"page","link":"https:\/\/blogs.ua.es\/exploradorescastellanoseeuu\/el-resumen\/","title":{"rendered":"El resumen"},"content":{"rendered":"<p>Los exploradores castellanos en los EE.UU.<\/p>\n<p>En el siglo XV, Espa\u00f1a comenz\u00f3 a desarrollar un fuerte imperio que durar\u00eda por casi 350 a\u00f1os. En 1492, los Reyes Cat\u00f3licos enviaron el famoso Crist\u00f3bal Col\u00f3n, un explorador y conquistador de origen italiano a India, que actualmente result\u00f3 en el descubrimiento futuro de los Estados Unidos. El aterriz\u00f3 en las Antillas que ahora se conoce como el Caribe.<\/p>\n<p><a href=\"https:\/\/blogs.ua.es\/exploradorescastellanoseeuu\/files\/2012\/12\/spanish_portuguese_discovery1.jpg\"><img loading=\"lazy\" decoding=\"async\" class=\"aligncenter size-large wp-image-184\" src=\"https:\/\/blogs.ua.es\/exploradorescastellanoseeuu\/files\/2012\/12\/spanish_portuguese_discovery1-1024x782.jpg\" alt=\"\" width=\"600\" height=\"458\" srcset=\"https:\/\/blogs.ua.es\/exploradorescastellanoseeuu\/files\/2012\/12\/spanish_portuguese_discovery1-1024x782.jpg 1024w, https:\/\/blogs.ua.es\/exploradorescastellanoseeuu\/files\/2012\/12\/spanish_portuguese_discovery1-300x229.jpg 300w\" sizes=\"auto, (max-width: 600px) 100vw, 600px\" \/><\/a><\/p>\n<p>Sus hallazgos inspirado a muchos exploradores y los conquistadores castellanos a venir al Nuevo Mundo. Los conquistadores espa\u00f1oles usualmente eran nobles pobres de las familias que viv\u00edan al oeste o al sur de Espa\u00f1a. Los conquistadores fueron capaces de conquistar el nuevo mundo enorme con la ayuda de la tecnolog\u00eda militar superior, las t\u00e1cticas militares, los ataques por sorpresa, y las poderosas alianzas con pueblos nativos locales. Por casi 350 a\u00f1os, los exploradores y los conquistadores castellanos exploraron el Nuevo Mundo: en 1508, Juan Ponce de Le\u00f3n descubri\u00f3 lo que hoy es el Estado de Florida; en 1513, Vasco N\u00fa\u00f1ez de Balboa cruz\u00f3 el Istmo de Panam\u00e1 y fue el primer europeo de ver el Oc\u00e9ano Pac\u00edfico; en 1519, Hern\u00e1n Cort\u00e9s empez\u00f3 la famosa conquista de M\u00e9xico contra los aztecas, y se gan\u00f3 a M\u00e9xico; en 1526, Francisco Pizarra empez\u00f3 la conquista de Per\u00fa y de la ciudad Inca; en 1528, \u00c1lvaro N\u00fa\u00f1ez Cabeza de Vaca accidentalmentedescubri\u00f3 Galveston, Texas y explor\u00f3 algunas partes del suroeste de los Estados Unidos; en 1536, Francisco V\u00e1zquez de Coronado fue seleccionado para dirigir una expedici\u00f3n al suroeste de los EE.UU. y en 1539, Hernando de Soto explor\u00f3 el Sureste de los EE.UU.<\/p>\n<p>A trav\u00e9s del tiempo que Espa\u00f1a exploraba las Am\u00e9ricas, trajo grandes riquezas a Espa\u00f1a, trajo la ideolog\u00eda de la religi\u00f3n cat\u00f3lica al Nuevo Mundo, esencialmente esclav\u00f3 los ind\u00edgenas que ya viv\u00edan en el Nuevo Mundo por la aplicaci\u00f3n del sistema de la encomienda y se cambi\u00f3 las enfermedades entre los dos mundos. Espa\u00f1a conquist\u00f3 un gran parte de lo que hoy es Am\u00e9rica Latina y algunos estados en los EE.UU. (como Florida, Texas, Nuevo M\u00e9xico y California). Todos los territorios de los Estados Unidos eventualmente se perdieron directamente a los Estados Unidos o a M\u00e9xico cuando ellos declararon su independencia de Espa\u00f1a en 1821.<\/p>\n<p>&nbsp;<\/p>\n","protected":false},"excerpt":{"rendered":"<p>Los exploradores castellanos en los EE.UU. En el siglo XV, Espa\u00f1a comenz\u00f3 a desarrollar un fuerte imperio que durar\u00eda por casi 350 a\u00f1os. En 1492, los Reyes Cat\u00f3licos enviaron el famoso Crist\u00f3bal Col\u00f3n, un explorador y conquistador de origen italiano a India, que actualmente result\u00f3 en el descubrimiento futuro de los Estados Unidos. El aterriz\u00f3 [&hellip;]<\/p>\n","protected":false},"author":2731,"featured_media":0,"parent":0,"menu_order":0,"comment_status":"open","ping_status":"open","template":"","meta":{"footnotes":""},"class_list":["post-31","page","type-page","status-publish","hentry"],"_links":{"self":[{"href":"https:\/\/blogs.ua.es\/exploradorescastellanoseeuu\/wp-json\/wp\/v2\/pages\/31","targetHints":{"allow":["GET"]}}],"collection":[{"href":"https:\/\/blogs.ua.es\/exploradorescastellanoseeuu\/wp-json\/wp\/v2\/pages"}],"about":[{"href":"https:\/\/blogs.ua.es\/exploradorescastellanoseeuu\/wp-json\/wp\/v2\/types\/page"}],"author":[{"embeddable":true,"href":"https:\/\/blogs.ua.es\/exploradorescastellanoseeuu\/wp-json\/wp\/v2\/users\/2731"}],"replies":[{"embeddable":true,"href":"https:\/\/blogs.ua.es\/exploradorescastellanoseeuu\/wp-json\/wp\/v2\/comments?post=31"}],"version-history":[{"count":5,"href":"https:\/\/blogs.ua.es\/exploradorescastellanoseeuu\/wp-json\/wp\/v2\/pages\/31\/revisions"}],"predecessor-version":[{"id":185,"href":"https:\/\/blogs.ua.es\/exploradorescastellanoseeuu\/wp-json\/wp\/v2\/pages\/31\/revisions\/185"}],"wp:attachment":[{"href":"https:\/\/blogs.ua.es\/exploradorescastellanoseeuu\/wp-json\/wp\/v2\/media?parent=31"}],"curies":[{"name":"wp","href":"https:\/\/api.w.org\/{rel}","templated":true}]}}