{"id":33,"date":"2012-12-06T15:05:05","date_gmt":"2012-12-06T15:05:05","guid":{"rendered":"https:\/\/blogs.ua.es\/exploradorescastellanoseeuu\/?page_id=33"},"modified":"2012-12-06T15:52:38","modified_gmt":"2012-12-06T15:52:38","slug":"la-cronologia","status":"publish","type":"page","link":"https:\/\/blogs.ua.es\/exploradorescastellanoseeuu\/la-cronologia\/","title":{"rendered":"La cronolog\u00eda"},"content":{"rendered":"<p>La cronolog\u00eda de los exploradores castellanos en el Nuevo Mundo<\/p>\n<p><strong><span style=\"text-decoration: underline\">Siglo XV<\/span><\/strong><\/p>\n<p>1492 &#8211; Crist\u00f3bal Col\u00f3n llega a las Antillas<\/p>\n<p><span style=\"text-decoration: underline\"><strong>Siglo XVI<\/strong><\/span><\/p>\n<p>1503 &#8211; la comienza del sistema de Encomienda<\/p>\n<p>1508 &#8211; Juan Ponce de Le\u00f3n descubre lo que hoy es el estado Florida<\/p>\n<p>1513 &#8211; Vasco N\u00fa\u00f1ez de Balboa cruza el Istmo de Panam\u00e1<\/p>\n<p>1519 &#8211; Hern\u00e1n Cort\u00e9s empieza la conquista de M\u00e9xico contra los aztecas<\/p>\n<p>1526 &#8211; Francisco Pizarra empieza la conquista de Per\u00fa y la ciudad Inca<\/p>\n<p>1528 &#8211;\u00a0\u00c1lvaro N\u00fa\u00f1ez Cabeza de Vaca descubre Galveston, Texas<\/p>\n<p>1536 &#8211; Francisco V\u00e1zquez de Coronado es seleccionado para dirigir una expedici\u00f3n al suroeste de los EE.UU.<\/p>\n<p>1539 &#8211; Hernando de Soto explora el sureste de los EE.UU.<\/p>\n<p>1542 &#8211; Bartolom\u00e9 de las Casa ayuda con las \u201cLeyes Nuevas\u201d que prohib\u00edan la esclavitud y el abuso de los ind\u00edgenas en el Nuevo Mundo.<\/p>\n<p>1565 &#8211; St. Augustine, Florida oficialmente es un territorio espa\u00f1ol<\/p>\n<p><span style=\"text-decoration: underline\"><strong>Siglo XVII<\/strong><\/span><\/p>\n<p>1607 &#8211; Los espa\u00f1oles invaden Santa Fe, Nuevo M\u00e9xico<\/p>\n<p><span style=\"text-decoration: underline\"><strong>Siglo XVIII\u00a0<\/strong><\/span><\/p>\n<p>1717 &#8211; El sistema de Encomienda es abolida<\/p>\n<p>1764 &#8211; Jun\u00edpero Serra empieza de crear nueve misiones en California<\/p>\n<p>1775 &#8211; Juan de Ayala descubre San Francisco, California<\/p>\n<p><span style=\"text-decoration: underline\"><strong>Siglo XIX<\/strong><\/span><\/p>\n<p>1810 &#8211; Los criollos de Nueva Espa\u00f1a empieza su rebeli\u00f3n contra Espa\u00f1a<\/p>\n<p>1821 &#8211; M\u00e9xico obtiene su independencia<\/p>\n<p>&nbsp;<\/p>\n<p>&nbsp;<\/p>\n","protected":false},"excerpt":{"rendered":"<p>La cronolog\u00eda de los exploradores castellanos en el Nuevo Mundo Siglo XV 1492 &#8211; Crist\u00f3bal Col\u00f3n llega a las Antillas Siglo XVI 1503 &#8211; la comienza del sistema de Encomienda 1508 &#8211; Juan Ponce de Le\u00f3n descubre lo que hoy es el estado Florida 1513 &#8211; Vasco N\u00fa\u00f1ez de Balboa cruza el Istmo de Panam\u00e1 [&hellip;]<\/p>\n","protected":false},"author":2731,"featured_media":0,"parent":0,"menu_order":0,"comment_status":"open","ping_status":"open","template":"","meta":{"footnotes":""},"class_list":["post-33","page","type-page","status-publish","hentry"],"_links":{"self":[{"href":"https:\/\/blogs.ua.es\/exploradorescastellanoseeuu\/wp-json\/wp\/v2\/pages\/33","targetHints":{"allow":["GET"]}}],"collection":[{"href":"https:\/\/blogs.ua.es\/exploradorescastellanoseeuu\/wp-json\/wp\/v2\/pages"}],"about":[{"href":"https:\/\/blogs.ua.es\/exploradorescastellanoseeuu\/wp-json\/wp\/v2\/types\/page"}],"author":[{"embeddable":true,"href":"https:\/\/blogs.ua.es\/exploradorescastellanoseeuu\/wp-json\/wp\/v2\/users\/2731"}],"replies":[{"embeddable":true,"href":"https:\/\/blogs.ua.es\/exploradorescastellanoseeuu\/wp-json\/wp\/v2\/comments?post=33"}],"version-history":[{"count":6,"href":"https:\/\/blogs.ua.es\/exploradorescastellanoseeuu\/wp-json\/wp\/v2\/pages\/33\/revisions"}],"predecessor-version":[{"id":176,"href":"https:\/\/blogs.ua.es\/exploradorescastellanoseeuu\/wp-json\/wp\/v2\/pages\/33\/revisions\/176"}],"wp:attachment":[{"href":"https:\/\/blogs.ua.es\/exploradorescastellanoseeuu\/wp-json\/wp\/v2\/media?parent=33"}],"curies":[{"name":"wp","href":"https:\/\/api.w.org\/{rel}","templated":true}]}}