{"id":2,"date":"2012-05-15T13:43:31","date_gmt":"2012-05-15T13:43:31","guid":{"rendered":"https:\/\/blogs.ua.es\/faraonllorens\/?page_id=2"},"modified":"2025-07-15T17:48:51","modified_gmt":"2025-07-15T17:48:51","slug":"quien-soy","status":"publish","type":"page","link":"https:\/\/blogs.ua.es\/faraonllorens\/quien-soy\/","title":{"rendered":"\u00bfQui\u00e9n soy?"},"content":{"rendered":"<p><strong>Profesor<\/strong> porque me gusta <em>aprender<\/em>,<br \/><strong>inform\u00e1tico<\/strong> porque no quiero perder el tiempo haciendo lo mismo que las <em>m\u00e1quinas<\/em>.<\/p>\n<p><a href=\"https:\/\/blogs.ua.es\/faraonllorens\/files\/2022\/05\/FLL_BP_ret-baja.jpg\"><img decoding=\"async\" class=\"aligncenter size-full wp-image-3605\" src=\"https:\/\/blogs.ua.es\/faraonllorens\/files\/2022\/05\/FLL_BP_ret-baja.jpg\" alt=\"\" width=\"372\" srcset=\"https:\/\/blogs.ua.es\/faraonllorens\/files\/2022\/05\/FLL_BP_ret-baja.jpg 1240w, https:\/\/blogs.ua.es\/faraonllorens\/files\/2022\/05\/FLL_BP_ret-baja-768x768.jpg 768w\" sizes=\"(max-width: 1240px) 100vw, 1240px\" \/><\/a><\/p>\n<p><strong>Fara\u00f3n Llorens Largo<\/strong><br \/><a href=\"http:\/\/dccia.ua.es\" target=\"_blank\" rel=\"noopener noreferrer\">Departamento de Ciencia de la Computaci\u00f3n e Inteligencia Artificial<\/a><br \/><a href=\"http:\/\/www.ua.es\" target=\"_blank\" rel=\"noopener noreferrer\">Universidad de Alicante<\/a><br \/>Faraon.Llorens@ua.es<br \/><a href=\"https:\/\/bsky.app\/profile\/faraonllorens.bsky.social\" target=\"_blank\" rel=\"noopener\">@faraonllorens.bsky.social<\/a><br \/><a href=\"https:\/\/www.linkedin.com\/in\/faraon-llorens-largo\" target=\"_blank\" rel=\"noopener\">https:\/\/www.linkedin.com\/in\/faraon-llorens-largo<\/a><br \/><a href=\"https:\/\/blogs.ua.es\/faraonllorens\">https:\/\/blogs.ua.es\/faraonllorens<\/a><\/p>\n<p><strong>Ficha personal directorio UA<\/strong><br \/><a href=\"https:\/\/cvnet.cpd.ua.es\/Directorio\/Home\/FichaPersona\/67255?depende=B161\" target=\"_blank\" rel=\"noopener noreferrer\">https:\/\/cvnet.cpd.ua.es\/Directorio\/Home\/FichaPersona\/67255?depende=B161<\/a><\/p>\n<p><strong>Curriculum Breve<\/strong><br \/><a href=\"https:\/\/cvnet.cpd.ua.es\/curriculum-breve\/es\/llorens-largo-faraon\/11708\" target=\"_blank\" rel=\"noopener noreferrer\">https:\/\/cvnet.cpd.ua.es\/curriculum-breve\/es\/llorens-largo-faraon\/11708<\/a><\/p>\n<p><strong>Observatorio de la Producci\u00f3n Cient\u00edfica UA<br \/><\/strong><a href=\"https:\/\/observatorio-cientifico.ua.es\/investigadores\/359745\/detalle\" target=\"_blank\" rel=\"noopener noreferrer\">https:\/\/observatorio-cientifico.ua.es\/investigadores\/359745<\/a><\/p>\n<p><strong>Grupo de investigaci\u00f3n<\/strong><br \/><em>Tecnolog\u00edas Inteligentes para el Aprendizaje (Smart Learning)<\/em><br \/><a href=\"https:\/\/cvnet.cpd.ua.es\/curriculum-breve\/grp\/es\/grupo-de-investigacion-en-tecnologias-inteligentes-para-el-aprendizaje-(smart-learning)\/687\" target=\"_blank\" rel=\"noopener noreferrer\">https:\/\/cvnet.cpd.ua.es\/curriculum-breve\/grp\/es\/grupo-de-investigacion-en-tecnologias-inteligentes-para-el-aprendizaje-(smart-learning)\/687<\/a><\/p>\n<p><strong>L\u00edneas de trabajo<\/strong><\/p>\n<p>Puedes ver algunas de mis presentaciones en SlideShare: <a href=\"http:\/\/www.slideshare.net\/FaraonLlorens\" target=\"_blank\" rel=\"noopener noreferrer\">www.slideshare.net\/FaraonLlorens<\/a><\/p>\n<p>Y tambi\u00e9n en Prezi: <a href=\"http:\/\/prezi.com\/user\/faraonllorens\/\" target=\"_blank\" rel=\"noopener noreferrer\">prezi.com\/user\/faraonllorens<br \/><\/a><\/p>\n<p>Y mis trabajos en Google Acad\u00e9mico: <a href=\"http:\/\/scholar.google.es\/citations?user=XZl2gqsAAAAJ\" target=\"_blank\" rel=\"noopener noreferrer\">scholar.google.es\/citations?user=XZl2gqsAAAAJ<\/a><\/p>\n<p>En Web of Science ResearcherID: <a href=\"https:\/\/www.webofscience.com\/wos\/author\/record\/K-5060-2014\" target=\"_blank\" rel=\"noopener noreferrer\">https:\/\/www.webofscience.com\/wos\/author\/record\/K-5060-2014<\/a><\/p>\n<p>En ORCID: <a href=\"http:\/\/orcid.org\/0000-0002-2117-0784\" target=\"_blank\" rel=\"noopener noreferrer\">http:\/\/orcid.org\/0000-0002-2117-0784<\/a><\/p>\n<p>En Scopus: <a href=\"https:\/\/www.scopus.com\/authid\/detail.uri?authorId=15925566100\" target=\"_blank\" rel=\"noopener noreferrer\">https:\/\/www.scopus.com\/authid\/detail.uri?authorId=15925566100<\/a><\/p>\n<p>En Dialnet: <a href=\"https:\/\/dialnet.unirioja.es\/servlet\/autor?codigo=1101507\" target=\"_blank\" rel=\"noopener noreferrer\">https:\/\/dialnet.unirioja.es\/servlet\/autor?codigo=1101507<\/a><\/p>\n<p>En DBPL computer science bibliography: <a href=\"https:\/\/dblp.org\/pid\/134\/9618.html\" target=\"_blank\" rel=\"noopener noreferrer\">https:\/\/dblp.org\/pid\/134\/9618.html<\/a><\/p>\n<p>Las l\u00edneas de investigaci\u00f3n en las que trabajo se encuadran en los campos de:<\/p>\n<ul>\n<li><a href=\"https:\/\/blogs.ua.es\/faraonllorens\/inteligencia-artificial\/\">la inteligencia artificial<\/a>,<\/li>\n<li><a href=\"https:\/\/blogs.ua.es\/faraonllorens\/videojuegos\/\">el desarrollo de videojuegos<\/a>,<\/li>\n<li><a href=\"https:\/\/blogs.ua.es\/faraonllorens\/innovacion-educativa\/\">la aplicaci\u00f3n de las tecnolog\u00edas digitales a la educaci\u00f3n<\/a><\/li>\n<li>y <a href=\"https:\/\/blogs.ua.es\/faraonllorens\/gobierno-ti\/\">el gobierno de las tecnolog\u00edas de la informaci\u00f3n<\/a>.<\/li>\n<\/ul>\n<p><strong>Curriculum breve<\/strong><\/p>\n<p>Nacido en Alcoy (Alicante) en 1961. Diplomado en Profesorado de EGB por la Universidad de Alicante (1982), Mestre de Valenci\u00e0 por el Gabinet d\u2019\u00fas del Valenci\u00e0 (1988), Licenciado en Inform\u00e1tica por la Universidad Polit\u00e9cnica de Valencia (1993) y doctor Ingeniero en Inform\u00e1tica por la Universidad de Alicante (2001). He ejercido como Profesor de EGB desde 1983 hasta 1995, los diez a\u00f1os finales en Centros de Educaci\u00f3n Permanente de Adultos. Estoy vinculado a la Universidad de Alicante desde enero de 1994 y actualmente soy Catedr\u00e1tico de Escuela Universitaria de Ciencia de la Computaci\u00f3n e Inteligencia Artificial.<\/p>\n<p>Desde mi incorporaci\u00f3n a la Universidad de Alicante he ocupado distintos cargos de direcci\u00f3n, siendo subdirector del Departamento de Tecnolog\u00eda Inform\u00e1tica y Computaci\u00f3n (1996-1997), subdirector del <a href=\"http:\/\/www.dccia.ua.es\" target=\"_blank\" rel=\"noopener\">Departamento de Ciencia de la Computaci\u00f3n e Inteligencia Artificial<\/a> (1997-2000), Director de la <a href=\"http:\/\/eps.ua.es\" target=\"_blank\" rel=\"noopener\">Escuela Polit\u00e9cnica Superior<\/a> (2000-2005), Vicerrector de Tecnolog\u00eda e Innovaci\u00f3n Educativa (2005-2012) y Director de la <a href=\"https:\/\/catedra-transformacion-digital.ua.es\/\" target=\"_blank\" rel=\"noopener\">C\u00e1tedra de Transformaci\u00f3n Digital<\/a> (2015-2023).<\/p>\n<p>Miembro del grupo de investigaci\u00f3n <a href=\"https:\/\/cvnet.cpd.ua.es\/curriculum-breve\/grp\/es\/grupo-de-investigacion-en-tecnologias-inteligentes-para-el-aprendizaje-(smart-learning)\/687\" target=\"_blank\" rel=\"noopener\">Smart Learning<\/a> (Tecnolog\u00edas Inteligentes para el Aprendizaje). Co-lider del equipo <a href=\"http:\/\/www.gti4u.es\/\" target=\"_blank\" rel=\"noopener noreferrer\">GTI4U<\/a> (Gobierno de Tecnolog\u00edas de la Informaci\u00f3n para Universidades). Mis trabajos de investigaci\u00f3n se enmarcan en los campos de la inteligencia artificial, el dise\u00f1o de videojuegos y la gamificaci\u00f3n, la aplicaci\u00f3n de las tecnolog\u00edas digitales a la educaci\u00f3n, el gobierno de las TI y la transformaci\u00f3n digital de las universidades.<\/p>\n<p>He sido el Secretario Ejecutivo de la <a href=\"https:\/\/tic.crue.org\/\" target=\"_blank\" rel=\"noopener\">Comisi\u00f3n Sectorial de Tecnolog\u00edas de la Informaci\u00f3n y las Comunicaciones<\/a> de la <a href=\"http:\/\/www.crue.org\" target=\"_blank\" rel=\"noopener\">Conferencia de Rectores de las Universidades Espa\u00f1olas<\/a> (CRUE) entre 2010 y 2012 y soy el coordinador del informe anual de la CRUE \u201cUNIVERSITIC: Las TIC en el Sistema Universitario Espa\u00f1ol\u201d. Participo tambi\u00e9n en los estudios \u201cUETIC: Estado de las Tecnolog\u00edas de la Informaci\u00f3n y la Comunicaci\u00f3n en las Universidades Ecuatorianas\u201d y &#8220;Estado actual de las Tecnolog\u00edas de la Informaci\u00f3n y las Comunicaciones en las Instituciones de Educaci\u00f3n Superior en M\u00e9xico\u201d. Soy autor y colider cient\u00edfico de \u201cUDigital: madurez digital para universidades\u201d, impulsado por <a href=\"https:\/\/www.metared.org\" target=\"_blank\" rel=\"noopener\">MetaRed<\/a> y la <a href=\"https:\/\/www.segib.org\/\" target=\"_blank\" rel=\"noopener\">Secretar\u00eda General Iberoamericana<\/a> (SEGIB), que servir\u00e1 de modelo para los estudios nacionales de diez pa\u00edses iberoamericanos para el an\u00e1lisis de la madurez digital de sus universidades.<\/p>\n<p>He recibido el &#8220;Premio Nacional de Inform\u00e1tica 2025&#8221;, en la categor\u00eda Ram\u00f3n Llull, de la Sociedad Cient\u00edfica Inform\u00e1tica de Espa\u00f1a (SCIE) y la Fundaci\u00f3n BBVA. La &#8220;Leonardo da Vinci Medal 2022&#8221; de la European Society for Engineering Education (SEFI). El &#8220;Reconocimiento al M\u00e9rito Institucional AFEME 2017&#8221; concedido por la Asociaci\u00f3n de Facultades Ecuatorianas de Ciencias M\u00e9dicas y de la Salud (AFEME). El premio &#8220;AENUI a la Calidad e Innovaci\u00f3n Docente 2013&#8221;, concedido por la Asociaci\u00f3n de Ense\u00f1antes Universitarios de la Inform\u00e1tica. Y el premio \u201cSapiens 2008 al Profesional\u201d, concedido por el Colegio Oficial de Ingenieros en Inform\u00e1tica de la Comunidad Valenciana. Desde 2010 soy vocal de la Comisi\u00f3n Asesora en Innovaci\u00f3n Educativa de la Universidad Polit\u00e9cnica de Madrid. Miembro del Consejo Asesor de la C\u00e1tedra INCREA de Innovaci\u00f3n, Creatividad y Aprendizaje de la Universitat Jaume I de Castell\u00f3n (2011-2018). Desde 2012 soy miembro asociado de la C\u00e1tedra UNESCO de Gesti\u00f3n y Pol\u00edtica Universitaria de la Universidad Polit\u00e9cnica de Madrid. Miembro del Consejo Asesor Universitario del Grupo Anaya desde su constituci\u00f3n en enero de 2024.<\/p>\n<p>Socio de <a href=\"http:\/\/www.aenui.net\/\" target=\"_blank\" rel=\"noopener noreferrer\">AENUI<\/a> (Asociaci\u00f3n de Ense\u00f1antes Universitarios de Inform\u00e1tica) y Presidente 2018-2024. Socio de <a href=\"http:\/\/www.scie.es\" target=\"_blank\" rel=\"noopener noreferrer\">SCIE<\/a> (Sociedad Cient\u00edfica Inform\u00e1tica de Espa\u00f1a) y Tesorero 2020-2024. Colegiado fundador del <a href=\"http:\/\/www.coiicv.org\/\" target=\"_blank\" rel=\"noopener noreferrer\">COIICV<\/a> (Colegio Oficial de Ingenieros en Inform\u00e1tica de la Comunidad Valenciana). Socio de <a href=\"http:\/\/www.aepia.org\" target=\"_blank\" rel=\"noopener noreferrer\">AEPIA<\/a> (Asociaci\u00f3n Espa\u00f1ola Para la Inteligencia Artificial) y vocal de su Junta Directiva 2001-2007. Socio de <a href=\"http:\/\/secivi.org\/\" target=\"_blank\" rel=\"noopener noreferrer\">SECiVi<\/a> (Sociedad Espa\u00f1ola para las Ciencias del Videojuego).<\/p>\n<p>&#8212;-<\/p>\n<p>Este es mi curriculum oficial. Pero \u00bfc\u00f3mo me veo yo?<\/p>\n<p><a href=\"https:\/\/blogs.ua.es\/faraonllorens\/files\/2022\/05\/FLL_BP_ret4-baja.jpg\"><img decoding=\"async\" class=\"aligncenter size-full wp-image-3608\" src=\"https:\/\/blogs.ua.es\/faraonllorens\/files\/2022\/05\/FLL_BP_ret4-baja.jpg\" alt=\"\" width=\"372\" srcset=\"https:\/\/blogs.ua.es\/faraonllorens\/files\/2022\/05\/FLL_BP_ret4-baja.jpg 1240w, https:\/\/blogs.ua.es\/faraonllorens\/files\/2022\/05\/FLL_BP_ret4-baja-768x768.jpg 768w\" sizes=\"(max-width: 1240px) 100vw, 1240px\" \/><\/a><\/p>\n<p>Soy un voraz aprendiz.<\/p>\n<p>Desde ni\u00f1o aprend\u00ed todo lo que pude y, como estudi\u00e9 magisterio, a los veinti\u00fan a\u00f1os me puse a ense\u00f1ar a ni\u00f1os y a adultos.<\/p>\n<p>Estudi\u00e9 inform\u00e1tica porque me encantaba ver como una m\u00e1quina hacia lo que yo le dec\u00eda.<\/p>\n<p>Y entr\u00e9 en la universidad como profesor de ciencia de la computaci\u00f3n e inteligencia artificial, por lo que me dediqu\u00e9 a ense\u00f1ar a las m\u00e1quinas. Y a los j\u00f3venes a que ense\u00f1aran a las m\u00e1quinas.<\/p>\n<p>Me interes\u00e9 por la inteligencia y c\u00f3mo funcionaba el cerebro humano, y le\u00ed todo lo que ca\u00eda en mis manos, pensando que as\u00ed ense\u00f1ar\u00eda mejor a las m\u00e1quinas.<\/p>\n<p>Pero cuanto m\u00e1s le\u00eda, m\u00e1s me daba cuenta de que no era lo mismo, pero que se pueden complementar a la perfecci\u00f3n.<\/p>\n<p>Estoy embelesado por lo que estamos consiguiendo que hagan las m\u00e1quinas. Pero me sigue sorprendiendo la versatilidad del cerebro humano.<\/p>\n<p>Me cautiva ense\u00f1ar a las m\u00e1quinas. Me encanta ense\u00f1ar a las personas. Y me apasiona ense\u00f1ar a las personas ayud\u00e1ndome de las m\u00e1quinas.<\/p>\n<p>Pero lo que m\u00e1s me fascina es aprender. Y tengo la gran suerte de que como profesor universitario e investigador puedo vivir de ello.<\/p>\n<p><a href=\"https:\/\/blogs.ua.es\/faraonllorens\/files\/2020\/08\/faraonillo.jpg\"><img decoding=\"async\" class=\"aligncenter size-full wp-image-2973\" src=\"https:\/\/blogs.ua.es\/faraonllorens\/files\/2020\/08\/faraonillo.jpg\" alt=\"\" width=\"372\" srcset=\"https:\/\/blogs.ua.es\/faraonllorens\/files\/2020\/08\/faraonillo.jpg 953w, https:\/\/blogs.ua.es\/faraonllorens\/files\/2020\/08\/faraonillo-768x915.jpg 768w\" sizes=\"(max-width: 953px) 100vw, 953px\" \/><\/a><\/p>\n<p>Pa\u00edses que he visitado: <a href=\"https:\/\/www.mytravelmap.xyz\/u\/gg103625889758677526517\" target=\"_blank\" rel=\"noopener noreferrer\">MyTravelMap<\/a><\/p>\n<p>Fotos para ser utilizadas en carteles:<br \/><a href=\"https:\/\/blogs.ua.es\/faraonllorens\/files\/2022\/10\/FaraonLlorens1.jpg\"><img decoding=\"async\" class=\"aligncenter size-full wp-image-3778\" src=\"https:\/\/blogs.ua.es\/faraonllorens\/files\/2022\/10\/FaraonLlorens1.jpg\" alt=\"\" width=\"350\" \/><\/a><\/p>\n<p><a href=\"https:\/\/blogs.ua.es\/faraonllorens\/files\/2022\/10\/FaraonLlorens2-scaled.jpg\"><img decoding=\"async\" class=\"aligncenter size-full wp-image-3779\" src=\"https:\/\/blogs.ua.es\/faraonllorens\/files\/2022\/10\/FaraonLlorens2.jpg\" alt=\"\" width=\"350\" \/><\/a><\/p>\n<p><a href=\"https:\/\/blogs.ua.es\/faraonllorens\/files\/2022\/10\/FaraonLlorens3.jpg\"><img decoding=\"async\" class=\"aligncenter size-full wp-image-3780\" src=\"https:\/\/blogs.ua.es\/faraonllorens\/files\/2022\/10\/FaraonLlorens3.jpg\" alt=\"\" width=\"350\" srcset=\"https:\/\/blogs.ua.es\/faraonllorens\/files\/2022\/10\/FaraonLlorens3.jpg 1529w, https:\/\/blogs.ua.es\/faraonllorens\/files\/2022\/10\/FaraonLlorens3-768x1079.jpg 768w, https:\/\/blogs.ua.es\/faraonllorens\/files\/2022\/10\/FaraonLlorens3-1093x1536.jpg 1093w, https:\/\/blogs.ua.es\/faraonllorens\/files\/2022\/10\/FaraonLlorens3-1458x2048.jpg 1458w\" sizes=\"(max-width: 1529px) 100vw, 1529px\" \/><\/a><\/p>\n<p><a href=\"https:\/\/blogs.ua.es\/faraonllorens\/files\/2022\/10\/FaraonLlorens4.jpg\"><img decoding=\"async\" class=\"aligncenter size-full wp-image-3781\" src=\"https:\/\/blogs.ua.es\/faraonllorens\/files\/2022\/10\/FaraonLlorens4.jpg\" alt=\"\" width=\"350\" srcset=\"https:\/\/blogs.ua.es\/faraonllorens\/files\/2022\/10\/FaraonLlorens4.jpg 1069w, https:\/\/blogs.ua.es\/faraonllorens\/files\/2022\/10\/FaraonLlorens4-768x723.jpg 768w\" sizes=\"(max-width: 1069px) 100vw, 1069px\" \/><\/a><\/p>\n<p><a href=\"https:\/\/blogs.ua.es\/faraonllorens\/files\/2023\/05\/FaraonLlorens4sinfondo.png\"><img decoding=\"async\" class=\"aligncenter size-full wp-image-3995\" src=\"https:\/\/blogs.ua.es\/faraonllorens\/files\/2023\/05\/FaraonLlorens4sinfondo.png\" alt=\"\" width=\"350\" srcset=\"https:\/\/blogs.ua.es\/faraonllorens\/files\/2023\/05\/FaraonLlorens4sinfondo.png 1069w, https:\/\/blogs.ua.es\/faraonllorens\/files\/2023\/05\/FaraonLlorens4sinfondo-768x723.png 768w\" sizes=\"(max-width: 1069px) 100vw, 1069px\" \/><\/a><\/p>\n<p><a href=\"https:\/\/blogs.ua.es\/faraonllorens\/files\/2024\/04\/FaraonLlorens7.jpg\"><img decoding=\"async\" class=\"aligncenter size-full wp-image-4316\" src=\"https:\/\/blogs.ua.es\/faraonllorens\/files\/2024\/04\/FaraonLlorens7.jpg\" alt=\"\" width=\"350\" \/><\/a><\/p>\n<p><a href=\"https:\/\/blogs.ua.es\/faraonllorens\/files\/2024\/10\/FaraonLlorens7sinfondo.jpg\"><img decoding=\"async\" class=\"aligncenter size-full wp-image-4316\" src=\"https:\/\/blogs.ua.es\/faraonllorens\/files\/2024\/10\/FaraonLlorens7sinfondo.jpg\" alt=\"\" width=\"350\" \/><\/a><\/p>\n\n<div class=\"wp-block-image\">\n<figure class=\"aligncenter size-full\"><a href=\"https:\/\/blogs.ua.es\/faraonllorens\/files\/2024\/11\/FaraonLlorens8.jpg\"><img loading=\"lazy\" decoding=\"async\" width=\"274\" height=\"300\" src=\"https:\/\/blogs.ua.es\/faraonllorens\/files\/2024\/11\/FaraonLlorens8.jpg\" alt=\"\" class=\"wp-image-4605\" \/><\/a><\/figure>\n<\/div>\n\n<div class=\"wp-block-image\">\n<figure class=\"aligncenter size-full\"><a href=\"https:\/\/blogs.ua.es\/faraonllorens\/files\/2024\/11\/FaraonLlorens8sinfondo.png\"><img loading=\"lazy\" decoding=\"async\" width=\"274\" height=\"300\" src=\"https:\/\/blogs.ua.es\/faraonllorens\/files\/2024\/11\/FaraonLlorens8sinfondo.png\" alt=\"\" class=\"wp-image-4606\" \/><\/a><\/figure>\n<\/div>","protected":false},"excerpt":{"rendered":"<p>Profesor porque me gusta aprender,inform\u00e1tico porque no quiero perder el tiempo haciendo lo mismo que las m\u00e1quinas. Fara\u00f3n Llorens LargoDepartamento de Ciencia de la Computaci\u00f3n e Inteligencia ArtificialUniversidad de AlicanteFaraon.Llorens@ua.es@faraonllorens.bsky.socialhttps:\/\/www.linkedin.com\/in\/faraon-llorens-largohttps:\/\/blogs.ua.es\/faraonllorens Ficha personal directorio UAhttps:\/\/cvnet.cpd.ua.es\/Directorio\/Home\/FichaPersona\/67255?depende=B161 Curriculum Brevehttps:\/\/cvnet.cpd.ua.es\/curriculum-breve\/es\/llorens-largo-faraon\/11708 Observatorio de la Producci\u00f3n Cient\u00edfica UAhttps:\/\/observatorio-cientifico.ua.es\/investigadores\/359745 Grupo de investigaci\u00f3nTecnolog\u00edas Inteligentes para el Aprendizaje (Smart Learning)https:\/\/cvnet.cpd.ua.es\/curriculum-breve\/grp\/es\/grupo-de-investigacion-en-tecnologias-inteligentes-para-el-aprendizaje-(smart-learning)\/687 L\u00edneas de trabajo Puedes [&hellip;]<\/p>\n","protected":false},"author":30,"featured_media":0,"parent":0,"menu_order":0,"comment_status":"closed","ping_status":"closed","template":"","meta":{"footnotes":""},"class_list":["post-2","page","type-page","status-publish","hentry"],"_links":{"self":[{"href":"https:\/\/blogs.ua.es\/faraonllorens\/wp-json\/wp\/v2\/pages\/2","targetHints":{"allow":["GET"]}}],"collection":[{"href":"https:\/\/blogs.ua.es\/faraonllorens\/wp-json\/wp\/v2\/pages"}],"about":[{"href":"https:\/\/blogs.ua.es\/faraonllorens\/wp-json\/wp\/v2\/types\/page"}],"author":[{"embeddable":true,"href":"https:\/\/blogs.ua.es\/faraonllorens\/wp-json\/wp\/v2\/users\/30"}],"replies":[{"embeddable":true,"href":"https:\/\/blogs.ua.es\/faraonllorens\/wp-json\/wp\/v2\/comments?post=2"}],"version-history":[{"count":83,"href":"https:\/\/blogs.ua.es\/faraonllorens\/wp-json\/wp\/v2\/pages\/2\/revisions"}],"predecessor-version":[{"id":4720,"href":"https:\/\/blogs.ua.es\/faraonllorens\/wp-json\/wp\/v2\/pages\/2\/revisions\/4720"}],"wp:attachment":[{"href":"https:\/\/blogs.ua.es\/faraonllorens\/wp-json\/wp\/v2\/media?parent=2"}],"curies":[{"name":"wp","href":"https:\/\/api.w.org\/{rel}","templated":true}]}}