{"id":55,"date":"2012-07-18T11:01:33","date_gmt":"2012-07-18T11:01:33","guid":{"rendered":"https:\/\/blogs.ua.es\/faraonllorens\/?page_id=55"},"modified":"2013-02-25T09:47:14","modified_gmt":"2013-02-25T09:47:14","slug":"videojuegos","status":"publish","type":"page","link":"https:\/\/blogs.ua.es\/faraonllorens\/videojuegos\/","title":{"rendered":"Videojuegos"},"content":{"rendered":"<p>Los videojuegos est\u00e1n presentes cada vez m\u00e1s en la sociedad abarcando con el tiempo un mayor rango de edades de los usuarios. Con toda la oferta multimedia que nos rodea es normal que los actuales m\u00e9todos de ense\u00f1anza se resientan al no conseguir sus objetivos. Por esta raz\u00f3n surgen, cada vez con mayor intensidad, los videojuegos educativos, buscando cubrir la necesidad de aportarles algo m\u00e1s que entretenimiento, para que aprendan de la mejor manera, jugando.<\/p>\n<p>Asignatura <strong>Videojuegos I<\/strong> del Grado en Ingenier\u00eda Multimedia:<\/p>\n<ul>\n<li><a href=\"http:\/\/cv1.cpd.ua.es\/ConsPlanesEstudio\/cvFichaAsiEEES.asp?wlengua=C&amp;wcodasi=21038&amp;scaca=2012-13\" target=\"_blank\">Ficha de la asignatura<\/a><\/li>\n<\/ul>\n<p><strong>ByteRealms<\/strong>: marca de la Universidad de Alicante para el desarrollo de videojuegos:<\/p>\n<ul>\n<li><a href=\"http:\/\/www.byterealms.com\/\" target=\"_blank\">P\u00e1gina web de ByteRealms<\/a><\/li>\n<\/ul>\n<p>Proyectos y contratos:<\/p>\n<ul>\n<li><a href=\"http:\/\/www.byterealms.com\/proyectos\/gamelearning\" target=\"_blank\"><strong>gameLearning<\/strong>: desarrollo de habilidades directivas mediante minijuegos conceptuales<\/a><\/li>\n<li><a href=\"http:\/\/www.byterealms.com\/proyectos\/time4learning\" target=\"_blank\"><strong>Time4Learning<\/strong>: ense\u00f1anza de nuevas tecnolog\u00edas a directivos de empresas de productos infantiles<\/a><\/li>\n<li><a href=\"http:\/\/www.byterealms.com\/proyectos\/plantacion\" target=\"_blank\"><strong>La Plantaci\u00f3n<\/strong>: juego educativo, de promoci\u00f3n cultural y publicitario desarrollado para la Asociaci\u00f3n de Organizaciones de Productores de Pl\u00e1tanos de Canarias (ASPROCAN)<\/a><\/li>\n<\/ul>\n<p>Entradas del blog relacionadas con el desarrollo de videojuegos:<\/p>\n<ul>\n<li><a href=\"https:\/\/blogs.ua.es\/faraonllorens\/category\/videojuegos\/\">https:\/\/blogs.ua.es\/faraonllorens\/category\/videojuegos<\/a><\/li>\n<li><a href=\"https:\/\/blogs.ua.es\/blogvrtie\/tag\/videojuegos-educativos\/\" target=\"_blank\">https:\/\/blogs.ua.es\/blogvrtie\/tag\/videojuegos-educativos<\/a><\/li>\n<\/ul>\n","protected":false},"excerpt":{"rendered":"<p>Los videojuegos est\u00e1n presentes cada vez m\u00e1s en la sociedad abarcando con el tiempo un mayor rango de edades de los usuarios. Con toda la oferta multimedia que nos rodea es normal que los actuales m\u00e9todos de ense\u00f1anza se resientan al no conseguir sus objetivos. Por esta raz\u00f3n surgen, cada vez con mayor intensidad, los [&hellip;]<\/p>\n","protected":false},"author":30,"featured_media":0,"parent":0,"menu_order":0,"comment_status":"closed","ping_status":"closed","template":"","meta":{"footnotes":""},"class_list":["post-55","page","type-page","status-publish","hentry"],"_links":{"self":[{"href":"https:\/\/blogs.ua.es\/faraonllorens\/wp-json\/wp\/v2\/pages\/55","targetHints":{"allow":["GET"]}}],"collection":[{"href":"https:\/\/blogs.ua.es\/faraonllorens\/wp-json\/wp\/v2\/pages"}],"about":[{"href":"https:\/\/blogs.ua.es\/faraonllorens\/wp-json\/wp\/v2\/types\/page"}],"author":[{"embeddable":true,"href":"https:\/\/blogs.ua.es\/faraonllorens\/wp-json\/wp\/v2\/users\/30"}],"replies":[{"embeddable":true,"href":"https:\/\/blogs.ua.es\/faraonllorens\/wp-json\/wp\/v2\/comments?post=55"}],"version-history":[{"count":9,"href":"https:\/\/blogs.ua.es\/faraonllorens\/wp-json\/wp\/v2\/pages\/55\/revisions"}],"predecessor-version":[{"id":351,"href":"https:\/\/blogs.ua.es\/faraonllorens\/wp-json\/wp\/v2\/pages\/55\/revisions\/351"}],"wp:attachment":[{"href":"https:\/\/blogs.ua.es\/faraonllorens\/wp-json\/wp\/v2\/media?parent=55"}],"curies":[{"name":"wp","href":"https:\/\/api.w.org\/{rel}","templated":true}]}}