{"id":59,"date":"2012-07-18T11:01:59","date_gmt":"2012-07-18T11:01:59","guid":{"rendered":"https:\/\/blogs.ua.es\/faraonllorens\/?page_id=59"},"modified":"2012-10-19T15:43:06","modified_gmt":"2012-10-19T15:43:06","slug":"gobierno-ti","status":"publish","type":"page","link":"https:\/\/blogs.ua.es\/faraonllorens\/gobierno-ti\/","title":{"rendered":"Gobierno TI"},"content":{"rendered":"<p>Las Tecnolog\u00edas de la Informaci\u00f3n (TI) se han convertido en un aspecto imprescindible y estrat\u00e9gico de la mayor\u00eda de las organizaciones, siendo fundamentales para el mantenimiento, el crecimiento y la innovaci\u00f3n en las empresas. Para ello la estrategia en las TI debe estar convenientemente alineada con la estrategia empresarial, a trav\u00e9s de un enfoque integrado y global para la mejora del negocio, la alineaci\u00f3n de las TI, el desarrollo de estrategias, la ejecuci\u00f3n y gesti\u00f3n de las TI y sus recursos. Al mismo tiempo, las personas que deben llevar a cabo esta tarea deben tener las habilidades directivas adecuadas, tales como gesti\u00f3n del cambio, gesti\u00f3n de equipos y resoluci\u00f3n de conflictos, gesti\u00f3n del tiempo,  negociaci\u00f3n y creatividad, entre otras.<\/p>\n<p>Asignatura <strong>Direcci\u00f3n estrat\u00e9gica de las tecnolog\u00edas de la informaci\u00f3n<\/strong> del M\u00e1ster Universitario en Ingenier\u00eda Inform\u00e1tica:<\/p>\n<ul>\n<li><a href=\"http:\/\/cv1.cpd.ua.es\/ConsPlanesEstudio\/cvFichaAsiEEES.asp?wCodEst=D073&amp;wcodasi=47007&amp;wLengua=C&amp;scaca=2012-13\" target=\"_blank\">Ficha de la asignatura<\/a><\/li>\n<\/ul>\n<p>Equipo de investigadores <strong>GTI4U<\/strong> (gobierno de las tecnolog\u00edas de la informaci\u00f3n para universidades):<\/p>\n<ul>\n<li><a href=\"http:\/\/www.gti4u.es\/\" target=\"_blank\">P\u00e1gina web del grupo<\/a><\/li>\n<\/ul>\n<p>Colaboraciones con <strong>CRUE-TIC<\/strong> (Comisi\u00f3n Sectorial TIC de la Conferencia de Rectores de las Universidades Espa\u00f1olas):<\/p>\n<ul>\n<li><a href=\"http:\/\/www.crue.org\/Publicaciones\/universitic.html\" target=\"_blank\">UNIVERSITIC: las TIC en el Sistema Universitario Espa\u00f1ol<\/a><\/li>\n<li><a href=\"http:\/\/www.crue.org\/Publicaciones\/GobiernoTI.html\" target=\"_blank\">Libro <em>Gobierno de las TI para universidades<\/em><\/a><\/li>\n<\/ul>\n<p>Entradas del blog relacionadas con el gobierno de las tecnolog\u00edas de la informaci\u00f3n:<\/p>\n<ul>\n<li><a href=\"https:\/\/blogs.ua.es\/faraonllorens\/category\/gobierno-de-las-ti\/\">https:\/\/blogs.ua.es\/faraonllorens\/category\/gobierno-de-las-ti<\/a><\/li>\n<li><a href=\"https:\/\/blogs.ua.es\/blogvrtie\/tag\/gobierno-ti\/\" target=\"_blank\">https:\/\/blogs.ua.es\/blogvrtie\/tag\/gobierno-ti<\/a><\/li>\n<\/ul>\n","protected":false},"excerpt":{"rendered":"<p>Las Tecnolog\u00edas de la Informaci\u00f3n (TI) se han convertido en un aspecto imprescindible y estrat\u00e9gico de la mayor\u00eda de las organizaciones, siendo fundamentales para el mantenimiento, el crecimiento y la innovaci\u00f3n en las empresas. Para ello la estrategia en las TI debe estar convenientemente alineada con la estrategia empresarial, a trav\u00e9s de un enfoque integrado [&hellip;]<\/p>\n","protected":false},"author":30,"featured_media":0,"parent":0,"menu_order":0,"comment_status":"closed","ping_status":"closed","template":"","meta":{"footnotes":""},"class_list":["post-59","page","type-page","status-publish","hentry"],"_links":{"self":[{"href":"https:\/\/blogs.ua.es\/faraonllorens\/wp-json\/wp\/v2\/pages\/59","targetHints":{"allow":["GET"]}}],"collection":[{"href":"https:\/\/blogs.ua.es\/faraonllorens\/wp-json\/wp\/v2\/pages"}],"about":[{"href":"https:\/\/blogs.ua.es\/faraonllorens\/wp-json\/wp\/v2\/types\/page"}],"author":[{"embeddable":true,"href":"https:\/\/blogs.ua.es\/faraonllorens\/wp-json\/wp\/v2\/users\/30"}],"replies":[{"embeddable":true,"href":"https:\/\/blogs.ua.es\/faraonllorens\/wp-json\/wp\/v2\/comments?post=59"}],"version-history":[{"count":10,"href":"https:\/\/blogs.ua.es\/faraonllorens\/wp-json\/wp\/v2\/pages\/59\/revisions"}],"predecessor-version":[{"id":173,"href":"https:\/\/blogs.ua.es\/faraonllorens\/wp-json\/wp\/v2\/pages\/59\/revisions\/173"}],"wp:attachment":[{"href":"https:\/\/blogs.ua.es\/faraonllorens\/wp-json\/wp\/v2\/media?parent=59"}],"curies":[{"name":"wp","href":"https:\/\/api.w.org\/{rel}","templated":true}]}}