{"id":68,"date":"2011-08-06T20:05:11","date_gmt":"2011-08-06T18:05:11","guid":{"rendered":"https:\/\/blogs.ua.es\/fernandopradosmartinez\/?page_id=68"},"modified":"2017-05-20T20:01:31","modified_gmt":"2017-05-20T18:01:31","slug":"perfil-about-me","status":"publish","type":"page","link":"https:\/\/blogs.ua.es\/fernandopradosmartinez\/?page_id=68","title":{"rendered":"Perfil \/ About me"},"content":{"rendered":"<p>BS Geograf\u00eda e Historia, Universidad Aut\u00f3noma de Madrid 1998<br \/>\nMS Archaeology, Universidad Aut\u00f3noma de Madrid 2001<br \/>\nPhD Archaeology, Universidad Aut\u00f3noma de Madrid 2005<br \/>\n1998-2002 Professional archaeologist<br \/>\n2002-2005 pre-doctoral fellow (Universidad Aut\u00f3noma de Madrid)<br \/>\n2006-2008 post-doctoral fellow (Universit\u00e9 de Toulouse)<br \/>\n2008-2009 Researcher (Universitat Pompeu Fabra de Barcelona)<br \/>\n2009-2012 Lecturer in Archaeology and Juan de la Cierva Research Program (Universidad de Alicante)<br \/>\n2012-2017 Lecturer in Archaelogy and Ram\u00f3n y Cajal Research Program (Universidad de Alicante)<br \/>\n2017-     Lecturer in Archaeology (Universidad de Alicante)<\/p>\n<p>Research Stays<br \/>\n2001 Research Fellow. Institut National du Patrimoine (Tunis)<br \/>\n2002 Research-Fellow. ISCIMA-CNR Roma (Italy)<br \/>\n2003 Research Fellow. Universit\u00e9 March Bloch. Strasbourg II (France)<br \/>\n2004 Research Fellow. Universit\u00e9 de Provence. Aix en Provence (France)<br \/>\n2015 Academic Visitor. Faculty of Classics. University of Oxford (UK)<br \/>\n2016 Academic Visitor. Deutsches Arch\u00e4ologisches Institut, Berlin (Germany)<\/p>\n<figure id=\"attachment_185\" aria-describedby=\"caption-attachment-185\" style=\"width: 300px\" class=\"wp-caption aligncenter\"><a href=\"https:\/\/blogs.ua.es\/fernandopradosmartinez\/files\/2011\/08\/SICILIA_2010k.jpg\"><img loading=\"lazy\" decoding=\"async\" class=\"size-medium wp-image-185\" src=\"https:\/\/blogs.ua.es\/fernandopradosmartinez\/files\/2011\/08\/SICILIA_2010k-300x144.jpg\" alt=\"\" width=\"300\" height=\"144\" srcset=\"https:\/\/blogs.ua.es\/fernandopradosmartinez\/files\/2011\/08\/SICILIA_2010k-300x144.jpg 300w, https:\/\/blogs.ua.es\/fernandopradosmartinez\/files\/2011\/08\/SICILIA_2010k-1024x493.jpg 1024w, https:\/\/blogs.ua.es\/fernandopradosmartinez\/files\/2011\/08\/SICILIA_2010k-620x300.jpg 620w, https:\/\/blogs.ua.es\/fernandopradosmartinez\/files\/2011\/08\/SICILIA_2010k.jpg 1173w\" sizes=\"auto, (max-width: 300px) 100vw, 300px\" \/><\/a><figcaption id=\"caption-attachment-185\" class=\"wp-caption-text\">Mozia (Sicilia)<\/figcaption><\/figure>\n<p>The main research line carried out so far is part of the studies on Punic culture and its influence on native Iberian societies with a particular interest in the complex processes of hybridization derived from that influence which can be inferred in funerary architecture. The relations between both societies, Punic and Iberian, have traditionally been interpreted from a theoretical standpoint premised on the so-called acculturation which segregates cultures into \u2018advanced\u2019 and \u2018backward\u2019. However, the topic is nowadays approached from a wider perspective which takes into account both the bidirectional dialectics established in cross-cultural contacts and the resulting \u2018polyhedric\u2019 reality. All these ideas draw on a panorama of theoretical renewal concerning Archaeology, with examples such as the so-called \u2018postcolonial\u2019 studies which in the Spanish context have already had a positive effect in the materialization of new analytical models for cultural contacts between Phoenicians, Punics, or Romans and Iberian societies.<br \/>\nThe knowledge of Punic culture is thus considered today a key to understand many historical processes within Iberian societies, especially after the 3rd century B.C. In recent years, indeed, many new archaeological studies concerning cultural contacts and the construction of social identities in Iberia have revealed the importance of a better understanding of Mediterranean cultures such as the Punic.<\/p>\n","protected":false},"excerpt":{"rendered":"<p>BS Geograf\u00eda e Historia, Universidad Aut\u00f3noma de Madrid 1998 MS Archaeology, Universidad Aut\u00f3noma de Madrid 2001 PhD Archaeology, Universidad Aut\u00f3noma de Madrid 2005 1998-2002 Professional archaeologist 2002-2005 pre-doctoral fellow (Universidad Aut\u00f3noma de Madrid) 2006-2008 post-doctoral fellow (Universit\u00e9 de Toulouse) 2008-2009 Researcher (Universitat Pompeu Fabra de Barcelona) 2009-2012 Lecturer in Archaeology and Juan de la Cierva [&hellip;]<\/p>\n","protected":false},"author":1721,"featured_media":0,"parent":0,"menu_order":0,"comment_status":"open","ping_status":"open","template":"","meta":{"footnotes":""},"class_list":["post-68","page","type-page","status-publish","hentry"],"_links":{"self":[{"href":"https:\/\/blogs.ua.es\/fernandopradosmartinez\/index.php?rest_route=\/wp\/v2\/pages\/68","targetHints":{"allow":["GET"]}}],"collection":[{"href":"https:\/\/blogs.ua.es\/fernandopradosmartinez\/index.php?rest_route=\/wp\/v2\/pages"}],"about":[{"href":"https:\/\/blogs.ua.es\/fernandopradosmartinez\/index.php?rest_route=\/wp\/v2\/types\/page"}],"author":[{"embeddable":true,"href":"https:\/\/blogs.ua.es\/fernandopradosmartinez\/index.php?rest_route=\/wp\/v2\/users\/1721"}],"replies":[{"embeddable":true,"href":"https:\/\/blogs.ua.es\/fernandopradosmartinez\/index.php?rest_route=%2Fwp%2Fv2%2Fcomments&post=68"}],"version-history":[{"count":15,"href":"https:\/\/blogs.ua.es\/fernandopradosmartinez\/index.php?rest_route=\/wp\/v2\/pages\/68\/revisions"}],"predecessor-version":[{"id":483,"href":"https:\/\/blogs.ua.es\/fernandopradosmartinez\/index.php?rest_route=\/wp\/v2\/pages\/68\/revisions\/483"}],"wp:attachment":[{"href":"https:\/\/blogs.ua.es\/fernandopradosmartinez\/index.php?rest_route=%2Fwp%2Fv2%2Fmedia&parent=68"}],"curies":[{"name":"wp","href":"https:\/\/api.w.org\/{rel}","templated":true}]}}