{"id":11,"date":"2021-11-07T22:36:21","date_gmt":"2021-11-07T22:36:21","guid":{"rendered":"https:\/\/blogs.ua.es\/ferricandidato\/?page_id=11"},"modified":"2025-12-04T10:11:30","modified_gmt":"2025-12-04T10:11:30","slug":"programa","status":"publish","type":"page","link":"https:\/\/blogs.ua.es\/ferricandidato\/programa\/","title":{"rendered":"Programa"},"content":{"rendered":"<p><img decoding=\"async\" class=\"aligncenter\" style=\"width: 100%\" src=\"https:\/\/blogs.ua.es\/ferricandidato\/files\/2021\/11\/ferri-1.jpg\" alt=\"\" \/><\/p>\n<table style=\"width: 100%;font-size: 16px;text-align: justify\">\n<tbody>\n<tr>\n<td style=\"vertical-align: top\"><em>Benvolgut i benvolguda claustral,<\/em><em>He decidit presentar la meua candidatura a aquestes eleccions al deganat de la nostra Facultat per a continuar treballant en la defensa dels interessos de la Facultat i dels acords de la Junta i del Claustre, aix\u00ed com per a dur a terme totes les accions encaminades a millorar els nostres estudis, la nostra investigaci\u00f3, les nostres infraestructures, etc. <\/em><em>Compte amb un equip preparat per a gestionar el dia a dia del nostre centre i tamb\u00e9 per a afrontar el dia de dem\u00e0. <\/em><\/p>\n<p><em>Et convide a llegir les propostes que apareixen en aquesta web no com a futures accions tancades sin\u00f3 amb la intenci\u00f3 que puguen ser enriquides amb les teues aportacions i, si s\u2019escau, amb les dels \u00f2rgans col\u00b7legiats de la Facultat. Totes elles s\u00f3n continuaci\u00f3 natural de les actuacions concloses o en curs que es van presentar davant el nostre Claustre com a retiment de comptes del periode 2021-2025.<\/em><\/p>\n<p><em>Entre totes i tots serem capaces de dur-les avant.<\/em><\/p>\n<p><em>Rep una salutaci\u00f3 ben afectuosa,<\/em><\/p>\n<p><em>Jos\u00e9 Mar\u00eda Ferri Coll<\/em><\/td>\n<td width=\"38\"><\/td>\n<td style=\"vertical-align: top\"><em>Querida y querido claustral,<\/em><em>He decidido presentar mi candidatura a estas elecciones al decanato de nuestra Facultad para continuar trabajando en la defensa de los intereses de la Facultad y de los acuerdos de su Junta y de su Claustro, as\u00ed como para llevar a t\u00e9rmino las acciones encaminadas a mejorar nuestros estudios, nuestra investigaci\u00f3n, nuestras infraestructuras, etc. <\/em><em>Cuento con un equipo preparado para gestionar el d\u00eda a d\u00eda de nuestro centro y tambi\u00e9n para preparar el d\u00eda de ma\u00f1ana.<\/em><\/p>\n<p><em>Te invito a que leas las propuestas que aparecen en esta web no como futuras acciones cerradas, sino con la intenci\u00f3n de que puedan ser enriquecidas con tus aportaciones y, si llega el caso, con las de los \u00f3rganos colegiados de la Facultad. Todas ellas son continuaci\u00f3n natural de las actuaciones concluidas o en curso que se presentaron ante nuestro Claustro como rendici\u00f3n de cuentas del periodo 2021-2025.<\/em><\/p>\n<p><em>Entre todas y todos seremos capaces de llevarlas a cabo.<\/em><\/p>\n<p><em>Recibe un afectuoso saludo,<\/em><\/p>\n<p><em>Jos\u00e9 Mar\u00eda Ferri Coll<\/em><\/td>\n<\/tr>\n<\/tbody>\n<\/table>\n<p style=\"text-align: center\"><a href=\"https:\/\/blogs.ua.es\/ferricandidato\/files\/2025\/12\/programa_2025_dec.pdf\" target=\"_blank\" rel=\"noopener\"><img loading=\"lazy\" decoding=\"async\" class=\"aligncenter size-full wp-image-163\" src=\"https:\/\/blogs.ua.es\/ferricandidato\/files\/2021\/11\/photo_2021-11-28_00-06-11.jpg\" alt=\"\" width=\"433\" height=\"78\" srcset=\"https:\/\/blogs.ua.es\/ferricandidato\/files\/2021\/11\/photo_2021-11-28_00-06-11.jpg 433w, https:\/\/blogs.ua.es\/ferricandidato\/files\/2021\/11\/photo_2021-11-28_00-06-11-300x54.jpg 300w\" sizes=\"auto, (max-width: 433px) 100vw, 433px\" \/><\/a><\/p>\n","protected":false},"excerpt":{"rendered":"<p>Benvolgut i benvolguda claustral,He decidit presentar la meua candidatura a aquestes eleccions al deganat de la nostra Facultat per a continuar treballant en la defensa dels interessos de la Facultat i dels acords de la Junta i del Claustre, aix\u00ed com per a dur a terme totes les accions encaminades a millorar els nostres estudis, [&hellip;]<\/p>\n","protected":false},"author":4504,"featured_media":0,"parent":0,"menu_order":0,"comment_status":"closed","ping_status":"closed","template":"template-full-width.php","meta":{"footnotes":""},"class_list":["post-11","page","type-page","status-publish","hentry"],"_links":{"self":[{"href":"https:\/\/blogs.ua.es\/ferricandidato\/wp-json\/wp\/v2\/pages\/11","targetHints":{"allow":["GET"]}}],"collection":[{"href":"https:\/\/blogs.ua.es\/ferricandidato\/wp-json\/wp\/v2\/pages"}],"about":[{"href":"https:\/\/blogs.ua.es\/ferricandidato\/wp-json\/wp\/v2\/types\/page"}],"author":[{"embeddable":true,"href":"https:\/\/blogs.ua.es\/ferricandidato\/wp-json\/wp\/v2\/users\/4504"}],"replies":[{"embeddable":true,"href":"https:\/\/blogs.ua.es\/ferricandidato\/wp-json\/wp\/v2\/comments?post=11"}],"version-history":[{"count":37,"href":"https:\/\/blogs.ua.es\/ferricandidato\/wp-json\/wp\/v2\/pages\/11\/revisions"}],"predecessor-version":[{"id":338,"href":"https:\/\/blogs.ua.es\/ferricandidato\/wp-json\/wp\/v2\/pages\/11\/revisions\/338"}],"wp:attachment":[{"href":"https:\/\/blogs.ua.es\/ferricandidato\/wp-json\/wp\/v2\/media?parent=11"}],"curies":[{"name":"wp","href":"https:\/\/api.w.org\/{rel}","templated":true}]}}