{"id":13,"date":"2021-11-07T22:36:54","date_gmt":"2021-11-07T22:36:54","guid":{"rendered":"https:\/\/blogs.ua.es\/ferricandidato\/?page_id=13"},"modified":"2025-12-02T14:19:00","modified_gmt":"2025-12-02T14:19:00","slug":"equipo","status":"publish","type":"page","link":"https:\/\/blogs.ua.es\/ferricandidato\/equipo\/","title":{"rendered":"Equipo\/Equip"},"content":{"rendered":"<p>&nbsp;<\/p>\n<table style=\"width: 100%;font-size: 16px;text-align: justify\">\n<tbody>\n<tr>\n<td style=\"text-align: center;width: 33.333%\"><\/td>\n<td style=\"text-align: center;width: 33.333%\" valign=\"top\"><a href=\"https:\/\/blogs.ua.es\/ferricandidato\/equipo\/jose-maria-ferri\/\"><br \/>\n<img decoding=\"async\" style=\"max-height: 200px !important;height: auto;width: 100%;max-width: 220px;border-radius: 30px !important;margin-bottom: 20px;margin-top: 20px\" src=\"https:\/\/blogs.ua.es\/ferricandidato\/files\/2021\/11\/Ferri-300x200.jpg\" \/><\/a>Jos\u00e9 Mar\u00eda Ferri Coll<\/p>\n<p><i>Decano\/Deg\u00e0<\/i><\/td>\n<td style=\"text-align: center;width: 33.333%\"><\/td>\n<\/tr>\n<tr>\n<td colspan=\"3\"><\/td>\n<\/tr>\n<tr>\n<td style=\"text-align: center;width: 33.333%\" valign=\"top\"><a href=\"https:\/\/blogs.ua.es\/ferricandidato\/equipo\/nereida-congost\/\"><br \/>\n<img decoding=\"async\" style=\"max-height: 200px !important;height: auto;width: 100%;max-width: 220px;border-radius: 30px !important;margin-bottom: 20px;margin-top: 20px\" src=\"https:\/\/blogs.ua.es\/ferricandidato\/files\/2021\/11\/Congost-300x200.jpg\" \/><\/a>Nereida Congost Maestre<\/p>\n<p><em>Secretaria acad\u00e9mica\/Secret\u00e0ria acad\u00e8mica<\/em><\/td>\n<td style=\"text-align: center;width: 33.333%\" valign=\"top\"><a href=\"https:\/\/blogs.ua.es\/ferricandidato\/equipo\/paola-masseau\/\"><br \/>\n<img decoding=\"async\" style=\"max-height: 200px !important;height: auto;width: 100%;max-width: 220px;border-radius: 30px !important;margin-bottom: 20px;margin-top: 20px\" src=\"https:\/\/blogs.ua.es\/ferricandidato\/files\/2021\/11\/Masseau-300x200.jpg\" \/><\/a>Paola Conception Ginette Masseau<\/p>\n<p><em>V. Ord. Acad\u00e9mica y C. Traducci\u00f3n\/V. Ord. Acad\u00e8mica i C. Traducci\u00f3<\/em><\/td>\n<td style=\"text-align: center;width: 33.333%\" valign=\"top\"><a href=\"https:\/\/blogs.ua.es\/ferricandidato\/equipo\/jose-antonio-sanchez\/\"><br \/>\n<img decoding=\"async\" style=\"max-height: 200px !important;height: auto;width: 100%;max-width: 220px;border-radius: 30px !important;margin-bottom: 20px;margin-top: 20px\" src=\"https:\/\/blogs.ua.es\/ferricandidato\/files\/2021\/11\/Sanchez-300x200.jpg\" \/><\/a>Jos\u00e9 Antonio S\u00e1nchez Fajardo<\/p>\n<p><em>V. Calidad, Estudios y Lenguas y C. Estudios Ingleses\/V. Qualitat, Estudis i Lleng\u00fces i C. Estudis Anglesos<\/em><\/td>\n<p><!-- --><\/tr>\n<tr>\n<td colspan=\"3\"><\/td>\n<\/tr>\n<tr>\n<td style=\"text-align: center;width: 33.333%\" valign=\"top\"><a href=\"https:\/\/blogs.ua.es\/ferricandidato\/julia-sarabia-bautista\/\"><br \/>\n<img decoding=\"async\" style=\"max-height: 200px !important;height: auto;width: 100%;max-width: 220px;border-radius: 30px !important;margin-bottom: 20px;margin-top: 20px\" src=\"https:\/\/blogs.ua.es\/ferricandidato\/files\/2025\/12\/IMG_20250322_1912072.jpg\" \/><\/a>Julia Sarabia Bautista<\/p>\n<p><em>V. Postgrado y Estudiantes\/V. Postgrau i Estudiants<\/em><\/td>\n<td style=\"text-align: center;width: 33.333%\" valign=\"top\"><a href=\"https:\/\/blogs.ua.es\/ferricandidato\/carles-segura-llopes-2\/\"><br \/>\n<img decoding=\"async\" style=\"max-height: 200px !important;height: auto;width: 100%;max-width: 220px;border-radius: 30px !important;margin-bottom: 20px;margin-top: 20px\" src=\"https:\/\/blogs.ua.es\/ferricandidato\/files\/2025\/11\/Carles-Segura-Llopes.jpg\" \/><\/a>Carles Segura Llopes<\/p>\n<p><em>V. Cultura, Comunicaci\u00f3n y Prom. valenciano y C. Fil. Catalana\/V. Cultura, Comunicaci\u00f3 i Prom. valenci\u00e0 i C. Fil. Catalana<\/em><\/td>\n<td style=\"text-align: center;width: 33.333%\" valign=\"top\"><a href=\"https:\/\/blogs.ua.es\/ferricandidato\/equipo\/maria-del-mar-garcia-arenas\/\"><br \/>\n<img decoding=\"async\" style=\"max-height: 200px !important;height: auto;width: 100%;max-width: 220px;border-radius: 30px !important;margin-bottom: 20px;margin-top: 20px\" src=\"https:\/\/blogs.ua.es\/ferricandidato\/files\/2021\/11\/Garcia-300x200.jpg\" \/><\/a>Mar\u00eda del Mar Garc\u00eda Arenas<\/p>\n<p><em>V. Igualdad y RR.II. C. Historia\/V. Igualtat i RR.II. C. Hist\u00f2ria<\/em><\/td>\n<\/tr>\n<tr>\n<td colspan=\"3\"><\/td>\n<\/tr>\n<tr>\n<td style=\"text-align: center;width: 33.333%\" valign=\"top\"><a href=\"https:\/\/blogs.ua.es\/ferricandidato\/ana-isabel-espinosa-segui\/\"><br \/>\n<img decoding=\"async\" style=\"max-height: 200px !important;height: auto;width: 100%;max-width: 220px;border-radius: 30px !important;margin-bottom: 20px;margin-top: 20px\" src=\"https:\/\/blogs.ua.es\/ferricandidato\/files\/2025\/11\/ana_espinosa.jpg\" \/><\/a>Ana Isabel Espinosa Segu\u00ed<\/p>\n<p><em>V. Investigaci\u00f3n, Acceso y Sostenibilidad y C. Geograf\u00eda\/V. Investigaci\u00f3, Acc\u00e9s i Sostenibilitat i C. Geografia<\/em><\/td>\n<td style=\"text-align: center;width: 33.333%\" valign=\"top\"><a href=\"https:\/\/blogs.ua.es\/ferricandidato\/margarita-capdepon-frias\/\"><br \/>\n<img decoding=\"async\" style=\"max-height: 200px !important;height: auto;width: 100%;max-width: 220px;border-radius: 30px !important;margin-bottom: 20px;margin-top: 20px\" src=\"https:\/\/blogs.ua.es\/ferricandidato\/files\/2025\/11\/margarita.jpg\" \/><\/a>Margarita Capdep\u00f3n Fr\u00edas<\/p>\n<p><em>V. Pr\u00e1cticas y Emprendimiento y C. Turismo\/V. Pr\u00e0ctiques i Emprenedoria i C. Turisme<\/em><\/td>\n<td style=\"text-align: center;width: 33.333%\" valign=\"top\"><a href=\"https:\/\/blogs.ua.es\/ferricandidato\/jorge-fernandez-jaen\/\"><br \/>\n<img decoding=\"async\" style=\"max-height: 200px !important;height: auto;width: 100%;max-width: 220px;border-radius: 30px !important;margin-bottom: 20px;margin-top: 20px\" src=\"https:\/\/blogs.ua.es\/ferricandidato\/files\/2025\/11\/jorge.jpg\" \/><\/a>Jorge Fern\u00e1ndez Ja\u00e9n<\/p>\n<p><em>C. Espa\u00f1ol: Lengua y Literaturas\/C. Espanyol: Llengua i Literatures<\/em><\/td>\n<\/tr>\n<tr>\n<td colspan=\"3\"><\/td>\n<\/tr>\n<tr>\n<td style=\"text-align: center;width: 33.333%\" valign=\"top\"><a href=\"https:\/\/blogs.ua.es\/ferricandidato\/josefina-bueno-alonso\/\"><br \/>\n<img decoding=\"async\" style=\"max-height: 200px !important;height: auto;width: 100%;max-width: 220px;border-radius: 30px !important;margin-bottom: 20px;margin-top: 20px\" src=\"https:\/\/blogs.ua.es\/ferricandidato\/files\/2025\/11\/josefina-bueno-alonso-def.jpg\" \/><\/a>Josefina Bueno Alonso<\/p>\n<p><em>C. Estudios Franceses\/C. Estudis Francesos<\/em><\/td>\n<td style=\"text-align: center;width: 33.333%\" valign=\"top\"><a href=\"https:\/\/blogs.ua.es\/ferricandidato\/equipo\/hany-el-bassal\/\"><br \/>\n<img decoding=\"async\" style=\"max-height: 200px !important;height: auto;width: 100%;max-width: 220px;border-radius: 30px !important;margin-bottom: 20px;margin-top: 20px\" src=\"https:\/\/blogs.ua.es\/ferricandidato\/files\/2021\/11\/El_Bassal-300x200.jpg\" \/><\/a>Hany El-Erian El Bassal<\/p>\n<p><em>C. Estudios \u00c1rabes e Isl\u00e1micos\/C. Estudis \u00c0rabs i Isl\u00e0mics<\/em><\/td>\n<td style=\"text-align: center;width: 33.333%\" valign=\"top\"><a href=\"https:\/\/blogs.ua.es\/ferricandidato\/sofia-angela-albero-verdu\/\"><br \/>\n<img decoding=\"async\" style=\"max-height: 200px !important;height: auto;width: 100%;max-width: 220px;border-radius: 30px !important;margin-bottom: 20px;margin-top: 20px\" src=\"https:\/\/blogs.ua.es\/ferricandidato\/files\/2025\/11\/foto-Sofi\u0301a.png\" \/><\/a>Sof\u00eda \u00c1ngela Albero Verd\u00fa<\/p>\n<p><em>C. Humanidades\/C. Humanitats<\/em><\/td>\n<\/tr>\n<tr>\n<td colspan=\"3\"><\/td>\n<\/tr>\n<tr>\n<td colspan=\"3\"><\/td>\n<\/tr>\n<\/tbody>\n<\/table>\n","protected":false},"excerpt":{"rendered":"<p>&nbsp; Jos\u00e9 Mar\u00eda Ferri Coll Decano\/Deg\u00e0 Nereida Congost Maestre Secretaria acad\u00e9mica\/Secret\u00e0ria acad\u00e8mica Paola Conception Ginette Masseau V. Ord. Acad\u00e9mica y C. Traducci\u00f3n\/V. Ord. Acad\u00e8mica i C. Traducci\u00f3 Jos\u00e9 Antonio S\u00e1nchez Fajardo V. Calidad, Estudios y Lenguas y C. Estudios Ingleses\/V. Qualitat, Estudis i Lleng\u00fces i C. Estudis Anglesos Julia Sarabia Bautista V. Postgrado y Estudiantes\/V. [&hellip;]<\/p>\n","protected":false},"author":4504,"featured_media":0,"parent":0,"menu_order":0,"comment_status":"closed","ping_status":"closed","template":"template-full-width.php","meta":{"footnotes":""},"class_list":["post-13","page","type-page","status-publish","hentry"],"_links":{"self":[{"href":"https:\/\/blogs.ua.es\/ferricandidato\/wp-json\/wp\/v2\/pages\/13","targetHints":{"allow":["GET"]}}],"collection":[{"href":"https:\/\/blogs.ua.es\/ferricandidato\/wp-json\/wp\/v2\/pages"}],"about":[{"href":"https:\/\/blogs.ua.es\/ferricandidato\/wp-json\/wp\/v2\/types\/page"}],"author":[{"embeddable":true,"href":"https:\/\/blogs.ua.es\/ferricandidato\/wp-json\/wp\/v2\/users\/4504"}],"replies":[{"embeddable":true,"href":"https:\/\/blogs.ua.es\/ferricandidato\/wp-json\/wp\/v2\/comments?post=13"}],"version-history":[{"count":74,"href":"https:\/\/blogs.ua.es\/ferricandidato\/wp-json\/wp\/v2\/pages\/13\/revisions"}],"predecessor-version":[{"id":335,"href":"https:\/\/blogs.ua.es\/ferricandidato\/wp-json\/wp\/v2\/pages\/13\/revisions\/335"}],"wp:attachment":[{"href":"https:\/\/blogs.ua.es\/ferricandidato\/wp-json\/wp\/v2\/media?parent=13"}],"curies":[{"name":"wp","href":"https:\/\/api.w.org\/{rel}","templated":true}]}}