{"id":2,"date":"2021-10-10T21:18:11","date_gmt":"2021-10-10T21:18:11","guid":{"rendered":"https:\/\/blogs.ua.es\/ferricandidato\/?page_id=2"},"modified":"2025-12-01T19:19:03","modified_gmt":"2025-12-01T19:19:03","slug":"pagina-ejemplo","status":"publish","type":"page","link":"https:\/\/blogs.ua.es\/ferricandidato\/","title":{"rendered":""},"content":{"rendered":"<p><a href=\"https:\/\/blogs.ua.es\/ferricandidato\/files\/2025\/11\/Cartel_2025.jpg\"><img loading=\"lazy\" decoding=\"async\" class=\"aligncenter wp-image-255\" src=\"https:\/\/blogs.ua.es\/ferricandidato\/files\/2025\/11\/Cartel_2025.jpg\" alt=\"\" width=\"650\" height=\"455\" \/><\/a><\/p>\n<table style=\"width: 100%\" border=\"0\" cellspacing=\"10\" cellpadding=\"10\">\n<tbody>\n<tr>\n<td valign=\"top\">Benvinguts i benvingudes a la nostra p\u00e0gina web, en la qual presentem la candidatura de Jos\u00e9 Mar\u00eda Ferri a deg\u00e0 de la Facultat de Filosofia i Lletres. En aquest espai podr\u00e0s trobar informaci\u00f3 sobre els reptes i les accions que ens plantegem per als pr\u00f2xims anys, aix\u00ed com tamb\u00e9 els membres que formem l\u2019equip. Et convidem a seguir la campanya a trav\u00e9s del nostre compte\u00a0<a href=\"https:\/\/twitter.com\/ferridecano\">@ferridecano<\/a> en Twitter.<\/p>\n<p>La teua opini\u00f3, les teues propostes i les teues idees s\u00f3n molt importants per a nosaltres; pots enviar-nos els teus suggeriments a l\u2019adre\u00e7a <a href=\"mailto:jm.ferri@ua.es\">jm.ferri@ua.es<\/a>.<\/td>\n<td valign=\"top\">Bienvenidos y bienvenidas a nuestra p\u00e1gina web, en la que presentamos la candidatura de Jos\u00e9 Mar\u00eda Ferri a decano de la Facultad de Filosof\u00eda y Letras. En este espacio podr\u00e1s encontrar informaci\u00f3n sobre los retos y las acciones que nos planteamos en los pr\u00f3ximos a\u00f1os, as\u00ed como los miembros que formamos el equipo. Te invitamos a que sigas la campa\u00f1a a trav\u00e9s de nuestra cuenta\u00a0<a href=\"https:\/\/twitter.com\/ferridecano\">@ferridecano<\/a> en Twitter.<\/p>\n<p>Tu opini\u00f3n, tus propuestas y tus ideas son muy importantes para nosotras y nosotros: puedes enviarnos tus sugerencias a la direcci\u00f3n\u00a0<a href=\"mailto:jm.ferri@ua.es\">jm.ferri@ua.es<\/a>.<\/td>\n<\/tr>\n<\/tbody>\n<\/table>\n<p>&nbsp;<\/p>\n","protected":false},"excerpt":{"rendered":"<p>Benvinguts i benvingudes a la nostra p\u00e0gina web, en la qual presentem la candidatura de Jos\u00e9 Mar\u00eda Ferri a deg\u00e0 de la Facultat de Filosofia i Lletres. En aquest espai podr\u00e0s trobar informaci\u00f3 sobre els reptes i les accions que ens plantegem per als pr\u00f2xims anys, aix\u00ed com tamb\u00e9 els membres que formem l\u2019equip. Et [&hellip;]<\/p>\n","protected":false},"author":4504,"featured_media":0,"parent":0,"menu_order":0,"comment_status":"closed","ping_status":"open","template":"template-full-width.php","meta":{"footnotes":""},"class_list":["post-2","page","type-page","status-publish","hentry"],"_links":{"self":[{"href":"https:\/\/blogs.ua.es\/ferricandidato\/wp-json\/wp\/v2\/pages\/2","targetHints":{"allow":["GET"]}}],"collection":[{"href":"https:\/\/blogs.ua.es\/ferricandidato\/wp-json\/wp\/v2\/pages"}],"about":[{"href":"https:\/\/blogs.ua.es\/ferricandidato\/wp-json\/wp\/v2\/types\/page"}],"author":[{"embeddable":true,"href":"https:\/\/blogs.ua.es\/ferricandidato\/wp-json\/wp\/v2\/users\/4504"}],"replies":[{"embeddable":true,"href":"https:\/\/blogs.ua.es\/ferricandidato\/wp-json\/wp\/v2\/comments?post=2"}],"version-history":[{"count":33,"href":"https:\/\/blogs.ua.es\/ferricandidato\/wp-json\/wp\/v2\/pages\/2\/revisions"}],"predecessor-version":[{"id":326,"href":"https:\/\/blogs.ua.es\/ferricandidato\/wp-json\/wp\/v2\/pages\/2\/revisions\/326"}],"wp:attachment":[{"href":"https:\/\/blogs.ua.es\/ferricandidato\/wp-json\/wp\/v2\/media?parent=2"}],"curies":[{"name":"wp","href":"https:\/\/api.w.org\/{rel}","templated":true}]}}