{"id":26,"date":"2021-11-07T22:42:59","date_gmt":"2021-11-07T22:42:59","guid":{"rendered":"https:\/\/blogs.ua.es\/ferricandidato\/?page_id=26"},"modified":"2025-12-01T17:41:47","modified_gmt":"2025-12-01T17:41:47","slug":"paola-masseau","status":"publish","type":"page","link":"https:\/\/blogs.ua.es\/ferricandidato\/equipo\/paola-masseau\/","title":{"rendered":"Paola Conception Ginette Masseau"},"content":{"rendered":"<p><img loading=\"lazy\" decoding=\"async\" class=\"aligncenter wp-image-109\" src=\"https:\/\/blogs.ua.es\/ferricandidato\/files\/2021\/11\/Masseau-300x200.jpg\" alt=\"\" width=\"600\" height=\"400\" srcset=\"https:\/\/blogs.ua.es\/ferricandidato\/files\/2021\/11\/Masseau-300x200.jpg 300w, https:\/\/blogs.ua.es\/ferricandidato\/files\/2021\/11\/Masseau-768x512.jpg 768w, https:\/\/blogs.ua.es\/ferricandidato\/files\/2021\/11\/Masseau-75x50.jpg 75w, https:\/\/blogs.ua.es\/ferricandidato\/files\/2021\/11\/Masseau.jpg 800w\" sizes=\"auto, (max-width: 600px) 100vw, 600px\" \/><\/p>\n<p><a href=\"https:\/\/cvnet.cpd.ua.es\/curriculum-breve\/es\/masseau-paola-conception-ginette\/3211\"><span style=\"font-weight: 400\">https:\/\/cvnet.cpd.ua.es\/curriculum-breve\/es\/masseau-paola-conception-ginette\/3211<\/span><\/a><\/p>\n<p>Soy Profesora Titular de Universidad (Traducci\u00f3n e Interpretaci\u00f3n) en el Dpto. de Traducci\u00f3n e Interpretaci\u00f3n. Me licenci\u00e9 con Grado en Filolog\u00eda Hisp\u00e1nica (LLCE) en la Universidad de Versailles Saint-Quentin-en-Yvelines, M\u00e1ster en Traducci\u00f3n e Interpretaci\u00f3n en la Universidad de Alicante y me doctor\u00e9 en Traducci\u00f3n e Interpretaci\u00f3n en la misma universidad. Desde la Ma\u00eetrise y hasta la Tesis Doctoral he estudiado distintos aspectos de las traducciones al espa\u00f1ol de la obra de Paul Val\u00e9ry. Me he ido interesando por la traducci\u00f3n po\u00e9tica desde la recepci\u00f3n de varias obras hasta su configuraci\u00f3n discursivo-r\u00edtmica, est\u00e9tica o editorial. En los \u00faltimos tiempos trabajo sobre traducci\u00f3n y transcreaci\u00f3n.<\/p>\n<p>En los \u00faltimos quince a\u00f1os he realizado diferentes tareas de gesti\u00f3n universitaria (secretaria acad\u00e9mica del Dpto. de Traducci\u00f3n e Interpretaci\u00f3n; coordinadora del M\u00e1ster en Traducci\u00f3n Institucional; coordinadora de la asignatura de Trabajo Fin de Grado en Traducci\u00f3n e Interpretaci\u00f3n; miembro de las comisiones de Grado, M\u00e1ster y Doctorado). He sido vicedecana de ordenaci\u00f3n acad\u00e9mica de la Facultad de Letras de 2021 a 2025 as\u00ed como coordinadora del grado en traducci\u00f3n e interpretaci\u00f3n. La experiencia adquirida a lo largo de estos veinte y cinco a\u00f1os en la UA, desde mi estancia Erasmus en el seno de la Facultad de Letras en el curso 2001-2002, me conduce hoy a querer seguir formando del equipo decanal con numerosos retos a la vista.<\/p>\n<hr \/>\n<p><span style=\"font-weight: 400\">Soc Professora Titular d&#8217;Universitat (Traducci\u00f3 i Interpretaci\u00f3) en el Departament de Traducci\u00f3 i Interpretaci\u00f3. Em vaig llicenciar amb Grau en Filologia Hisp\u00e0nica (LLCE) en la Universitat de Versailles Saint-Quentin-en-Yvelines, M\u00e0ster en Traducci\u00f3 i Interpretaci\u00f3 en la Universitat d&#8217;Alacant i em vaig doctorar en Traducci\u00f3 i Interpretaci\u00f3 en la mateixa universitat. Des de la <\/span><i><span style=\"font-weight: 400\">Ma\u00eetrise<\/span><\/i><span style=\"font-weight: 400\"> i fins a la Tesi Doctoral he estudiat diferents aspectes de les traduccions a l&#8217;espanyol de l&#8217;obra de Paul Val\u00e9ry. M&#8217;he anat interessant per la traducci\u00f3 po\u00e8tica des de la recepci\u00f3 de diverses obres fins a la seva configuraci\u00f3 discursiu-r\u00edtmica, est\u00e8tica o editorial. En els \u00faltims temps treballo sobre traducci\u00f3 i *transcreaci\u00f3n.<\/span><\/p>\n<p><span style=\"font-weight: 400\">En els \u00faltims quinze anys he fet diferents tasques de gesti\u00f3 universit\u00e0ria (secret\u00e0ria acad\u00e8mica del Departament de Traducci\u00f3 i Interpretaci\u00f3; coordinadora del M\u00e0ster en Traducci\u00f3 Institucional; coordinadora de l\u2019assignatura de Treball fi de grau en Traducci\u00f3 i Interpretaci\u00f3; membre de les comissions de Grau, M\u00e0ster i Doctorat). He estat vicedegana d&#8217;ordenaci\u00f3 acad\u00e8mica de la Facultat de Lletres de 2021 a 2025 aix\u00ed com coordinadora del grau en traducci\u00f3 i interpretaci\u00f3. L&#8217;experi\u00e8ncia adquirida al llarg d&#8217;aquests vint i cinc anys en la UA, des de la meva estada Erasmus en el si de la Facultat de Lletres en el curs 2001-2002, em condueix avui a voler continuar formant de l\u2019equip decanal amb nombrosos reptes a la vista.<\/span><\/p>\n","protected":false},"excerpt":{"rendered":"<p>https:\/\/cvnet.cpd.ua.es\/curriculum-breve\/es\/masseau-paola-conception-ginette\/3211 Soy Profesora Titular de Universidad (Traducci\u00f3n e Interpretaci\u00f3n) en el Dpto. de Traducci\u00f3n e Interpretaci\u00f3n. Me licenci\u00e9 con Grado en Filolog\u00eda Hisp\u00e1nica (LLCE) en la Universidad de Versailles Saint-Quentin-en-Yvelines, M\u00e1ster en Traducci\u00f3n e Interpretaci\u00f3n en la Universidad de Alicante y me doctor\u00e9 en Traducci\u00f3n e Interpretaci\u00f3n en la misma universidad. Desde la Ma\u00eetrise y [&hellip;]<\/p>\n","protected":false},"author":4504,"featured_media":0,"parent":13,"menu_order":0,"comment_status":"closed","ping_status":"closed","template":"template-full-width.php","meta":{"footnotes":""},"class_list":["post-26","page","type-page","status-publish","hentry"],"_links":{"self":[{"href":"https:\/\/blogs.ua.es\/ferricandidato\/wp-json\/wp\/v2\/pages\/26","targetHints":{"allow":["GET"]}}],"collection":[{"href":"https:\/\/blogs.ua.es\/ferricandidato\/wp-json\/wp\/v2\/pages"}],"about":[{"href":"https:\/\/blogs.ua.es\/ferricandidato\/wp-json\/wp\/v2\/types\/page"}],"author":[{"embeddable":true,"href":"https:\/\/blogs.ua.es\/ferricandidato\/wp-json\/wp\/v2\/users\/4504"}],"replies":[{"embeddable":true,"href":"https:\/\/blogs.ua.es\/ferricandidato\/wp-json\/wp\/v2\/comments?post=26"}],"version-history":[{"count":6,"href":"https:\/\/blogs.ua.es\/ferricandidato\/wp-json\/wp\/v2\/pages\/26\/revisions"}],"predecessor-version":[{"id":309,"href":"https:\/\/blogs.ua.es\/ferricandidato\/wp-json\/wp\/v2\/pages\/26\/revisions\/309"}],"up":[{"embeddable":true,"href":"https:\/\/blogs.ua.es\/ferricandidato\/wp-json\/wp\/v2\/pages\/13"}],"wp:attachment":[{"href":"https:\/\/blogs.ua.es\/ferricandidato\/wp-json\/wp\/v2\/media?parent=26"}],"curies":[{"name":"wp","href":"https:\/\/api.w.org\/{rel}","templated":true}]}}