{"id":273,"date":"2025-11-30T23:20:05","date_gmt":"2025-11-30T23:20:05","guid":{"rendered":"https:\/\/blogs.ua.es\/ferricandidato\/?page_id=273"},"modified":"2025-12-02T14:18:17","modified_gmt":"2025-12-02T14:18:17","slug":"julia-sarabia-bautista","status":"publish","type":"page","link":"https:\/\/blogs.ua.es\/ferricandidato\/julia-sarabia-bautista\/","title":{"rendered":"Julia Sarabia Bautista"},"content":{"rendered":"<p><img loading=\"lazy\" decoding=\"async\" class=\"aligncenter wp-image-333\" src=\"https:\/\/blogs.ua.es\/ferricandidato\/files\/2025\/12\/IMG_20250322_1912072.jpg\" alt=\"\" width=\"600\" height=\"457\" \/><\/p>\n<p><a href=\"https:\/\/cvnet.cpd.ua.es\/curriculum-breve\/es\/sarabia-bautista-julia\/6164\">https:\/\/cvnet.cpd.ua.es\/curriculum-breve\/es\/sarabia-bautista-julia\/6164<\/a><\/p>\n<p>Soy Profesora Titular de Universidad en el \u00e1rea de Arqueolog\u00eda de la UA e investigadora en el I.U.I. en Arqueolog\u00eda y Patrimonio Hist\u00f3rico de la UA.<\/p>\n<p>Soy miembro del grupo de investigaci\u00f3n &#8220;Arqueolog\u00eda y Patrimonio Hist\u00f3rico&#8221; (INAPH) donde desarrollo una l\u00ednea de investigaci\u00f3n sobre la organizaci\u00f3n y transformaci\u00f3n de los paisajes arqueol\u00f3gicos a partir de la Antig\u00fcedad Tard\u00eda y la Alta Edad Media en la pen\u00ednsula Ib\u00e9rica e Italia septentrional. Dentro de mi dedicaci\u00f3n al estudio de la Antig\u00fcedad Tard\u00eda y los paisajes arqueol\u00f3gicos, tambi\u00e9n soy investigadora de proyectos nacionales e internacionales como el IrAAhl (Innovative research on Alpe-Adria Historical Landscapes, UNIPD), Los paisajes arqueol\u00f3gicos diacr\u00f3nicos en la Isla de Rab (Rab-Croacia) de la Universidad de Zagreb o el proyecto ERASMUS+ \u201cIntegrated methodologies to historical landscape recording: participatory approaches\u201d.<\/p>\n<p>He disfrutado de un total de 61 meses de estancias de investigaci\u00f3n en centros de Italia (Escuela Espa\u00f1ola de Historia y Arqueolog\u00eda en Roma-CSIC, La Sapienza Universit\u00e0 di Roma y Universit\u00e0 degli Studi di Padova), Turqu\u00eda (Deutsches Arch\u00e4ologisches Institut de Estambul), Alemania (Universidad de Hamburgo) y Estados Unidos (Universidad de Boston). Para estas estancias he obtenido ayudas de concurrencia competitiva como una Ayuda de Movilidad Postdoctoral del MEC (2012-2014) o dos ayudas BEST-GVA (2019 y 2023).<\/p>\n<div>Dentro de la gesti\u00f3n acad\u00e9mica, he sido coordinadora acad\u00e9mica del M\u00e1ster en Arqueolog\u00eda Profesional y Gesti\u00f3n integral del Patrimonio (2019-2024), tutora de las Pr\u00e1cticas Externas del Grado de Historia y en la actualidad soy coordinadora de movilidad de los Grados de Historia y Humanidades.<\/div>\n<div><\/div>\n<hr \/>\n<p>Soc Professora Titular d&#8217;Universitat en l&#8217;\u00e0rea d&#8217;Arqueologia de la UA i investigadora en l&#8217;I.O.I. en Arqueologia i Patrimoni Hist\u00f2ric de la UA.<\/p>\n<p>Soc membre del grup d&#8217;investigaci\u00f3 &#8220;Arqueologia i Patrimoni Hist\u00f2ric&#8221; (*INAPH) on desenvolupe una l\u00ednia d&#8217;investigaci\u00f3 sobre l&#8217;organitzaci\u00f3 i transformaci\u00f3 dels paisatges arqueol\u00f2gics a partir de l&#8217;Antiguitat Tardana i l&#8217;Alta Edat mitjana en la pen\u00ednsula Ib\u00e8rica i It\u00e0lia septentrional. Dins de la meua dedicaci\u00f3 a l&#8217;estudi de l&#8217;Antiguitat Tardana i els paisatges arqueol\u00f2gics, tamb\u00e9 soc investigadora de projectes nacionals i internacionals com el IrAAhl (*Innovative research on Alpe-Adria Historical Landscapes, UNIPD), Els paisatges arqueol\u00f2gics diacr\u00f2nics a l&#8217;Illa de Rab (Rab-Cro\u00e0cia) de la Universitat de Zagreb o el projecte ERASMUS+ \u201cIntegrated methodologies to historical landscape recording: participatory approaches\u201d.<\/p>\n<p>He gaudit d&#8217;un total de 61 mesos d&#8217;estades d&#8217;investigaci\u00f3 en centres d&#8217;It\u00e0lia (Escola Espanyola d&#8217;Hist\u00f2ria i Arqueologia en Roma-CSIC, La Sapienza Universit\u00e0 di Roma i Universit\u00e0 degli Studi di Padova), Turquia (Deutsches Arch\u00e4ologisches Institut d&#8217;Istanbul), Alemanya (Universitat d&#8217;Hamburg) i els Estats Units (Universitat de Boston). Per a aquestes estades he obtingut ajudes de concurr\u00e8ncia competitiva com una Ajuda de Mobilitat Postdoctoral del MEC (2012-2014) o dues ajudes BEST-GVA (2019 i 2023).<\/p>\n<div>Dins la gesti\u00f3 acad\u00e8mica, he estat coordinadora acad\u00e8mica del M\u00e0ster en Arqueologia Professional i Gesti\u00f3 integral del Patrimoni (2019-2024), tutora de les Pr\u00e0ctiques Externes del Grau d&#8217;Hist\u00f2ria i actualment s\u00f3c coordinadora de mobilitat dels Graus d&#8217;Hist\u00f2ria i Humanitats.<\/div>\n","protected":false},"excerpt":{"rendered":"<p>https:\/\/cvnet.cpd.ua.es\/curriculum-breve\/es\/sarabia-bautista-julia\/6164 Soy Profesora Titular de Universidad en el \u00e1rea de Arqueolog\u00eda de la UA e investigadora en el I.U.I. en Arqueolog\u00eda y Patrimonio Hist\u00f3rico de la UA. Soy miembro del grupo de investigaci\u00f3n &#8220;Arqueolog\u00eda y Patrimonio Hist\u00f3rico&#8221; (INAPH) donde desarrollo una l\u00ednea de investigaci\u00f3n sobre la organizaci\u00f3n y transformaci\u00f3n de los paisajes arqueol\u00f3gicos a partir [&hellip;]<\/p>\n","protected":false},"author":4504,"featured_media":0,"parent":0,"menu_order":0,"comment_status":"closed","ping_status":"closed","template":"","meta":{"footnotes":""},"class_list":["post-273","page","type-page","status-publish","hentry"],"_links":{"self":[{"href":"https:\/\/blogs.ua.es\/ferricandidato\/wp-json\/wp\/v2\/pages\/273","targetHints":{"allow":["GET"]}}],"collection":[{"href":"https:\/\/blogs.ua.es\/ferricandidato\/wp-json\/wp\/v2\/pages"}],"about":[{"href":"https:\/\/blogs.ua.es\/ferricandidato\/wp-json\/wp\/v2\/types\/page"}],"author":[{"embeddable":true,"href":"https:\/\/blogs.ua.es\/ferricandidato\/wp-json\/wp\/v2\/users\/4504"}],"replies":[{"embeddable":true,"href":"https:\/\/blogs.ua.es\/ferricandidato\/wp-json\/wp\/v2\/comments?post=273"}],"version-history":[{"count":5,"href":"https:\/\/blogs.ua.es\/ferricandidato\/wp-json\/wp\/v2\/pages\/273\/revisions"}],"predecessor-version":[{"id":334,"href":"https:\/\/blogs.ua.es\/ferricandidato\/wp-json\/wp\/v2\/pages\/273\/revisions\/334"}],"wp:attachment":[{"href":"https:\/\/blogs.ua.es\/ferricandidato\/wp-json\/wp\/v2\/media?parent=273"}],"curies":[{"name":"wp","href":"https:\/\/api.w.org\/{rel}","templated":true}]}}