{"id":280,"date":"2025-11-30T23:26:29","date_gmt":"2025-11-30T23:26:29","guid":{"rendered":"https:\/\/blogs.ua.es\/ferricandidato\/?page_id=280"},"modified":"2025-12-01T19:23:18","modified_gmt":"2025-12-01T19:23:18","slug":"carles-segura-llopes-2","status":"publish","type":"page","link":"https:\/\/blogs.ua.es\/ferricandidato\/carles-segura-llopes-2\/","title":{"rendered":"Carles Segura Llopes"},"content":{"rendered":"<p><img loading=\"lazy\" decoding=\"async\" class=\"wp-image-251 aligncenter\" src=\"https:\/\/blogs.ua.es\/ferricandidato\/files\/2025\/11\/Carles-Segura-Llopes.jpg\" alt=\"\" width=\"301\" height=\"274\" \/><\/p>\n<p><a href=\"https:\/\/cvnet.cpd.ua.es\/curriculum-breve\/es\/segura-llopez-josep-carles\/11171\">https:\/\/cvnet.cpd.ua.es\/curriculum-breve\/es\/segura-llopez-josep-carles\/11171<\/a><\/p>\n<p>Soc doctor en Filologia Catalana i la meua investigaci\u00f3 i doc\u00e8ncia han estat relacionades amb l&#8217;estudi i l&#8217;ensenyament de la llengua catalana. He impartit diverses assignatures relacionades amb l&#8217;an\u00e0lisi de la llengua catalana al Departament de Filologia Catalana de la UA, especialment sintaxi, morfologia i fon\u00e8tica en diferents graus de Filosofia i Lletres. Igualment he impartit assignatures de Llengua Catalana d\u2019\u00fas tant a graus de Filosofia i Lletres com d\u2019Educaci\u00f3. La meua investigaci\u00f3 est\u00e0 relacionada amb la variaci\u00f3 ling\u00fc\u00edstica, la socioling\u00fc\u00edstica, la ling\u00fc\u00edstica diacr\u00f2nica, la gram\u00e0tica cognitiva, la sintaxi sem\u00e0ntica, la cultura popular i l\u2019ensenyament de la llengua i la literatura especialment en l\u2019\u00e0mbit de la llengua catalana. Diversos llibres, articles, pon\u00e8ncies, comunicacions i confer\u00e8ncies giren a l\u2019entorn d\u2019aquesta investigaci\u00f3. Tamb\u00e9 \u00e9s especialment rellevant l&#8217;elaboraci\u00f3 de material curricular de Prim\u00e0ria, Secund\u00e0ria i Batxillerat de l\u2019\u00e0rea de Valenci\u00e0 (en les editorials Vicens-Vives, Marfil i Tabarca) i els manuals per a l\u2019ensenyament i aprenentatge de valenci\u00e0 a l\u2019editorial Bromera. Soc membre de l&#8217;Institut Interuniversitari de Filologia Valenciana.<\/p>\n<hr \/>\n<p>Soy doctor en Filolog\u00eda Catalana y mi investigaci\u00f3n y docencia han sido relacionadas con el estudio y la ense\u00f1anza de la lengua catalana. He impartido varias asignaturas relacionadas con el an\u00e1lisis de la lengua catalana al Departamento de Filolog\u00eda Catalana de la UA, especialmente sintaxis, morfolog\u00eda y fon\u00e9tica en diferentes grados de Filosof\u00eda y Letras. Igualmente he impartido asignaturas de Lengua Catalana de uso tanto a grados de Filosof\u00eda y Letras como de Educaci\u00f3n. Mi investigaci\u00f3n est\u00e1 relacionada con la variaci\u00f3n ling\u00fc\u00edstica, la socioling\u00fc\u00edstica, la ling\u00fc\u00edstica diacr\u00f3nica, la gram\u00e1tica cognitiva, la sintaxis sem\u00e1ntica, la cultura popular y la ense\u00f1anza de la lengua y la literatura especialmente en el \u00e1mbito de la lengua catalana. Varios libros, art\u00edculos, ponencias, comunicaciones y conferencias giran en el entorno de esta investigaci\u00f3n. Tambi\u00e9n es especialmente relevando la elaboraci\u00f3n de material curricular de Primaria, Secundaria y Bachillerato del \u00e1rea de Valenciano (en las editoriales Vicens-Vives, Marfil y Tabarca) y los manuales para la ense\u00f1anza y aprendizaje de valenciano a la editorial Bromera. Soy miembro del Instituto Interuniversitario de Filolog\u00eda Valenciana.<\/p>\n","protected":false},"excerpt":{"rendered":"<p>https:\/\/cvnet.cpd.ua.es\/curriculum-breve\/es\/segura-llopez-josep-carles\/11171 Soc doctor en Filologia Catalana i la meua investigaci\u00f3 i doc\u00e8ncia han estat relacionades amb l&#8217;estudi i l&#8217;ensenyament de la llengua catalana. He impartit diverses assignatures relacionades amb l&#8217;an\u00e0lisi de la llengua catalana al Departament de Filologia Catalana de la UA, especialment sintaxi, morfologia i fon\u00e8tica en diferents graus de Filosofia i Lletres. Igualment [&hellip;]<\/p>\n","protected":false},"author":4504,"featured_media":0,"parent":0,"menu_order":0,"comment_status":"closed","ping_status":"closed","template":"","meta":{"footnotes":""},"class_list":["post-280","page","type-page","status-publish","hentry"],"_links":{"self":[{"href":"https:\/\/blogs.ua.es\/ferricandidato\/wp-json\/wp\/v2\/pages\/280","targetHints":{"allow":["GET"]}}],"collection":[{"href":"https:\/\/blogs.ua.es\/ferricandidato\/wp-json\/wp\/v2\/pages"}],"about":[{"href":"https:\/\/blogs.ua.es\/ferricandidato\/wp-json\/wp\/v2\/types\/page"}],"author":[{"embeddable":true,"href":"https:\/\/blogs.ua.es\/ferricandidato\/wp-json\/wp\/v2\/users\/4504"}],"replies":[{"embeddable":true,"href":"https:\/\/blogs.ua.es\/ferricandidato\/wp-json\/wp\/v2\/comments?post=280"}],"version-history":[{"count":3,"href":"https:\/\/blogs.ua.es\/ferricandidato\/wp-json\/wp\/v2\/pages\/280\/revisions"}],"predecessor-version":[{"id":328,"href":"https:\/\/blogs.ua.es\/ferricandidato\/wp-json\/wp\/v2\/pages\/280\/revisions\/328"}],"wp:attachment":[{"href":"https:\/\/blogs.ua.es\/ferricandidato\/wp-json\/wp\/v2\/media?parent=280"}],"curies":[{"name":"wp","href":"https:\/\/api.w.org\/{rel}","templated":true}]}}