{"id":283,"date":"2025-11-30T23:30:44","date_gmt":"2025-11-30T23:30:44","guid":{"rendered":"https:\/\/blogs.ua.es\/ferricandidato\/?page_id=283"},"modified":"2025-12-01T18:29:41","modified_gmt":"2025-12-01T18:29:41","slug":"ana-isabel-espinosa-segui","status":"publish","type":"page","link":"https:\/\/blogs.ua.es\/ferricandidato\/ana-isabel-espinosa-segui\/","title":{"rendered":"Ana Isabel Espinosa Segu\u00ed"},"content":{"rendered":"<p><img loading=\"lazy\" decoding=\"async\" class=\"size-full wp-image-247 aligncenter\" src=\"https:\/\/blogs.ua.es\/ferricandidato\/files\/2025\/11\/ana_espinosa.jpg\" alt=\"\" width=\"114\" height=\"135\" \/><\/p>\n<p><a href=\"https:\/\/cvnet.cpd.ua.es\/curriculum-breve\/es\/espinosa-segui-ana-isabel\/10896\">https:\/\/cvnet.cpd.ua.es\/curriculum-breve\/es\/espinosa-segui-ana-isabel\/10896<\/a><\/p>\n<p>Soy Profesora Titular en el Departamento de Geograf\u00eda Humana. Licenciada y doctora europea en Geograf\u00eda, M\u00e1ster en Marketing y Gesti\u00f3n comercial, he realizado estancias postdoctorales en la Goethe Universit\u00e4t de Frankfurt (Alemania) y en la\u00a0<em>Raumplannung Fakult\u00e4t<\/em>\u00a0de la Dortmund Universit\u00e4t (Alemania). Obtuve una beca Understanding Canada de la Embajada de Canad\u00e1 en Espa\u00f1a para realizar una investigaci\u00f3n sobre los\u00a0<em>Business Improvement Areas<\/em>\u00a0de Toronto en el\u00a0<em>Centre for the Study of Commercial Activity<\/em>\u00a0(CSCA) de la Ryerson University en Toronto (Canad\u00e1).<\/p>\n<p>Mi investigaci\u00f3n se ha ce\u00f1ido a las \u00e1reas de Geograf\u00eda comercial y Geograf\u00eda econ\u00f3mica. En los \u00faltimos a\u00f1os he reorientado mi investigaci\u00f3n a las transiciones a la sostenibilidad desde el consumo individual y en el hogar, con especial inter\u00e9s a la funci\u00f3n que ejercen las comunidades de pr\u00e1ctica en la adquisici\u00f3n de un comportamiento m\u00e1s proambiental y responsable, en el desarrollo de las Geograf\u00edas del Consumo Sostenible, a trav\u00e9s de la teor\u00eda de las pr\u00e1cticas sociales, y en la Educaci\u00f3n para la Sostenibilidad y la emergencia clim\u00e1tica.<\/p>\n<p>He tenido experiencia en gesti\u00f3n como secretaria interina del Departamento de Geograf\u00eda Humana; tutora PAT del Grado en Turismo y coordinadora de movilidad para el Grado de Geograf\u00eda y Ordenaci\u00f3n del Territorio.<\/p>\n<hr \/>\n<p>Soc Professora Titular en el Departament de Geografia Humana. Llicenciada i doctora europea en Geografia, M\u00e0ster en M\u00e0rqueting i Gesti\u00f3 comercial, he realitzat estades postdoctorals en la Goethe Universit\u00e4t de Frankfurt (Alemanya) i en la Raumplannung Fakult\u00e4t de la Dortmund Universit\u00e4t (Alemanya). Vaig obtindre una beca Understanding Canada de l&#8217;Ambaixada del Canad\u00e0 a Espanya per a realitzar una investigaci\u00f3 sobre els Business Improvement Areas de Toronto en el Centre for the Study of Commercial Activity (CSCA) de la Ryerson University a Toronto (Canad\u00e0).<\/p>\n<p>La meua investigaci\u00f3 rau en les \u00e0rees de Geografia comercial i Geografia econ\u00f2mica. En els \u00faltims anys he reorientat la meua investigaci\u00f3 a les transicions a la sostenibilitat des del consum individual i en la llar, amb especial inter\u00e9s a la funci\u00f3 que exerceixen les comunitats de pr\u00e0ctica en l&#8217;adquisici\u00f3 d&#8217;un comportament m\u00e9s proambiental i responsable, en el desenvolupament de les Geografies del Consum Sostenible, a trav\u00e9s de la teoria de les pr\u00e0ctiques socials, i en l&#8217;Educaci\u00f3 per a la Sostenibilitat i l&#8217;emerg\u00e8ncia clim\u00e0tica.<\/p>\n<p>He tingut experi\u00e8ncia en gesti\u00f3 com a secret\u00e0ria interina del Departament de Geografia Humana; tutora PAT del Grau en Turisme i coordinadora de mobilitat per al Grau de Geografia i Ordenaci\u00f3 del Territori.<\/p>\n","protected":false},"excerpt":{"rendered":"<p>https:\/\/cvnet.cpd.ua.es\/curriculum-breve\/es\/espinosa-segui-ana-isabel\/10896 Soy Profesora Titular en el Departamento de Geograf\u00eda Humana. Licenciada y doctora europea en Geograf\u00eda, M\u00e1ster en Marketing y Gesti\u00f3n comercial, he realizado estancias postdoctorales en la Goethe Universit\u00e4t de Frankfurt (Alemania) y en la\u00a0Raumplannung Fakult\u00e4t\u00a0de la Dortmund Universit\u00e4t (Alemania). Obtuve una beca Understanding Canada de la Embajada de Canad\u00e1 en Espa\u00f1a para realizar [&hellip;]<\/p>\n","protected":false},"author":4504,"featured_media":0,"parent":0,"menu_order":0,"comment_status":"closed","ping_status":"closed","template":"","meta":{"footnotes":""},"class_list":["post-283","page","type-page","status-publish","hentry"],"_links":{"self":[{"href":"https:\/\/blogs.ua.es\/ferricandidato\/wp-json\/wp\/v2\/pages\/283","targetHints":{"allow":["GET"]}}],"collection":[{"href":"https:\/\/blogs.ua.es\/ferricandidato\/wp-json\/wp\/v2\/pages"}],"about":[{"href":"https:\/\/blogs.ua.es\/ferricandidato\/wp-json\/wp\/v2\/types\/page"}],"author":[{"embeddable":true,"href":"https:\/\/blogs.ua.es\/ferricandidato\/wp-json\/wp\/v2\/users\/4504"}],"replies":[{"embeddable":true,"href":"https:\/\/blogs.ua.es\/ferricandidato\/wp-json\/wp\/v2\/comments?post=283"}],"version-history":[{"count":4,"href":"https:\/\/blogs.ua.es\/ferricandidato\/wp-json\/wp\/v2\/pages\/283\/revisions"}],"predecessor-version":[{"id":313,"href":"https:\/\/blogs.ua.es\/ferricandidato\/wp-json\/wp\/v2\/pages\/283\/revisions\/313"}],"wp:attachment":[{"href":"https:\/\/blogs.ua.es\/ferricandidato\/wp-json\/wp\/v2\/media?parent=283"}],"curies":[{"name":"wp","href":"https:\/\/api.w.org\/{rel}","templated":true}]}}