{"id":291,"date":"2025-11-30T23:37:22","date_gmt":"2025-11-30T23:37:22","guid":{"rendered":"https:\/\/blogs.ua.es\/ferricandidato\/?page_id=291"},"modified":"2025-12-01T18:31:14","modified_gmt":"2025-12-01T18:31:14","slug":"jorge-fernandez-jaen","status":"publish","type":"page","link":"https:\/\/blogs.ua.es\/ferricandidato\/jorge-fernandez-jaen\/","title":{"rendered":"Jorge Fern\u00e1ndez Ja\u00e9n"},"content":{"rendered":"<p><img loading=\"lazy\" decoding=\"async\" class=\"wp-image-252\" src=\"https:\/\/blogs.ua.es\/ferricandidato\/files\/2025\/11\/jorge.jpg\" alt=\"\" width=\"500\" height=\"375\" \/><\/p>\n<p><a href=\"https:\/\/cvnet.cpd.ua.es\/curriculum-breve\/es\/fernandez-jaen-jorge\/5781\">https:\/\/cvnet.cpd.ua.es\/curriculum-breve\/es\/fernandez-jaen-jorge\/5781<\/a><\/p>\n<p>Soy licenciado en Filolog\u00eda Hisp\u00e1nica y doctor (2012) con Premio Extraordinario de doctorado. Desde 2019, soy Profesor Titular de Universidad en el \u00c1rea de Lengua Espa\u00f1ola del Departamento de Filolog\u00eda Espa\u00f1ola, Ling\u00fc\u00edstica General y Teor\u00eda de la Literatura de la Universidad de Alicante. Ense\u00f1o sintaxis espa\u00f1ola y otras materias relacionadas con el espa\u00f1ol en los t\u00edtulos de Filolog\u00eda, Traducci\u00f3n e interpretaci\u00f3n y Humanidades. En el campo de la investigaci\u00f3n, me dedico a la ling\u00fc\u00edstica cognitiva y a la sem\u00e1ntica hist\u00f3rica. He obtenido el premio internacional de ling\u00fc\u00edstica cognitiva AELCO (2006), y en el curso 2018-2019 obtuve la calificaci\u00f3n de excelente por mi labor docente en el programa Docentia.<\/p>\n<p>Por lo que respecta a la gesti\u00f3n universitaria, he sido coordinador del programa Erasmus durante varios a\u00f1os (2014-2018), y tambi\u00e9n he coordinado el \u00e1rea de Lengua Espa\u00f1ola de mi departamento (2023-2025). Ahora quiero iniciar una nueva etapa como Coordinador Acad\u00e9mico del Grado en Espa\u00f1ol: Lengua y Literaturas con el objetivo de ayudar a enriquecer una titulaci\u00f3n muy consolidada en nuestra Facultad.<\/p>\n<hr \/>\n<p><span style=\"font-weight: 400\">Soc llicenciat en Filologia Hisp\u00e0nica i doctor (2012) amb Premi Extraordinari de doctorat. Des de 2019, soc Professor Titular d&#8217;Universitat en l&#8217;\u00c0rea de Llengua Espanyola del Departament de Filologia Espanyola, Ling\u00fc\u00edstica General i Teoria de la Literatura de la Universitat d&#8217;Alacant. Ensenyo sintaxi espanyola i altres mat\u00e8ries relacionades amb l&#8217;espanyol en els t\u00edtols de Filologia, Traducci\u00f3 i interpretaci\u00f3 i Humanitats. En el camp de la recerca, em dedico a la ling\u00fc\u00edstica cognitiva i a la sem\u00e0ntica hist\u00f2rica. He obtingut el premi internacional de ling\u00fc\u00edstica cognitiva AELCO (2006), i en el curs 2018-2019 vaig obtenir la qualificaci\u00f3 d&#8217;excel\u00b7lent per la meva labor docent en el programa Docentia.<\/span><\/p>\n<p><span style=\"font-weight: 400\">Pel que respecta a la gesti\u00f3 universit\u00e0ria, he estat coordinador del programa Erasmus durant diversos anys (2014-2018), i tamb\u00e9 he coordinat l&#8217;\u00e0rea de Llengua Espanyola del meu departament (2023-2025). Ara vull iniciar una nova etapa com a Coordinador Acad\u00e8mic del Grau en Espa\u00f1ol: Llengua i Literatures amb l&#8217;objectiu d&#8217;ajudar a enriquir una titulaci\u00f3 molt consolidada en la nostra Facultat.<\/span><\/p>\n","protected":false},"excerpt":{"rendered":"<p>https:\/\/cvnet.cpd.ua.es\/curriculum-breve\/es\/fernandez-jaen-jorge\/5781 Soy licenciado en Filolog\u00eda Hisp\u00e1nica y doctor (2012) con Premio Extraordinario de doctorado. Desde 2019, soy Profesor Titular de Universidad en el \u00c1rea de Lengua Espa\u00f1ola del Departamento de Filolog\u00eda Espa\u00f1ola, Ling\u00fc\u00edstica General y Teor\u00eda de la Literatura de la Universidad de Alicante. Ense\u00f1o sintaxis espa\u00f1ola y otras materias relacionadas con el espa\u00f1ol en [&hellip;]<\/p>\n","protected":false},"author":4504,"featured_media":0,"parent":0,"menu_order":0,"comment_status":"closed","ping_status":"closed","template":"","meta":{"footnotes":""},"class_list":["post-291","page","type-page","status-publish","hentry"],"_links":{"self":[{"href":"https:\/\/blogs.ua.es\/ferricandidato\/wp-json\/wp\/v2\/pages\/291","targetHints":{"allow":["GET"]}}],"collection":[{"href":"https:\/\/blogs.ua.es\/ferricandidato\/wp-json\/wp\/v2\/pages"}],"about":[{"href":"https:\/\/blogs.ua.es\/ferricandidato\/wp-json\/wp\/v2\/types\/page"}],"author":[{"embeddable":true,"href":"https:\/\/blogs.ua.es\/ferricandidato\/wp-json\/wp\/v2\/users\/4504"}],"replies":[{"embeddable":true,"href":"https:\/\/blogs.ua.es\/ferricandidato\/wp-json\/wp\/v2\/comments?post=291"}],"version-history":[{"count":2,"href":"https:\/\/blogs.ua.es\/ferricandidato\/wp-json\/wp\/v2\/pages\/291\/revisions"}],"predecessor-version":[{"id":315,"href":"https:\/\/blogs.ua.es\/ferricandidato\/wp-json\/wp\/v2\/pages\/291\/revisions\/315"}],"wp:attachment":[{"href":"https:\/\/blogs.ua.es\/ferricandidato\/wp-json\/wp\/v2\/media?parent=291"}],"curies":[{"name":"wp","href":"https:\/\/api.w.org\/{rel}","templated":true}]}}