{"id":294,"date":"2025-11-30T23:39:16","date_gmt":"2025-11-30T23:39:16","guid":{"rendered":"https:\/\/blogs.ua.es\/ferricandidato\/?page_id=294"},"modified":"2025-12-01T18:43:00","modified_gmt":"2025-12-01T18:43:00","slug":"josefina-bueno-alonso","status":"publish","type":"page","link":"https:\/\/blogs.ua.es\/ferricandidato\/josefina-bueno-alonso\/","title":{"rendered":"Josefina Bueno Alonso"},"content":{"rendered":"<p><img loading=\"lazy\" decoding=\"async\" class=\"aligncenter size-full wp-image-248\" src=\"https:\/\/blogs.ua.es\/ferricandidato\/files\/2025\/11\/josefina-bueno-alonso-def.jpg\" alt=\"\" width=\"500\" height=\"278\" \/><\/p>\n<p><a href=\"https:\/\/cvnet.cpd.ua.es\/curriculum-breve\/es\/bueno-alonso-josefina\/9913\">https:\/\/cvnet.cpd.ua.es\/curriculum-breve\/es\/bueno-alonso-josefina\/9913<\/a><\/p>\n<p>Soy Catedr\u00e1tica de Universidad (Filolog\u00eda Francesa). Me doctor\u00e9 en la Universidad de Murcia con la tesis\u00a0<em>An\u00e1lisis simb\u00f3lico de la obra de Jules Barbey d&#8217;Aurevilly<\/em><strong>. <\/strong>Soy especialista en literatura y culturas africanas, habiendo trabajado sobre el discurso de las mujeres musulmanas en Francia y el continuo desaf\u00edo que supone establecer un di\u00e1logo en el \u00e1mbito europeo con los diferentes pa\u00edses del Magreb. En mi trabajo he destacado la importancia de Espa\u00f1a como pa\u00eds receptor de una fuerte de inmigraci\u00f3n de origen africano, centr\u00e1ndome en las estrechas relaciones entre escritores e intelectuales de ambas orillas, convirti\u00e9ndose el espa\u00f1ol y el catal\u00e1n en lenguas de creaci\u00f3n en los pa\u00edses del Magreb y otras regiones africanas. Soy IP del Proyecto de Retos del Programa estatal de investigaci\u00f3n, desarrollo e innovaci\u00f3n orientada a los retos de la sociedad, cuyo t\u00edtulo es: \u201cEl espa\u00f1ol, lengua mediadora de nuevas identidades\u201d (FFI2013-44413-R). Soy evaluadora en proyectos de g\u00e9nero por la Unidad Mujer y Ciencia del Ministerio de Econom\u00eda y Competitividad, y dirijo el Portal Virtual Miguel de Cervantes sobre \u201cLiteratura Africana\u201d.<\/p>\n<p>He realizado diferentes tareas de gesti\u00f3n universitaria (directora de la sede ciudad de alicante; vicerrectora de Extensi\u00f3n universitaria; directora del secretariado de Extensi\u00f3n universitaria; y secretaria del departamento de Filolog\u00edas Integradas). Asimismo, he sido directora general de Universidades y consellera de Innovaci\u00f3n, Ciencia, Universidades y Sociedad digital de la Generalitat Valenciana.<\/p>\n<hr \/>\n<p>Soc Catedr\u00e0tica d&#8217;Universitat (Filologia Francesa). Em vaig doctorar en la Universitat de M\u00farcia amb la tesi <em>An\u00e0lisi simb\u00f2lica de l&#8217;obra de Jules Barbey d&#8217;Aurevilly<\/em>. Soc especialista en literatura i cultures africanes, havent treballat sobre el discurs de les dones musulmanes a Fran\u00e7a i el continu desafiament que suposa establir un di\u00e0leg en l&#8217;\u00e0mbit europeu amb els diferents pa\u00efsos del Magreb. En el meu treball he destacat la import\u00e0ncia d&#8217;Espanya com a pa\u00eds receptor d&#8217;una forta d&#8217;immigraci\u00f3 d&#8217;origen afric\u00e0, centrant-me en les estretes relacions entre escriptors i intel\u00b7lectuals de totes dues ribes, convertint-se l&#8217;espanyol i el catal\u00e0 en lleng\u00fces de creaci\u00f3 als pa\u00efsos del Magreb i altres regions africanes. Soc IP del Projecte de Reptes del Programa estatal d&#8217;investigaci\u00f3, desenvolupament i innovaci\u00f3 orientada als reptes de la societat, el t\u00edtol de la qual \u00e9s: \u201cL&#8217;espanyol, llengua mediadora de noves identitats\u201d (FFI2013-44413-R). Soc avaluadora en projectes de g\u00e8nere per la Unitat Dona i Ci\u00e8ncia del Ministeri d&#8217;Economia i Competitivitat, i dirigisc el Portal Virtual Miguel de Cervantes sobre \u201cLiteratura Africana\u201d.<\/p>\n<p>He fet diferents tasques de gesti\u00f3 universit\u00e0ria (directora de la seu ciutat d\u2019Alacant; vicerectora d&#8217;Extensi\u00f3 universit\u00e0ria; directora del secretariat d&#8217;Extensi\u00f3 universit\u00e0ria; i secret\u00e0ria del departament de Filologies Integrades). Aix\u00ed mateix, he sigut directora general d&#8217;Universitats i consellera d&#8217;Innovaci\u00f3, Ci\u00e8ncia, Universitats i Societat digital de la Generalitat Valenciana.<\/p>\n","protected":false},"excerpt":{"rendered":"<p>https:\/\/cvnet.cpd.ua.es\/curriculum-breve\/es\/bueno-alonso-josefina\/9913 Soy Catedr\u00e1tica de Universidad (Filolog\u00eda Francesa). Me doctor\u00e9 en la Universidad de Murcia con la tesis\u00a0An\u00e1lisis simb\u00f3lico de la obra de Jules Barbey d&#8217;Aurevilly. Soy especialista en literatura y culturas africanas, habiendo trabajado sobre el discurso de las mujeres musulmanas en Francia y el continuo desaf\u00edo que supone establecer un di\u00e1logo en el \u00e1mbito [&hellip;]<\/p>\n","protected":false},"author":4504,"featured_media":0,"parent":0,"menu_order":0,"comment_status":"closed","ping_status":"closed","template":"","meta":{"footnotes":""},"class_list":["post-294","page","type-page","status-publish","hentry"],"_links":{"self":[{"href":"https:\/\/blogs.ua.es\/ferricandidato\/wp-json\/wp\/v2\/pages\/294","targetHints":{"allow":["GET"]}}],"collection":[{"href":"https:\/\/blogs.ua.es\/ferricandidato\/wp-json\/wp\/v2\/pages"}],"about":[{"href":"https:\/\/blogs.ua.es\/ferricandidato\/wp-json\/wp\/v2\/types\/page"}],"author":[{"embeddable":true,"href":"https:\/\/blogs.ua.es\/ferricandidato\/wp-json\/wp\/v2\/users\/4504"}],"replies":[{"embeddable":true,"href":"https:\/\/blogs.ua.es\/ferricandidato\/wp-json\/wp\/v2\/comments?post=294"}],"version-history":[{"count":2,"href":"https:\/\/blogs.ua.es\/ferricandidato\/wp-json\/wp\/v2\/pages\/294\/revisions"}],"predecessor-version":[{"id":316,"href":"https:\/\/blogs.ua.es\/ferricandidato\/wp-json\/wp\/v2\/pages\/294\/revisions\/316"}],"wp:attachment":[{"href":"https:\/\/blogs.ua.es\/ferricandidato\/wp-json\/wp\/v2\/media?parent=294"}],"curies":[{"name":"wp","href":"https:\/\/api.w.org\/{rel}","templated":true}]}}