{"id":297,"date":"2025-11-30T23:41:29","date_gmt":"2025-11-30T23:41:29","guid":{"rendered":"https:\/\/blogs.ua.es\/ferricandidato\/?page_id=297"},"modified":"2025-12-01T18:44:07","modified_gmt":"2025-12-01T18:44:07","slug":"sofia-angela-albero-verdu","status":"publish","type":"page","link":"https:\/\/blogs.ua.es\/ferricandidato\/sofia-angela-albero-verdu\/","title":{"rendered":"Sof\u00eda \u00c1ngela Albero Verd\u00fa"},"content":{"rendered":"<p><img loading=\"lazy\" decoding=\"async\" class=\"aligncenter wp-image-253\" src=\"https:\/\/blogs.ua.es\/ferricandidato\/files\/2025\/11\/foto-Sofi\u0301a.png\" alt=\"\" width=\"500\" height=\"607\" \/><\/p>\n<p><a href=\"https:\/\/cvnet.cpd.ua.es\/curriculum-breve\/es\/albero-verdu-sofia-angela\/617997\">https:\/\/cvnet.cpd.ua.es\/curriculum-breve\/es\/albero-verdu-sofia-angela\/617997<\/a><\/p>\n<p>Profesora ayudante doctora de Historia del arte en el Departamento de Humanidades Contempor\u00e1neas de la Universidad de Alicante, coordinadora del \u00e1rea de Historia del Arte de la UA y tutora PAT del Grado de Humanidades de la UA. Es doctora en Artes y Humanidades por la Universidad P\u00fablica de Navarra con la tesis \u201cLa perspectiva de g\u00e9nero en el \u00e1mbito educativo de los museos y centros de arte espa\u00f1oles\u201d. Licenciada en Historia del Arte por la Universidad de Murcia, sus l\u00edneas de investigaci\u00f3n son el arte contempor\u00e1neo, la pedagog\u00eda, el \u00e1mbito muse\u00edstico y los estudios feministas. Desarrolla sus trabajos como investigadora, gestora y comisaria independiente, expone como artista en varias convocatorias colectivas, es socia de Mujeres en las Artes Visuales y colabora asiduamente con asociaciones art\u00edsticas, culturales y sociales.<\/p>\n<hr \/>\n<p><span style=\"font-weight: 400\">Professora ajudant doctora d&#8217;Hist\u00f2ria de l&#8217;art en el Departament d&#8217;Humanitats Contempor\u00e0nies de la Universitat d&#8217;Alacant, coordinadora de l&#8217;\u00e0rea d&#8217;Hist\u00f2ria de l&#8217;Art de la UA i tutora PAT del Grau d&#8217;Humanitats de la UA. \u00c9s doctora en Arts i Humanitats per la Universitat P\u00fablica de Navarra amb la tesi \u201cLa perspectiva de g\u00e8nere en l&#8217;\u00e0mbit educatiu dels museus i centres d&#8217;art espanyols\u201d. Llicenciada en Hist\u00f2ria de l&#8217;Art per la Universitat de M\u00farcia, les seves l\u00ednies de recerca s\u00f3n l&#8217;art contemporani, la pedagogia, l&#8217;\u00e0mbit muse\u00edstic i els estudis feministes. Desenvolupa els seus treballs com a investigadora, gestora i comiss\u00e0ria independent, exposa com a artista en diverses convocat\u00f2ries col\u00b7lectives, \u00e9s s\u00f2cia de Dones en les Arts Visuals i col\u00b7labora ass\u00edduament amb associacions art\u00edstiques, culturals i socials.<\/span><\/p>\n","protected":false},"excerpt":{"rendered":"<p>https:\/\/cvnet.cpd.ua.es\/curriculum-breve\/es\/albero-verdu-sofia-angela\/617997 Profesora ayudante doctora de Historia del arte en el Departamento de Humanidades Contempor\u00e1neas de la Universidad de Alicante, coordinadora del \u00e1rea de Historia del Arte de la UA y tutora PAT del Grado de Humanidades de la UA. Es doctora en Artes y Humanidades por la Universidad P\u00fablica de Navarra con la tesis \u201cLa [&hellip;]<\/p>\n","protected":false},"author":4504,"featured_media":0,"parent":0,"menu_order":0,"comment_status":"closed","ping_status":"closed","template":"","meta":{"footnotes":""},"class_list":["post-297","page","type-page","status-publish","hentry"],"_links":{"self":[{"href":"https:\/\/blogs.ua.es\/ferricandidato\/wp-json\/wp\/v2\/pages\/297","targetHints":{"allow":["GET"]}}],"collection":[{"href":"https:\/\/blogs.ua.es\/ferricandidato\/wp-json\/wp\/v2\/pages"}],"about":[{"href":"https:\/\/blogs.ua.es\/ferricandidato\/wp-json\/wp\/v2\/types\/page"}],"author":[{"embeddable":true,"href":"https:\/\/blogs.ua.es\/ferricandidato\/wp-json\/wp\/v2\/users\/4504"}],"replies":[{"embeddable":true,"href":"https:\/\/blogs.ua.es\/ferricandidato\/wp-json\/wp\/v2\/comments?post=297"}],"version-history":[{"count":2,"href":"https:\/\/blogs.ua.es\/ferricandidato\/wp-json\/wp\/v2\/pages\/297\/revisions"}],"predecessor-version":[{"id":317,"href":"https:\/\/blogs.ua.es\/ferricandidato\/wp-json\/wp\/v2\/pages\/297\/revisions\/317"}],"wp:attachment":[{"href":"https:\/\/blogs.ua.es\/ferricandidato\/wp-json\/wp\/v2\/media?parent=297"}],"curies":[{"name":"wp","href":"https:\/\/api.w.org\/{rel}","templated":true}]}}