{"id":32,"date":"2021-11-07T22:43:45","date_gmt":"2021-11-07T22:43:45","guid":{"rendered":"https:\/\/blogs.ua.es\/ferricandidato\/?page_id=32"},"modified":"2025-11-30T23:49:20","modified_gmt":"2025-11-30T23:49:20","slug":"jose-maria-ferri","status":"publish","type":"page","link":"https:\/\/blogs.ua.es\/ferricandidato\/equipo\/jose-maria-ferri\/","title":{"rendered":"Jos\u00e9 Mar\u00eda Ferri Coll"},"content":{"rendered":"<p><img loading=\"lazy\" decoding=\"async\" class=\"aligncenter wp-image-101\" src=\"https:\/\/blogs.ua.es\/ferricandidato\/files\/2021\/11\/Ferri-300x200.jpg\" alt=\"\" width=\"600\" height=\"400\" srcset=\"https:\/\/blogs.ua.es\/ferricandidato\/files\/2021\/11\/Ferri-300x200.jpg 300w, https:\/\/blogs.ua.es\/ferricandidato\/files\/2021\/11\/Ferri-768x512.jpg 768w, https:\/\/blogs.ua.es\/ferricandidato\/files\/2021\/11\/Ferri-75x50.jpg 75w, https:\/\/blogs.ua.es\/ferricandidato\/files\/2021\/11\/Ferri.jpg 800w\" sizes=\"auto, (max-width: 600px) 100vw, 600px\" \/><\/p>\n<p><a href=\"https:\/\/cvnet.cpd.ua.es\/curriculum-breve\/es\/ferri-coll-jose-maria\/9961\"><span style=\"font-weight: 400\">https:\/\/cvnet.cpd.ua.es\/curriculum-breve\/es\/ferri-coll-jose-maria\/9961<\/span><\/a><\/p>\n<p>Soy Catedr\u00e1tico de Universidad (Literatura Espa\u00f1ola) en el Dpto. de Filolog\u00eda Espa\u00f1ola, Ling\u00fc\u00edstica General y Teor\u00eda de la Literatura. Me licenci\u00e9 en Filolog\u00eda Espa\u00f1ola y me doctor\u00e9 en Filolog\u00eda Hisp\u00e1nica con Premio Extraordinario de Licenciatura y de Doctorado respectivamente. He recibido asimismo el Premio Nacional de Edici\u00f3n Universitaria. He estudiado algunos asuntos de la poes\u00eda espa\u00f1ola del Siglo de Oro; diferentes casos de relaciones est\u00e9ticas entre la literatura espa\u00f1ola y la hispanoamericana; as\u00ed como el romanticismo literario hisp\u00e1nico.<\/p>\n<p>He realizado diferentes tareas de gesti\u00f3n universitaria (secretario del Dpto. de Filolog\u00eda Espa\u00f1ola, Ling\u00fc\u00edstica General y Teor\u00eda de la Literatura y coordinador de su \u00c1rea de Literatura Espa\u00f1ola; coordinador Erasmus, SICUE e intercambio no europeo de la titulaci\u00f3n de Filolog\u00eda Hisp\u00e1nica; vicedecano de Postgrado, de Ordenaci\u00f3n acad\u00e9mica y de Estudios; coordinador acad\u00e9mico del grado en Espa\u00f1ol: Lengua y Literaturas; y decano de la Facultad de Filosof\u00eda y Letras).<\/p>\n<hr \/>\n<p>Soc Catedr\u00e0tic d\u2019Universitat (Literatura Espanyola) en el Departament de Filologia Espanyola, Ling\u00fc\u00edstica General i Teoria de la Literatura. Em vaig llicenciar en Filologia Espanyola i em vaig doctorar en Filologia Hisp\u00e0nica amb Premi Extraordinari de Llicenciatura i de Doctorat, respectivament. He rebut, aix\u00ed mateix, el Premi Nacional d\u2019Edici\u00f3 Universit\u00e0ria. He estudiat alguns aspectes de la poesia espanyola del Segle d\u2019Or, diferents casos de relacions est\u00e8tiques entre la literatura espanyola i la hispanoamericana, aix\u00ed com el romanticisme literari hisp\u00e0nic.<\/p>\n<p>He at\u00e8s diferents tasques de gesti\u00f3 universit\u00e0ria (secretari del meu Departament i coordinador de l\u2019\u00c0rea de Literatura Espanyola; coordinador Erasmus, SICUE i intercanvi no europeu de la titulaci\u00f3 de Filologia Hisp\u00e0nica; vicedeg\u00e0 de Postgrau, d\u2019Ordenaci\u00f3 acad\u00e8mica i d\u2019Estudis;\u00a0 coordinador acad\u00e8mic del grau en Espa\u00f1ol: Lengua y Literaturas; i deg\u00e0 de la Facultat de Filosofia i Lletres).<\/p>\n","protected":false},"excerpt":{"rendered":"<p>https:\/\/cvnet.cpd.ua.es\/curriculum-breve\/es\/ferri-coll-jose-maria\/9961 Soy Catedr\u00e1tico de Universidad (Literatura Espa\u00f1ola) en el Dpto. de Filolog\u00eda Espa\u00f1ola, Ling\u00fc\u00edstica General y Teor\u00eda de la Literatura. Me licenci\u00e9 en Filolog\u00eda Espa\u00f1ola y me doctor\u00e9 en Filolog\u00eda Hisp\u00e1nica con Premio Extraordinario de Licenciatura y de Doctorado respectivamente. He recibido asimismo el Premio Nacional de Edici\u00f3n Universitaria. He estudiado algunos asuntos de la [&hellip;]<\/p>\n","protected":false},"author":4504,"featured_media":0,"parent":13,"menu_order":0,"comment_status":"closed","ping_status":"closed","template":"template-full-width.php","meta":{"footnotes":""},"class_list":["post-32","page","type-page","status-publish","hentry"],"_links":{"self":[{"href":"https:\/\/blogs.ua.es\/ferricandidato\/wp-json\/wp\/v2\/pages\/32","targetHints":{"allow":["GET"]}}],"collection":[{"href":"https:\/\/blogs.ua.es\/ferricandidato\/wp-json\/wp\/v2\/pages"}],"about":[{"href":"https:\/\/blogs.ua.es\/ferricandidato\/wp-json\/wp\/v2\/types\/page"}],"author":[{"embeddable":true,"href":"https:\/\/blogs.ua.es\/ferricandidato\/wp-json\/wp\/v2\/users\/4504"}],"replies":[{"embeddable":true,"href":"https:\/\/blogs.ua.es\/ferricandidato\/wp-json\/wp\/v2\/comments?post=32"}],"version-history":[{"count":5,"href":"https:\/\/blogs.ua.es\/ferricandidato\/wp-json\/wp\/v2\/pages\/32\/revisions"}],"predecessor-version":[{"id":306,"href":"https:\/\/blogs.ua.es\/ferricandidato\/wp-json\/wp\/v2\/pages\/32\/revisions\/306"}],"up":[{"embeddable":true,"href":"https:\/\/blogs.ua.es\/ferricandidato\/wp-json\/wp\/v2\/pages\/13"}],"wp:attachment":[{"href":"https:\/\/blogs.ua.es\/ferricandidato\/wp-json\/wp\/v2\/media?parent=32"}],"curies":[{"name":"wp","href":"https:\/\/api.w.org\/{rel}","templated":true}]}}