{"id":40,"date":"2021-11-07T22:45:28","date_gmt":"2021-11-07T22:45:28","guid":{"rendered":"https:\/\/blogs.ua.es\/ferricandidato\/?page_id=40"},"modified":"2021-11-24T21:21:54","modified_gmt":"2021-11-24T21:21:54","slug":"fernando-prados","status":"publish","type":"page","link":"https:\/\/blogs.ua.es\/ferricandidato\/equipo\/fernando-prados\/","title":{"rendered":"Fernando Prados Mart\u00ednez"},"content":{"rendered":"<p><a href=\"https:\/\/cvnet.cpd.ua.es\/curriculum-breve\/es\/prados-martinez-fernando\/23666\"><span style=\"font-weight: 400\"><img loading=\"lazy\" decoding=\"async\" class=\"alignleft size-medium wp-image-75\" src=\"https:\/\/blogs.ua.es\/ferricandidato\/files\/2021\/11\/Prados-300x200.jpg\" alt=\"\" width=\"300\" height=\"200\" srcset=\"https:\/\/blogs.ua.es\/ferricandidato\/files\/2021\/11\/Prados-300x200.jpg 300w, https:\/\/blogs.ua.es\/ferricandidato\/files\/2021\/11\/Prados-768x512.jpg 768w, https:\/\/blogs.ua.es\/ferricandidato\/files\/2021\/11\/Prados-75x50.jpg 75w, https:\/\/blogs.ua.es\/ferricandidato\/files\/2021\/11\/Prados.jpg 800w\" sizes=\"auto, (max-width: 300px) 100vw, 300px\" \/>https:\/\/cvnet.cpd.ua.es\/curriculum-breve\/es\/prados-martinez-fernando\/23666<\/span><\/a><\/p>\n<p>Doctor en Prehistoria y Arqueolog\u00eda por la Universidad Aut\u00f3noma de Madrid, soy Profesor Titular de Universidad (Arqueolog\u00eda). Con amplia experiencia internacional, me incorpor\u00e9 a la UA en 2009 desarrollando los contratos de investigaci\u00f3n Juan de la Cierva y Ram\u00f3n y Cajal, obtenidos en convocatorias competitivas. Soy autor de m\u00e1s de un centenar de publicaciones cient\u00edficas y divulgativas sobre arqueolog\u00eda fenicia, p\u00fanica y romana. En 2016 obtuve el certificado I\u00b73 del Ministerio de Ciencia e Innovaci\u00f3n que acredita una trayectoria investigadora destacada. Formo parte del comit\u00e9 que ha obtenido para la UA el sello de &#8220;Excelencia en Recursos Humanos de Investigaci\u00f3n\u201d (HRS4R) que garantiza un marco adecuado para los investigadores y mejora el prestigio y el atractivo de la carrera cient\u00edfica dentro del Espacio Europeo de Investigaci\u00f3n (<a href=\"https:\/\/hrs4r.ua.es\/\">https:\/\/hrs4r.ua.es\/<\/a>).<\/p>\n<p>El desarrollo de estancias internacionales (Roma, Aix-Marsella, Estrasburgo, Oxford, T\u00fanez y Berl\u00edn) y la participaci\u00f3n como docente en masters y doctorados de diversas universidades espa\u00f1olas y extranjeras, me ha permitido conocer de primera mano el funcionamiento del EEES (Espacio Europeo de Educaci\u00f3n Superior) y el plan Bolonia en sus diversas realidades y \u00e1mbitos de aprendizaje. Junto con la gesti\u00f3n de distintos proyectos de investigaci\u00f3n, en los \u00faltimos a\u00f1os he coordinado en nuestra Facultad el M\u00e1ster Universitario en Arqueolog\u00eda Profesional y Gesti\u00f3n Integral del Patrimonio (2015-2019) y las pr\u00e1cticas externas del Grado de Historia (2016-2017). Habiendo dedicado veinte a\u00f1os a la direcci\u00f3n de excavaciones y proyectos cient\u00edficos, es el momento de poner mi experiencia al servicio de la Facultad a trav\u00e9s de la coordinaci\u00f3n del Grado de Historia y el Vicedecanato de Posgrado, dado que las pol\u00edticas educativas se construyen hoy a trav\u00e9s de una l\u00f3gica de comparaciones continuas y del establecimiento de puntos de referencia.<\/p>\n<hr \/>\n<p>Doctor en Prehist\u00f2ria i Arqueologia per la Universidad Aut\u00f3noma de Madrid, soc Professor Titular d&#8217;Universitat (Arqueologia). Despr\u00e9s d\u2019una gran experi\u00e8ncia internacional, em vaig incorporar a la UA el 2009 amb els contractes d&#8217;investigaci\u00f3 Juan de la Cierva i Ram\u00f3n y Cajal obtinguts en convocat\u00f2ries competitives. Soc autor de m\u00e9s d&#8217;un centenar de publicacions cient\u00edfiques i divulgatives sobre arqueologia fen\u00edcia, p\u00fanica i romana. El 2016 vaig obtenir el certificat I\u00b73 del Ministerio de Ciencia e Innovaci\u00f3n que acredita una traject\u00f2ria investigadora destacada. Forme part del comit\u00e8 que ha obtingut per a la UA el segell de \u201cExcel\u00b7l\u00e8ncia en Recursos Humans d\u2019Investigaci\u00f3\u201d (HRS4R) que garanteix un marc adequat per als investigadors i millora el prestigi i l\u2019actractiu de la carrera cient\u00edfica dins de l\u2019Espai Europeu d\u2019Investigaci\u00f3 (<a href=\"https:\/\/hrs4r.ua.es\/\">https:\/\/hrs4r.ua.es\/<\/a>).<\/p>\n<p>Les meues estades internacionals (Roma, Aix-Marsella, Estrasburg, Oxford, Tun\u00edsia i Berl\u00edn) i la participaci\u00f3 com a docent en m\u00e0sters i doctorats de diverses universitats espanyoles i estrangeres, m&#8217;han perm\u00e8s con\u00e8ixer de primera m\u00e0 el funcionament de l&#8217;EEES (Espai Europeu d&#8217;Educaci\u00f3 Superior) i el pla Bolonya en les seues diverses realitats i \u00e0mbits d&#8217;aprenentatge. Juntament amb la gesti\u00f3 de diferents projectes d&#8217;investigaci\u00f3, en els \u00faltims anys he coordinat en la nostra facultat el M\u00e0ster Universitari en Arqueologia Professional i Gesti\u00f3 Integral del Patrimoni (2015-2019) i les pr\u00e0ctiques externes del grau d&#8217;Hist\u00f2ria (2016-2017). Despr\u00e9s de vint anys dedicat a la direcci\u00f3 d&#8217;excavacions i projectes cient\u00edfics, \u00e9s el moment de posar la meua experi\u00e8ncia a disposici\u00f3 de la facultat a trav\u00e9s de la coordinaci\u00f3 del grau d&#8217;Hist\u00f2ria i el Vicedeganat de Postgrau, at\u00e8s que les pol\u00edtiques educatives es construeixen avui dia a trav\u00e9s d&#8217;una l\u00f2gica de comparacions cont\u00ednues i de l&#8217;establiment de punts de refer\u00e8ncia.<\/p>\n","protected":false},"excerpt":{"rendered":"<p>https:\/\/cvnet.cpd.ua.es\/curriculum-breve\/es\/prados-martinez-fernando\/23666 Doctor en Prehistoria y Arqueolog\u00eda por la Universidad Aut\u00f3noma de Madrid, soy Profesor Titular de Universidad (Arqueolog\u00eda). Con amplia experiencia internacional, me incorpor\u00e9 a la UA en 2009 desarrollando los contratos de investigaci\u00f3n Juan de la Cierva y Ram\u00f3n y Cajal, obtenidos en convocatorias competitivas. Soy autor de m\u00e1s de un centenar de publicaciones [&hellip;]<\/p>\n","protected":false},"author":4504,"featured_media":0,"parent":13,"menu_order":0,"comment_status":"closed","ping_status":"closed","template":"template-full-width.php","meta":{"footnotes":""},"class_list":["post-40","page","type-page","status-publish","hentry"],"_links":{"self":[{"href":"https:\/\/blogs.ua.es\/ferricandidato\/wp-json\/wp\/v2\/pages\/40","targetHints":{"allow":["GET"]}}],"collection":[{"href":"https:\/\/blogs.ua.es\/ferricandidato\/wp-json\/wp\/v2\/pages"}],"about":[{"href":"https:\/\/blogs.ua.es\/ferricandidato\/wp-json\/wp\/v2\/types\/page"}],"author":[{"embeddable":true,"href":"https:\/\/blogs.ua.es\/ferricandidato\/wp-json\/wp\/v2\/users\/4504"}],"replies":[{"embeddable":true,"href":"https:\/\/blogs.ua.es\/ferricandidato\/wp-json\/wp\/v2\/comments?post=40"}],"version-history":[{"count":4,"href":"https:\/\/blogs.ua.es\/ferricandidato\/wp-json\/wp\/v2\/pages\/40\/revisions"}],"predecessor-version":[{"id":76,"href":"https:\/\/blogs.ua.es\/ferricandidato\/wp-json\/wp\/v2\/pages\/40\/revisions\/76"}],"up":[{"embeddable":true,"href":"https:\/\/blogs.ua.es\/ferricandidato\/wp-json\/wp\/v2\/pages\/13"}],"wp:attachment":[{"href":"https:\/\/blogs.ua.es\/ferricandidato\/wp-json\/wp\/v2\/media?parent=40"}],"curies":[{"name":"wp","href":"https:\/\/api.w.org\/{rel}","templated":true}]}}