{"id":63,"date":"2021-11-10T22:37:02","date_gmt":"2021-11-10T22:37:02","guid":{"rendered":"https:\/\/blogs.ua.es\/ferricandidato\/?page_id=63"},"modified":"2025-12-01T19:00:24","modified_gmt":"2025-12-01T19:00:24","slug":"maria-del-mar-garcia-arenas","status":"publish","type":"page","link":"https:\/\/blogs.ua.es\/ferricandidato\/equipo\/maria-del-mar-garcia-arenas\/","title":{"rendered":"Mar\u00eda del Mar Garc\u00eda Arenas"},"content":{"rendered":"<p><img loading=\"lazy\" decoding=\"async\" class=\"aligncenter wp-image-103\" src=\"https:\/\/blogs.ua.es\/ferricandidato\/files\/2021\/11\/Garcia-300x200.jpg\" alt=\"\" width=\"600\" height=\"400\" srcset=\"https:\/\/blogs.ua.es\/ferricandidato\/files\/2021\/11\/Garcia-300x200.jpg 300w, https:\/\/blogs.ua.es\/ferricandidato\/files\/2021\/11\/Garcia-768x512.jpg 768w, https:\/\/blogs.ua.es\/ferricandidato\/files\/2021\/11\/Garcia-75x50.jpg 75w, https:\/\/blogs.ua.es\/ferricandidato\/files\/2021\/11\/Garcia.jpg 800w\" sizes=\"auto, (max-width: 600px) 100vw, 600px\" \/><\/p>\n<p><a href=\"https:\/\/cvnet.cpd.ua.es\/curriculum-breve\/es\/garcia-arenas-maria-del-mar\/14751\">https:\/\/cvnet.cpd.ua.es\/curriculum-breve\/es\/garcia-arenas-maria-del-mar\/14751<\/a><\/p>\n<p>Soy <span style=\"font-weight: 400\">Profesora Contratada Doctora<\/span> de la Universidad de Alicante y colaboradora doctorada del Centro de Humanides-CHAM, adscrito a la Faculdade de Ci\u00eancias Sociais e Humanas \u2013 Universidade Nova de Lisboa e Universidade das A\u00e7ores desde 2018. Tras licenciarme en Historia por la Universidad de Alicante en el a\u00f1o 2000, inici\u00e9 mi relaci\u00f3n acad\u00e9mica e investigadora en el \u00e1rea de Moderna del Departamento de Historia Medieval, Historia Moderna y Ciencias y T\u00e9cnicas Historiogr\u00e1ficas. Fui becaria de colaboraci\u00f3n del Ministerio de Cultura y becaria predoctoral FPU del programa propio la Universidad de Alicante y FPI del Ministerio de Educaci\u00f3n. En el 2011 me doctor\u00e9 en esta Universidad con la tesis, <em>La cuesti\u00f3n jesuita en las relaciones diplom\u00e1ticas hispano-portuguesas (1759-1773)<\/em>, que fue galardonada con Premio Extraordinario de Doctorado y con el premio <em>Luis Diez del Corral 2012<\/em>, concedido por el Centro de Estudios Pol\u00edticos y Constitucionales, del Ministerio de la Presidencia. Despu\u00e9s inici\u00e9 la etapa posdoctoral, primero con una beca de la Generalitat Valenciana (2012-2014) y despu\u00e9s como becaria FCT- Minist\u00e9rio da Educa\u00e7\u00e3o e Ci\u00eancia de Portugal en el CHAM-Centro de Humanidades, en la sede Faculdade de Ci\u00eancias Sociais e Humanas \u2013 Universidade Nova de Lisboa, entre 2014 y 2018. He completado estancias en la Sapienza-Universit\u00e0 di Roma, Universidad Complutense de Madrid y Universidad de Lisboa. Mis l\u00edneas de investigaci\u00f3n se centran en las relaciones diplom\u00e1ticas ib\u00e9ricas y las relaciones Iglesia y Estado durante el Setecientos.<\/p>\n<p>Tras estos a\u00f1os dedicados a la investigaci\u00f3n y mi incorporaci\u00f3n como PDI, ahora se presenta la oportunidad de una ilusionante nueva etapa para trabajar, con un equipo plural y colaborativo, en la gesti\u00f3n de la Facultad de Filosof\u00eda y Letras, donde espero contribuir con mi experiencia en otro centro extranjero, pues las Relaciones Internacionales son un puntal imprescindible para el crecimiento y proyecci\u00f3n de nuestro alumnado, pero tambi\u00e9n para el PDI y PAS. As\u00ed mismo, mi compromiso con el desarrollo de las pol\u00edticas de igualdad en nuestro centro, necesarias para contribuir a la progresi\u00f3n social y acad\u00e9mica.<\/p>\n<hr \/>\n<p>Soc <span style=\"font-weight: 400\">Professora Contractada Doctora<\/span> de la Universitat d&#8217;Alacant i col\u00b7laboradora doctorada del Centro de Humanides-CHAM, adscrit a la Faculdade de Ci\u00eancias Sociais e Humanes \u2013 Universidade Nova de Lisboa e Universidade das A\u00e7ores des de 2018. Despr\u00e9s de llicenciar-me en Hist\u00f2ria a la Universitat d&#8217;Alacant l&#8217;any 2000, vaig comen\u00e7ar la meua relaci\u00f3 acad\u00e8mica i de recerca en l&#8217;\u00e0rea de Moderna en el Departament d&#8217;Hist\u00f2ria Medieval, Hist\u00f2ria Moderna i Ci\u00e8ncies i T\u00e8cniques Historiogr\u00e0fiques. Vaig ser bec\u00e0ria de col\u00b7laboraci\u00f3 del Ministerio de Cultura i bec\u00e0ria predoctoral FPU del programa propi la Universitat d&#8217;Alacant i FPI del Ministerio de Educaci\u00f3n. En el 2011 em vaig doctorar en aquesta universitat amb la tesi, <em>La cuesti\u00f3n jesuita en las relaciones diplom\u00e1ticas hispano-portuguesas (1759-1773)<\/em>), que va obtindre el Premi Extraordinari de Doctorat i el premi <em>Luis Diez del Corral 2012<\/em>, concedit pel Centro de Estudios Pol\u00edticos y Constitucionales del Ministerio de la Presidencia. En l\u2019etapa postdoctoral, primer he obtingut una beca de la Generalitat Valenciana (2012-2014) i despr\u00e9s he sigut bec\u00e0ria FCT- Minist\u00e9rio d\u00f3na Educa\u00e7\u00e3o e Ci\u00eancia de Portugal en el CHAM-Centre d&#8217;Humanitats, en la seu de la Faculdade de Ci\u00eancias Sociais e Humanes \u2013 Universidade Nova de Lisboa, entre el 2014 i 2018. He fet estades en la Sapienza-Universit\u00e0 di Roma, la Universitat Complutense de Madrid i la Universitat de Lisboa. Les meues l\u00ednies de recerca se centren en les relacions diplom\u00e0tiques ib\u00e8riques i les relaciones entre l\u2019Esgl\u00e9sia i l\u2019Estat durant el Set-cents.<\/p>\n<p>Despr\u00e9s d&#8217;aquests anys dedicats a la investigaci\u00f3 i la meua incorporaci\u00f3 com a PDI, ara es presenta l&#8217;oportunitat d&#8217;una nova etapa il\u00b7lusionant per a treballar, amb un equip plural i col\u00b7laboratiu, en la gesti\u00f3 de la Facultat de Filosofia i Lletres, on espere contribuir amb la meua experi\u00e8ncia en un altre centre estranger, perqu\u00e8 les relacions internacionals s\u00f3n un puntal imprescindible per al creixement i projecci\u00f3 del nostre alumnat, per\u00f2 tamb\u00e9 per al PDI i PAS. Aix\u00ed mateix, em compromet amb el desenvolupament de les pol\u00edtiques d&#8217;igualtat en el nostre centre, necess\u00e0ries per a contribuir a la progressi\u00f3 social i acad\u00e8mica.<\/p>\n","protected":false},"excerpt":{"rendered":"<p>https:\/\/cvnet.cpd.ua.es\/curriculum-breve\/es\/garcia-arenas-maria-del-mar\/14751 Soy Profesora Contratada Doctora de la Universidad de Alicante y colaboradora doctorada del Centro de Humanides-CHAM, adscrito a la Faculdade de Ci\u00eancias Sociais e Humanas \u2013 Universidade Nova de Lisboa e Universidade das A\u00e7ores desde 2018. Tras licenciarme en Historia por la Universidad de Alicante en el a\u00f1o 2000, inici\u00e9 mi relaci\u00f3n acad\u00e9mica e [&hellip;]<\/p>\n","protected":false},"author":4504,"featured_media":0,"parent":13,"menu_order":0,"comment_status":"closed","ping_status":"closed","template":"template-full-width.php","meta":{"footnotes":""},"class_list":["post-63","page","type-page","status-publish","hentry"],"_links":{"self":[{"href":"https:\/\/blogs.ua.es\/ferricandidato\/wp-json\/wp\/v2\/pages\/63","targetHints":{"allow":["GET"]}}],"collection":[{"href":"https:\/\/blogs.ua.es\/ferricandidato\/wp-json\/wp\/v2\/pages"}],"about":[{"href":"https:\/\/blogs.ua.es\/ferricandidato\/wp-json\/wp\/v2\/types\/page"}],"author":[{"embeddable":true,"href":"https:\/\/blogs.ua.es\/ferricandidato\/wp-json\/wp\/v2\/users\/4504"}],"replies":[{"embeddable":true,"href":"https:\/\/blogs.ua.es\/ferricandidato\/wp-json\/wp\/v2\/comments?post=63"}],"version-history":[{"count":5,"href":"https:\/\/blogs.ua.es\/ferricandidato\/wp-json\/wp\/v2\/pages\/63\/revisions"}],"predecessor-version":[{"id":320,"href":"https:\/\/blogs.ua.es\/ferricandidato\/wp-json\/wp\/v2\/pages\/63\/revisions\/320"}],"up":[{"embeddable":true,"href":"https:\/\/blogs.ua.es\/ferricandidato\/wp-json\/wp\/v2\/pages\/13"}],"wp:attachment":[{"href":"https:\/\/blogs.ua.es\/ferricandidato\/wp-json\/wp\/v2\/media?parent=63"}],"curies":[{"name":"wp","href":"https:\/\/api.w.org\/{rel}","templated":true}]}}