{"id":2,"date":"2013-05-03T10:36:22","date_gmt":"2013-05-03T10:36:22","guid":{"rendered":"https:\/\/blogs.ua.es\/ffic\/?page_id=2"},"modified":"2013-06-22T20:46:49","modified_gmt":"2013-06-22T20:46:49","slug":"autor","status":"publish","type":"page","link":"https:\/\/blogs.ua.es\/ffic\/autor\/","title":{"rendered":"Autor"},"content":{"rendered":"<p style=\"text-align: justify\"><a href=\"http:\/\/josejoaquinrodesroca.host22.com\"><strong>JOS\u00c9 JOAQU\u00cdN RODES ROCA<\/strong><\/a><\/p>\n<p style=\"text-align: justify\"><a href=\"http:\/\/dfests.ua.es\/va\/\">Departamento de F\u00edsica, Ingenier\u00eda de Sistemas y Teor\u00eda de la Se\u00f1al<\/a><\/p>\n<p style=\"text-align: justify\"><a href=\"http:\/\/iufacyt.ua.es\/va\/\">Instituto Universitario de F\u00edsica Aplicada a les Ciencias y las Tecnolog\u00edas<\/a><\/p>\n<p style=\"text-align: justify\"><a href=\"http:\/\/www.eps.ua.es\/index.phtml?frontal=\">Escuela Polit\u00e9cnica Superior<\/a><\/p>\n<p style=\"text-align: justify\"><a href=\"http:\/\/www.ua.es\/va\/index.html\">Universidad de Alicante<\/a><\/p>\n<p style=\"text-align: justify\"><strong>P\u00e1gina web personal<\/strong>: <a href=\"http:\/\/josejoaquinrodesroca.host22.com\">http:\/\/josejoaquinrodesroca.host22.com<\/a><\/p>\n<p style=\"text-align: justify\"><strong>Blog de la asignatura de Fundamentos f\u00edsicos de las estructuras (editado en valenciano<\/strong>): <a href=\"https:\/\/blogs.ua.es\/jjrr2011\/\">https:\/\/blogs.ua.es\/jjrr2011\/<\/a><\/p>\n<p style=\"text-align: justify\"><strong>Blog del grupo de innovaci\u00f3n tecnol\u00f3gico-educativo de f\u00edsica de las ingenier\u00edas de la Universidad de Alicante (editado en valenciano<\/strong>):<a href=\"https:\/\/blogs.ua.es\/gitefideua\/\"> https:\/\/blogs.ua.es\/gitefideua\/<\/a><\/p>\n<p style=\"text-align: justify\"><strong>Blog del grupo de investigaci\u00f3n en astrof\u00edsica de rayos X (editado en ingl\u00e9s)<\/strong>: <a href=\"https:\/\/blogs.ua.es\/xragua\/\">https:\/\/blogs.ua.es\/xragua\/<\/a><\/p>\n","protected":false},"excerpt":{"rendered":"<p>JOS\u00c9 JOAQU\u00cdN RODES ROCA Departamento de F\u00edsica, Ingenier\u00eda de Sistemas y Teor\u00eda de la Se\u00f1al Instituto Universitario de F\u00edsica Aplicada a les Ciencias y las Tecnolog\u00edas Escuela Polit\u00e9cnica Superior Universidad de Alicante P\u00e1gina web personal: http:\/\/josejoaquinrodesroca.host22.com Blog de la asignatura &hellip; <a href=\"https:\/\/blogs.ua.es\/ffic\/autor\/\">Continue reading <span class=\"meta-nav\">&rarr;<\/span><\/a><\/p>\n","protected":false},"author":2285,"featured_media":0,"parent":0,"menu_order":6,"comment_status":"open","ping_status":"open","template":"","meta":{"footnotes":""},"class_list":["post-2","page","type-page","status-publish","hentry"],"_links":{"self":[{"href":"https:\/\/blogs.ua.es\/ffic\/wp-json\/wp\/v2\/pages\/2","targetHints":{"allow":["GET"]}}],"collection":[{"href":"https:\/\/blogs.ua.es\/ffic\/wp-json\/wp\/v2\/pages"}],"about":[{"href":"https:\/\/blogs.ua.es\/ffic\/wp-json\/wp\/v2\/types\/page"}],"author":[{"embeddable":true,"href":"https:\/\/blogs.ua.es\/ffic\/wp-json\/wp\/v2\/users\/2285"}],"replies":[{"embeddable":true,"href":"https:\/\/blogs.ua.es\/ffic\/wp-json\/wp\/v2\/comments?post=2"}],"version-history":[{"count":5,"href":"https:\/\/blogs.ua.es\/ffic\/wp-json\/wp\/v2\/pages\/2\/revisions"}],"predecessor-version":[{"id":47,"href":"https:\/\/blogs.ua.es\/ffic\/wp-json\/wp\/v2\/pages\/2\/revisions\/47"}],"wp:attachment":[{"href":"https:\/\/blogs.ua.es\/ffic\/wp-json\/wp\/v2\/media?parent=2"}],"curies":[{"name":"wp","href":"https:\/\/api.w.org\/{rel}","templated":true}]}}