{"id":30,"date":"2013-06-22T17:52:07","date_gmt":"2013-06-22T17:52:07","guid":{"rendered":"https:\/\/blogs.ua.es\/ffic\/?page_id=30"},"modified":"2013-06-22T20:48:58","modified_gmt":"2013-06-22T20:48:58","slug":"objetivos","status":"publish","type":"page","link":"https:\/\/blogs.ua.es\/ffic\/objetivos\/","title":{"rendered":"Objetivos"},"content":{"rendered":"<p style=\"text-align: justify\"><strong>Objetivos formativos<\/strong><\/p>\n<p style=\"text-align: justify;padding-left: 30px\">Capacitaci\u00f3n cient\u00edfico-t\u00e9cnica para el ejercicio de la profesi\u00f3n de Ingeniero T\u00e9cnico de Obras P\u00fablicas y conocimiento y ejercicio de las funciones de asesor\u00eda, an\u00e1lisis, planificaci\u00f3n, dise\u00f1o, c\u00e1lculo, proyecto, direcci\u00f3n, construcci\u00f3n, gesti\u00f3n, mantenimiento, conservaci\u00f3n y explotaci\u00f3n en el \u00e1mbito de la Ingenier\u00eda Civil.<\/p>\n<p style=\"text-align: justify;padding-left: 30px\">Comprensi\u00f3n y dominio de los conceptos b\u00e1sicos sobre las leyes generales de la mec\u00e1nica, termodin\u00e1mica, campos y ondas y electromagnetismo y su aplicaci\u00f3n para la resoluci\u00f3n de problemas propios de la ingenier\u00eda.<\/p>\n<p style=\"text-align: justify;padding-left: 30px\">Capacidad de resolver problemas con iniciativa, toma de decisiones, creatividad, y de comunicar y transmitir conocimientos, habilidades y destrezas, comprendiendo la responsabilidad \u00e9tica y profesional de su actividad como Ingeniero\/a Civil.<\/p>\n<p style=\"text-align: justify;padding-left: 30px\">Capacidad para la elaboraci\u00f3n de proyectos respetando la legislaci\u00f3n vigente.<\/p>\n<p style=\"text-align: justify;padding-left: 30px\"><strong>Objetivos espec\u00edficos<\/strong><\/p>\n<ol>\n<li>Adquirir las competencias necesarias para la formaci\u00f3n cient\u00edfica b\u00e1sica del estudiante universitario, especializado en la rama t\u00e9cnica de Ingenier\u00eda Civil.<\/li>\n<li>Conseguir los conocimientos b\u00e1sicos de las leyes y principios de la F\u00edsica, necesarios para poder acceder a la comprensi\u00f3n de las distintas materias que se impartir\u00e1n a lo largo del grado.<\/li>\n<li><span style=\"font-size: medium\"><span>Dar una descripci\u00f3n sencilla y lo m\u00e1s completa posible de mec\u00e1nica, oscilaciones y ondas, termodin\u00e1mica y campos el\u00e9ctrico y magn\u00e9tico; estableciendo las relaciones b\u00e1sicas que existen entre estas partes de la F\u00edsica y otras materias del plan de estudios.<\/span><\/span><\/li>\n<li><span style=\"font-size: medium\"><span>Aprender a utilizar, mediante las pr\u00e1cticas de laboratorio, los aparatos de medida as\u00ed como a tratar estad\u00edsticamente los datos experimentales.<\/span><\/span><\/li>\n<li><span style=\"font-size: medium\"><span>Inculcar al alumnado la importancia del manejo y consulta de bibliograf\u00eda y recursos multimedia relacionados con la f\u00edsica.<br \/>\n<\/span><\/span><\/li>\n<\/ol>\n","protected":false},"excerpt":{"rendered":"<p>Objetivos formativos Capacitaci\u00f3n cient\u00edfico-t\u00e9cnica para el ejercicio de la profesi\u00f3n de Ingeniero T\u00e9cnico de Obras P\u00fablicas y conocimiento y ejercicio de las funciones de asesor\u00eda, an\u00e1lisis, planificaci\u00f3n, dise\u00f1o, c\u00e1lculo, proyecto, direcci\u00f3n, construcci\u00f3n, gesti\u00f3n, mantenimiento, conservaci\u00f3n y explotaci\u00f3n en el \u00e1mbito &hellip; <a href=\"https:\/\/blogs.ua.es\/ffic\/objetivos\/\">Continue reading <span class=\"meta-nav\">&rarr;<\/span><\/a><\/p>\n","protected":false},"author":2285,"featured_media":0,"parent":0,"menu_order":1,"comment_status":"open","ping_status":"open","template":"","meta":{"footnotes":""},"class_list":["post-30","page","type-page","status-publish","hentry"],"_links":{"self":[{"href":"https:\/\/blogs.ua.es\/ffic\/wp-json\/wp\/v2\/pages\/30","targetHints":{"allow":["GET"]}}],"collection":[{"href":"https:\/\/blogs.ua.es\/ffic\/wp-json\/wp\/v2\/pages"}],"about":[{"href":"https:\/\/blogs.ua.es\/ffic\/wp-json\/wp\/v2\/types\/page"}],"author":[{"embeddable":true,"href":"https:\/\/blogs.ua.es\/ffic\/wp-json\/wp\/v2\/users\/2285"}],"replies":[{"embeddable":true,"href":"https:\/\/blogs.ua.es\/ffic\/wp-json\/wp\/v2\/comments?post=30"}],"version-history":[{"count":3,"href":"https:\/\/blogs.ua.es\/ffic\/wp-json\/wp\/v2\/pages\/30\/revisions"}],"predecessor-version":[{"id":69,"href":"https:\/\/blogs.ua.es\/ffic\/wp-json\/wp\/v2\/pages\/30\/revisions\/69"}],"wp:attachment":[{"href":"https:\/\/blogs.ua.es\/ffic\/wp-json\/wp\/v2\/media?parent=30"}],"curies":[{"name":"wp","href":"https:\/\/api.w.org\/{rel}","templated":true}]}}